{"id":27826,"date":"2023-01-24T10:36:59","date_gmt":"2023-07-18T09:00:00","guid":{"rendered":"https:\/\/wildenherbals.com\/shop\/non%20class\u00e9\/tisane-bio-cistea-%c2%b7-boite-de-10-sachets\/"},"modified":"2025-06-17T17:56:41","modified_gmt":"2025-06-17T15:56:41","slug":"cistea-bio-herboristerie-etui-10-sachets","status":"publish","type":"product","link":"https:\/\/wildenherbals.com\/fr\/shop\/tisanes\/cistea-bio-herboristerie-etui-10-sachets\/","title":{"rendered":"CisTea tisane biologique"},"content":{"rendered":"<p><span style=\"font-weight: 400;\">CisTea est une tisane \u00e0 action diur\u00e9tique. La busserole, le gen\u00e9vrier, la pr\u00eale, la groseille et le ma\u00efs favorisent le fonctionnement des voies urinaires, tandis que l&rsquo;ortie et la mauve ont des propri\u00e9t\u00e9s d\u00e9puratives et apaisantes. <\/span><\/p>\n<p><span style=\"font-weight: 400;\">CisTea a des notes herbac\u00e9es de pr\u00eale, mais aussi des notes plus fruit\u00e9es de groseille et des notes florales de fleur de sureau, arrondies par la chaleur de la cannelle. Il en r\u00e9sulte un go\u00fbt d\u00e9licat et riche qui rappelle la douceur des \u00e9pices et le parfum des biscuits fra\u00eechement sortis du four. <\/span><\/p>\n<p><b>Indications pour la consommation<\/b><\/p>\n<p><i><span style=\"font-weight: 400;\">Dose et mode<\/span><\/i><\/p>\n<p><span style=\"font-weight: 400;\">Laissez infuser 1 sachet pendant 7-9 minutes dans 300-500 ml d&rsquo;eau \u00e0 95\u00b0.<\/span><\/p>\n<p><span style=\"font-weight: 400;\">Il est recommand\u00e9 de ne pas d\u00e9passer 2 sachets par jour.<\/span><\/p>\n<p>&nbsp;<\/p>\n<p><i><span style=\"font-weight: 400;\">Les tisanes Wilden.herbals Health sont des compl\u00e9ments alimentaires<\/span><\/i><\/p>\n<p><span style=\"font-weight: 400;\">Ne d\u00e9passez pas la dose journali\u00e8re recommand\u00e9e. Les suppl\u00e9ments ne doivent pas \u00eatre utilis\u00e9s comme substitut d&rsquo;un r\u00e9gime alimentaire vari\u00e9 et d&rsquo;un mode de vie sain. Tenir hors de port\u00e9e des enfants de moins de trois ans. Une consommation excessive peut avoir des effets laxatifs.   <\/span><\/p>\n","protected":false},"excerpt":{"rendered":"<p>CisTea est une tisane \u00e0 action diur\u00e9tique. La busserole, le gen\u00e9vrier, la pr\u00eale, la groseille et le ma\u00efs favorisent le fonctionnement des voies urinaires, tandis que l&rsquo;ortie et la mauve ont des propri\u00e9t\u00e9s d\u00e9puratives et apaisantes. CisTea a des notes herbac\u00e9es de pr\u00eale, mais aussi des notes plus fruit\u00e9es de groseille et des notes florales [&hellip;]<\/p>\n","protected":false},"featured_media":35035,"template":"","meta":{"_acf_changed":false,"inline_featured_image":false,"_mbp_gutenberg_autopost":false},"product_brand":[],"product_cat":[542,544],"product_tag":[545],"partner":[],"line":[539,540],"class_list":{"0":"post-27826","1":"product","2":"type-product","3":"status-publish","4":"has-post-thumbnail","6":"product_cat-tisanes","7":"product_cat-en-sachet","8":"product_tag-bien-etre","9":"line-ligne-health","10":"line-wilden-herbals-health","12":"first","13":"instock","14":"taxable","15":"shipping-taxable","16":"purchasable","17":"product-type-variable"},"bundle_layout":"","bundled_by":[],"bundled_items":[],"acf":[],"_links":{"self":[{"href":"https:\/\/wildenherbals.com\/fr\/wp-json\/wp\/v2\/product\/27826","targetHints":{"allow":["GET"]}}],"collection":[{"href":"https:\/\/wildenherbals.com\/fr\/wp-json\/wp\/v2\/product"}],"about":[{"href":"https:\/\/wildenherbals.com\/fr\/wp-json\/wp\/v2\/types\/product"}],"wp:featuredmedia":[{"embeddable":true,"href":"https:\/\/wildenherbals.com\/fr\/wp-json\/wp\/v2\/media\/35035"}],"wp:attachment":[{"href":"https:\/\/wildenherbals.com\/fr\/wp-json\/wp\/v2\/media?parent=27826"}],"wp:term":[{"taxonomy":"product_brand","embeddable":true,"href":"https:\/\/wildenherbals.com\/fr\/wp-json\/wp\/v2\/product_brand?post=27826"},{"taxonomy":"product_cat","embeddable":true,"href":"https:\/\/wildenherbals.com\/fr\/wp-json\/wp\/v2\/product_cat?post=27826"},{"taxonomy":"product_tag","embeddable":true,"href":"https:\/\/wildenherbals.com\/fr\/wp-json\/wp\/v2\/product_tag?post=27826"},{"taxonomy":"partner","embeddable":true,"href":"https:\/\/wildenherbals.com\/fr\/wp-json\/wp\/v2\/partner?post=27826"},{"taxonomy":"line","embeddable":true,"href":"https:\/\/wildenherbals.com\/fr\/wp-json\/wp\/v2\/line?post=27826"}],"curies":[{"name":"wp","href":"https:\/\/api.w.org\/{rel}","templated":true}]}}