{"id":26528,"date":"2023-07-18T10:24:56","date_gmt":"2023-07-18T08:24:56","guid":{"rendered":"https:\/\/wildenherbals.com\/politique-de-confidentialite\/"},"modified":"2025-05-30T15:49:07","modified_gmt":"2025-05-30T13:49:07","slug":"politique-de-confidentialite","status":"publish","type":"page","link":"https:\/\/wildenherbals.com\/fr\/politique-de-confidentialite\/","title":{"rendered":"Politique de confidentialit\u00e9"},"content":{"rendered":"\n<p>Le pr\u00e9sent document (ci-apr\u00e8s d\u00e9nomm\u00e9<strong>\u00a0\u00bb Politique de confidentialit\u00e9<\/strong>\u00ab\u00a0) a pour objet d&rsquo;informer les Utilisateurs sur les donn\u00e9es \u00e0 caract\u00e8re personnel, entendues comme toute information permettant d&rsquo;identifier une personne physique (ci-apr\u00e8s d\u00e9nomm\u00e9es \u00ab\u00a0<strong>Donn\u00e9es personnelles<\/strong>\u00ab\u00a0), collect\u00e9es par le site web www.wildenherbals.com (ci-apr\u00e8s d\u00e9nomm\u00e9 <strong>\u00a0\u00bb Application \u00ab\u00a0)<\/strong>.<\/p>\n\n<p>Le responsable du traitement des donn\u00e9es, tel qu&rsquo;identifi\u00e9 ci-dessous, peut modifier ou simplement mettre \u00e0 jour tout ou partie de la pr\u00e9sente politique en informant les utilisateurs. Les modifications et les mises \u00e0 jour seront contraignantes d\u00e8s qu&rsquo;elles seront publi\u00e9es sur l&rsquo;application. L&rsquo;Utilisateur est donc invit\u00e9 \u00e0 lire la Politique de confidentialit\u00e9 chaque fois qu&rsquo;il acc\u00e8de \u00e0 l&rsquo;Application.<\/p>\n\n<p>Si vous n&rsquo;acceptez pas les modifications apport\u00e9es \u00e0 la politique de confidentialit\u00e9, vous devez cesser d&rsquo;utiliser cette application et pouvez demander au contr\u00f4leur des donn\u00e9es de supprimer vos donn\u00e9es personnelles.<\/p>\n\n<ol class=\"wp-block-list\"><li>Donn\u00e9es personnelles collect\u00e9es par l&rsquo;application Le Propri\u00e9taire collecte les types de donn\u00e9es personnelles suivants :<ol type=\"A\"><li><strong>Contenu et informations fournis volontairement par<\/strong>l&rsquo;UtilisateurLa non-fourniture par l&rsquo;Utilisateur des Donn\u00e9es Personnelles, pour lesquelles il existe une obligation l\u00e9gale ou contractuelle ou si elles constituent une condition n\u00e9cessaire \u00e0 l&rsquo;utilisation du service ou \u00e0 la conclusion du contrat, entra\u00eenera l&rsquo;impossibilit\u00e9 pour le Responsable du traitement de fournir tout ou partie de ses services.L&rsquo;Utilisateur qui communique au Responsable du traitement des Donn\u00e9es Personnelles de tiers est directement et exclusivement responsable de leur origine, de leur collecte, de leur traitement, de leur communication ou de leur diffusion.<ul><li><strong>Donn\u00e9es de contact et contenu :<\/strong> il s&rsquo;agit des donn\u00e9es personnelles que l&rsquo;utilisateur fournit volontairement \u00e0 l&rsquo;application lors de son utilisation, telles que les donn\u00e9es personnelles, les coordonn\u00e9es, les identifiants d&rsquo;acc\u00e8s aux services et\/ou produits fournis, les int\u00e9r\u00eats personnels et les pr\u00e9f\u00e9rences et autres contenus personnels, etc.<\/li><li><strong>Donn\u00e9es sensibles :<\/strong> donn\u00e9es \u00e0 caract\u00e8re personnel qui r\u00e9v\u00e8lent l&rsquo;origine raciale ou ethnique, les opinions politiques, les convictions religieuses ou philosophiques, l&rsquo;appartenance syndicale, ainsi que les donn\u00e9es g\u00e9n\u00e9tiques, les donn\u00e9es biom\u00e9triques destin\u00e9es \u00e0 identifier une personne physique de mani\u00e8re unique, les donn\u00e9es relatives \u00e0 la sant\u00e9 ou \u00e0 la vie sexuelle ou \u00e0 l&rsquo;orientation sexuelle d&rsquo;une personne.<\/li><li><strong>Donn\u00e9es personnelles collect\u00e9es par les m\u00e9dias sociaux :<\/strong> les utilisateurs peuvent partager les donn\u00e9es fournies aux m\u00e9dias sociaux avec l&rsquo;application. L&rsquo;utilisateur peut contr\u00f4ler les donn\u00e9es personnelles auxquelles l&rsquo;application peut acc\u00e9der par le biais des param\u00e8tres de confidentialit\u00e9 disponibles dans le m\u00e9dia social concern\u00e9. En associant des comptes g\u00e9r\u00e9s par les m\u00e9dias sociaux \u00e0 l&rsquo;application et en autorisant le contr\u00f4leur \u00e0 acc\u00e9der \u00e0 ces donn\u00e9es personnelles, l&rsquo;utilisateur consent \u00e0 l&rsquo;acquisition, au traitement et au stockage de ces donn\u00e9es personnelles conform\u00e9ment \u00e0 la pr\u00e9sente politique de confidentialit\u00e9.<\/li><\/ul><\/li><li><strong>Les donn\u00e9es et le contenu acquis automatiquement lors de l&rsquo;utilisation de l&rsquo;application :<\/strong><ul><li><strong>Donn\u00e9es techniques :<\/strong> les syst\u00e8mes informatiques et les proc\u00e9dures logicielles utilis\u00e9s pour faire fonctionner cette application peuvent acqu\u00e9rir, au cours de leur fonctionnement normal, certaines donn\u00e9es personnelles dont la transmission est implicite dans l&rsquo;utilisation des protocoles de communication Internet. Ces informations ne sont pas collect\u00e9es dans le but d&rsquo;\u00eatre associ\u00e9es \u00e0 des utilisateurs identifi\u00e9s, mais, de par leur nature m\u00eame, elles pourraient, par le biais du traitement et de l&rsquo;association avec des donn\u00e9es d\u00e9tenues par des tiers, permettre d&rsquo;identifier les utilisateurs. Cette cat\u00e9gorie comprend les adresses IP ou les noms de domaine utilis\u00e9s par les utilisateurs qui se connectent \u00e0 l&rsquo;application, les adresses de notation URI (Uniform Resource Identifier) des ressources demand\u00e9es, l&rsquo;heure de la demande, la m\u00e9thode utilis\u00e9e pour soumettre la demande au serveur, la taille du fichier obtenu, etc.<\/li><li><strong>Donn\u00e9es d&rsquo;utilisation :<\/strong> des donn\u00e9es personnelles relatives \u00e0 l&rsquo;utilisation de l&rsquo;application par l&rsquo;utilisateur peuvent \u00e9galement \u00eatre collect\u00e9es, telles que les pages visit\u00e9es, les actions effectu\u00e9es, les fonctions et les services utilis\u00e9s.<\/li><li><strong>Donn\u00e9es de g\u00e9olocalisation :<\/strong> l&rsquo;application peut collecter des donn\u00e9es personnelles sur l&#8217;emplacement de l&rsquo;utilisateur, qui peuvent \u00eatre des donn\u00e9es GNSS (Global Navigation Satellite System), telles que des donn\u00e9es GPS, ainsi que des donn\u00e9es identifiant le r\u00e9p\u00e9teur le plus proche, les points d&rsquo;acc\u00e8s Wi-Fi et Bluetooth, communiqu\u00e9es lors de l&rsquo;activation de produits ou de fonctions bas\u00e9s sur l&#8217;emplacement.<\/li><\/ul><\/li><li><strong>Donn\u00e9es personnelles collect\u00e9es par le biais de cookies ou de technologies similaires :<\/strong>L&rsquo;application utilise des cookies, des balises web, des identifiants uniques et d&rsquo;autres technologies similaires pour collecter des donn\u00e9es personnelles sur les pages, les liens que vous visitez et d&rsquo;autres actions que vous effectuez lorsque vous utilisez nos services. L&rsquo;utilisateur peut consulter l&rsquo;int\u00e9gralit\u00e9 de la politique en mati\u00e8re de cookies \u00e0 l&rsquo;adresse suivante : https:\/\/wildenherbals.com\/cookie-policy.<\/li><\/ol><\/li><li>Finalit\u00e9s Les donn\u00e9es \u00e0 caract\u00e8re personnel collect\u00e9es peuvent \u00eatre utilis\u00e9es pour l&rsquo;ex\u00e9cution d&rsquo;obligations contractuelles et pr\u00e9contractuelles et d&rsquo;obligations l\u00e9gales ainsi que pour les finalit\u00e9s suivantes :<ul><li><strong>Enregistrement et authentification de l&rsquo;utilisateur :<\/strong> pour permettre \u00e0 l&rsquo;utilisateur de s&rsquo;enregistrer sur l&rsquo;application afin d&rsquo;acc\u00e9der et d&rsquo;\u00eatre identifi\u00e9.<\/li><li><strong>Traitement externe des paiements par carte de cr\u00e9dit, virement bancaire ou autres moyens :<\/strong> pour traiter les paiements des utilisateurs via des plateformes externes qui acqui\u00e8rent les donn\u00e9es de paiement sans que le propri\u00e9taire de l&rsquo;application y ait acc\u00e8s. Les donn\u00e9es personnelles sont communiqu\u00e9es \u00e0 https:\/\/stripe.com\/it\/privacy.<\/li><li><strong>Envoi de courriers \u00e9lectroniques ou de lettres d&rsquo;information et gestion de listes de diffusion :<\/strong> pour contacter l&rsquo;Utilisateur avec des courriers \u00e9lectroniques contenant des informations commerciales et promotionnelles relatives \u00e0 l&rsquo;Application. Les Donn\u00e9es Personnelles sont communiqu\u00e9es \u00e0 https:\/\/mailchimp.com\/legal\/privacy\/.<\/li><li><strong>Stockage, h\u00e9bergement et gestion de l&rsquo;infrastructure dorsale :<\/strong> gestion de l&rsquo;infrastructure technique pour le stockage des donn\u00e9es des utilisateurs. Les donn\u00e9es personnelles sont communiqu\u00e9es \u00e0 https:\/\/www.ovh.it\/protezione-dati-personali\/.<\/li><li><strong>Statistiques uniquement avec des donn\u00e9es anonymes :<\/strong> pour effectuer des analyses statistiques bas\u00e9es sur des donn\u00e9es agr\u00e9g\u00e9es ou des donn\u00e9es qui ne permettent pas d&rsquo;identifier l&rsquo;utilisateur. Les donn\u00e9es personnelles sont divulgu\u00e9es \u00e0 https:\/\/policies.google.com\/privacy.<\/li><\/ul><\/li><li>M\u00e9thodes de traitementLe traitement des donn\u00e9es personnelles est effectu\u00e9 \u00e0 l&rsquo;aide d&rsquo;outils informatiques et\/ou t\u00e9l\u00e9matiques, avec des m\u00e9thodes d&rsquo;organisation et une logique strictement li\u00e9es aux finalit\u00e9s indiqu\u00e9es. Dans certains cas, des sujets impliqu\u00e9s dans l&rsquo;organisation du Responsable du traitement (tels que, par exemple, le personnel de gestion du personnel, le personnel commercial, les administrateurs de syst\u00e8mes, etc.) ou des sujets externes (tels que les soci\u00e9t\u00e9s informatiques, les fournisseurs de services, les courriers postaux, les fournisseurs d&rsquo;h\u00e9bergement, etc.) peuvent \u00e9galement avoir acc\u00e8s aux Donn\u00e9es Personnelles. Ces personnes peuvent \u00eatre d\u00e9sign\u00e9es comme responsables du traitement des donn\u00e9es par le contr\u00f4leur et peuvent avoir acc\u00e8s aux donn\u00e9es personnelles des utilisateurs chaque fois que cela est n\u00e9cessaire et seront contractuellement tenues de garder les donn\u00e9es personnelles confidentielles. La liste mise \u00e0 jour des responsables du traitement des donn\u00e9es peut \u00eatre demand\u00e9e par courrier \u00e9lectronique \u00e0 l&rsquo;adresse info@wildenherbals.com.<\/li><li>Base juridique du traitementLe traitement des donn\u00e9es personnelles relatives \u00e0 l&rsquo;utilisateur repose sur les bases juridiques suivantes : Vous pouvez toujours demander au responsable du traitement de pr\u00e9ciser la base juridique de chaque traitement \u00e0 l&rsquo;adresse info@wildenherbals.com.<ul><li>le consentement donn\u00e9 par l&rsquo;utilisateur \u00e0 une ou plusieurs fins sp\u00e9cifiques ;<\/li><li>le traitement est n\u00e9cessaire \u00e0 l&rsquo;ex\u00e9cution d&rsquo;un contrat avec l&rsquo;utilisateur et\/ou \u00e0 l&rsquo;ex\u00e9cution de mesures pr\u00e9contractuelles<\/li><li>le traitement est n\u00e9cessaire pour respecter une obligation l\u00e9gale \u00e0 laquelle le contr\u00f4leur est soumis<\/li><li>le traitement est n\u00e9cessaire \u00e0 l&rsquo;ex\u00e9cution d&rsquo;une t\u00e2che effectu\u00e9e dans l&rsquo;int\u00e9r\u00eat public ou dans l&rsquo;exercice de l&rsquo;autorit\u00e9 publique dont est investi le responsable du traitement<\/li><li>le traitement est n\u00e9cessaire \u00e0 la poursuite de l&rsquo;int\u00e9r\u00eat l\u00e9gitime du contr\u00f4leur ou de tiers<\/li><li>le traitement est n\u00e9cessaire \u00e0 la poursuite d&rsquo;un int\u00e9r\u00eat vital du contr\u00f4leur ou d&rsquo;un tiers.<\/li><\/ul><\/li><li>LocalisationLes donn\u00e9es \u00e0 caract\u00e8re personnel sont trait\u00e9es dans les locaux du contr\u00f4leur des donn\u00e9es et dans tout autre lieu o\u00f9 se trouvent les parties impliqu\u00e9es dans le traitement. Pour de plus amples informations, veuillez contacter le propri\u00e9taire \u00e0 l&rsquo;adresse \u00e9lectronique suivante : info@wildenherbals.com ou \u00e0 l&rsquo;adresse postale suivante : via carlo farini 6, Milano 20154 Italy.<\/li><li>Mesures de s\u00e9curit\u00e9Le traitement est effectu\u00e9 d&rsquo;une mani\u00e8re et avec des instruments qui garantissent la s\u00e9curit\u00e9 et la confidentialit\u00e9 des donn\u00e9es \u00e0 caract\u00e8re personnel, le responsable du traitement ayant adopt\u00e9 des mesures techniques et organisationnelles appropri\u00e9es qui garantissent, et permettent de d\u00e9montrer, que le traitement est effectu\u00e9 conform\u00e9ment \u00e0 la l\u00e9gislation applicable.<\/li><li>P\u00e9riode de conservation des donn\u00e9esLes donn\u00e9es personnelles sont conserv\u00e9es pendant la p\u00e9riode n\u00e9cessaire pour atteindre les objectifs pour lesquels elles ont \u00e9t\u00e9 collect\u00e9es. En particulier, les donn\u00e9es personnelles sont conserv\u00e9es pendant toute la dur\u00e9e de la relation contractuelle, pour l&rsquo;ex\u00e9cution des obligations inh\u00e9rentes et de leurs cons\u00e9quences, pour le respect des obligations l\u00e9gales et r\u00e9glementaires applicables, ainsi qu&rsquo;\u00e0 des fins de d\u00e9fense de l&rsquo;entreprise ou de tiers.Lorsque le traitement des donn\u00e9es personnelles est bas\u00e9 sur le consentement de l&rsquo;utilisateur, le contr\u00f4leur peut conserver les donn\u00e9es personnelles jusqu&rsquo;\u00e0 ce que le consentement soit r\u00e9voqu\u00e9.Les donn\u00e9es personnelles peuvent \u00eatre conserv\u00e9es pendant une p\u00e9riode plus longue si cela est n\u00e9cessaire pour remplir une obligation l\u00e9gale ou sur ordre d&rsquo;une autorit\u00e9.Toutes les donn\u00e9es personnelles seront supprim\u00e9es ou conserv\u00e9es sous une forme qui ne permet pas d&rsquo;identifier l&rsquo;utilisateur dans les 30 jours qui suivent la fin de la p\u00e9riode de conservation. A l&rsquo;issue de cette p\u00e9riode, le droit d&rsquo;acc\u00e8s, d&rsquo;annulation, de rectification et le droit \u00e0 la portabilit\u00e9 des donn\u00e9es personnelles ne peuvent plus \u00eatre exerc\u00e9s.<\/li><li>Processus de prise de d\u00e9cision automatis\u00e9e Toutes les donn\u00e9es \u00e0 caract\u00e8re personnel collect\u00e9es ne seront soumises \u00e0 aucun processus de prise de d\u00e9cision automatis\u00e9e, y compris le profilage, susceptible de produire des effets juridiques pour l&rsquo;individu ou de l&rsquo;affecter de mani\u00e8re significative.<\/li><li>Droits de l&rsquo;utilisateurLes utilisateurs peuvent exercer certains droits en ce qui concerne les donn\u00e9es personnelles trait\u00e9es par le contr\u00f4leur. En particulier, les utilisateurs ont le droit de : Pour exercer leurs droits, les utilisateurs peuvent adresser une demande aux coordonn\u00e9es du contr\u00f4leur indiqu\u00e9es dans le pr\u00e9sent document. Les demandes sont gratuites et trait\u00e9es par le titulaire le plus rapidement possible, en tout cas dans un d\u00e9lai de 30 jours.<ul><li>retirer son consentement \u00e0 tout moment ;<\/li><li>s&rsquo;opposer au traitement de leurs donn\u00e9es personnelles ;<\/li><li>d&rsquo;acc\u00e9der \u00e0 leurs donn\u00e9es personnelles ;<\/li><li>v\u00e9rifier et demander la rectification ;<\/li><li>obtenir la limitation du traitement ;<\/li><li>obtenir la suppression de leurs donn\u00e9es personnelles ;<\/li><li>recevoir leurs donn\u00e9es \u00e0 caract\u00e8re personnel ou les faire transf\u00e9rer \u00e0 un autre responsable du traitement ;<\/li><li>d\u00e9poser une plainte aupr\u00e8s de l&rsquo;autorit\u00e9 de contr\u00f4le de la protection des donn\u00e9es et\/ou intenter une action en justice.<\/li><\/ul><\/li><li>Le contr\u00f4leur des donn\u00e9es est Wilden srl, dont le si\u00e8ge social est situ\u00e9 Via Carlo Farini 6, 20154, Milan, code fiscal\/num\u00e9ro de TVA IT10575530968, adresse \u00e9lectronique info@wildenherbals.com.<\/li><\/ol>\n\n<p>Derni\u00e8re mise \u00e0 jour : 13\/07\/2020<\/p>\n","protected":false},"excerpt":{"rendered":"<p>Le pr\u00e9sent document (ci-apr\u00e8s d\u00e9nomm\u00e9\u00a0\u00bb Politique de confidentialit\u00e9\u00ab\u00a0) a pour objet d&rsquo;informer les Utilisateurs sur les donn\u00e9es \u00e0 caract\u00e8re personnel, entendues comme toute information permettant d&rsquo;identifier une personne physique (ci-apr\u00e8s d\u00e9nomm\u00e9es \u00ab\u00a0Donn\u00e9es personnelles\u00ab\u00a0), collect\u00e9es par le site web www.wildenherbals.com (ci-apr\u00e8s d\u00e9nomm\u00e9 \u00a0\u00bb Application \u00ab\u00a0). Le responsable du traitement des donn\u00e9es, tel qu&rsquo;identifi\u00e9 ci-dessous, peut modifier [&hellip;]<\/p>\n","protected":false},"author":2,"featured_media":0,"parent":0,"menu_order":0,"comment_status":"closed","ping_status":"open","template":"","meta":{"_acf_changed":false,"inline_featured_image":false,"_mbp_gutenberg_autopost":false,"footnotes":""},"class_list":["post-26528","page","type-page","status-publish","hentry"],"acf":[],"_links":{"self":[{"href":"https:\/\/wildenherbals.com\/fr\/wp-json\/wp\/v2\/pages\/26528","targetHints":{"allow":["GET"]}}],"collection":[{"href":"https:\/\/wildenherbals.com\/fr\/wp-json\/wp\/v2\/pages"}],"about":[{"href":"https:\/\/wildenherbals.com\/fr\/wp-json\/wp\/v2\/types\/page"}],"author":[{"embeddable":true,"href":"https:\/\/wildenherbals.com\/fr\/wp-json\/wp\/v2\/users\/2"}],"replies":[{"embeddable":true,"href":"https:\/\/wildenherbals.com\/fr\/wp-json\/wp\/v2\/comments?post=26528"}],"version-history":[{"count":2,"href":"https:\/\/wildenherbals.com\/fr\/wp-json\/wp\/v2\/pages\/26528\/revisions"}],"predecessor-version":[{"id":40380,"href":"https:\/\/wildenherbals.com\/fr\/wp-json\/wp\/v2\/pages\/26528\/revisions\/40380"}],"wp:attachment":[{"href":"https:\/\/wildenherbals.com\/fr\/wp-json\/wp\/v2\/media?parent=26528"}],"curies":[{"name":"wp","href":"https:\/\/api.w.org\/{rel}","templated":true}]}}