{"id":26470,"date":"2023-07-18T10:24:04","date_gmt":"2023-07-18T08:24:04","guid":{"rendered":"https:\/\/wildenherbals.com\/partenaires\/"},"modified":"2025-05-31T15:21:11","modified_gmt":"2025-05-31T13:21:11","slug":"partners","status":"publish","type":"page","link":"https:\/\/wildenherbals.com\/fr\/partners\/","title":{"rendered":"Partenaires"},"content":{"rendered":"\n<p>Le soin, l&rsquo;attention port\u00e9e aux d\u00e9tails et \u00e0 la qualit\u00e9, la cr\u00e9ativit\u00e9 et l&rsquo;exp\u00e9rimentation ne sont que quelques-unes des caract\u00e9ristiques des entreprises partenaires que nous avons s\u00e9lectionn\u00e9es.<\/p>\n\n<p>Ce projet d\u00e9coule de l&rsquo;envie de cr\u00e9er un syst\u00e8me,<br\/>, pour cr\u00e9er un r\u00e9seau vertueux de produits et d&rsquo;artisans capables de vous enthousiasmer. Tous les jours.<\/p>\n","protected":false},"excerpt":{"rendered":"<p>Le soin, l&rsquo;attention port\u00e9e aux d\u00e9tails et \u00e0 la qualit\u00e9, la cr\u00e9ativit\u00e9 et l&rsquo;exp\u00e9rimentation ne sont que quelques-unes des caract\u00e9ristiques des entreprises partenaires que nous avons s\u00e9lectionn\u00e9es. Ce projet d\u00e9coule de l&rsquo;envie de cr\u00e9er un syst\u00e8me,, pour cr\u00e9er un r\u00e9seau vertueux de produits et d&rsquo;artisans capables de vous enthousiasmer. Tous les jours.<\/p>\n","protected":false},"author":2,"featured_media":0,"parent":0,"menu_order":0,"comment_status":"closed","ping_status":"closed","template":"","meta":{"_acf_changed":false,"inline_featured_image":false,"_mbp_gutenberg_autopost":false,"footnotes":""},"class_list":["post-26470","page","type-page","status-publish","hentry"],"acf":[],"_links":{"self":[{"href":"https:\/\/wildenherbals.com\/fr\/wp-json\/wp\/v2\/pages\/26470","targetHints":{"allow":["GET"]}}],"collection":[{"href":"https:\/\/wildenherbals.com\/fr\/wp-json\/wp\/v2\/pages"}],"about":[{"href":"https:\/\/wildenherbals.com\/fr\/wp-json\/wp\/v2\/types\/page"}],"author":[{"embeddable":true,"href":"https:\/\/wildenherbals.com\/fr\/wp-json\/wp\/v2\/users\/2"}],"replies":[{"embeddable":true,"href":"https:\/\/wildenherbals.com\/fr\/wp-json\/wp\/v2\/comments?post=26470"}],"version-history":[{"count":3,"href":"https:\/\/wildenherbals.com\/fr\/wp-json\/wp\/v2\/pages\/26470\/revisions"}],"predecessor-version":[{"id":44162,"href":"https:\/\/wildenherbals.com\/fr\/wp-json\/wp\/v2\/pages\/26470\/revisions\/44162"}],"wp:attachment":[{"href":"https:\/\/wildenherbals.com\/fr\/wp-json\/wp\/v2\/media?parent=26470"}],"curies":[{"name":"wp","href":"https:\/\/api.w.org\/{rel}","templated":true}]}}