{"id":26461,"date":"2023-07-18T10:24:00","date_gmt":"2023-07-18T08:24:00","guid":{"rendered":"https:\/\/wildenherbals.com\/comment-fonctionne-un-abonnement\/"},"modified":"2025-05-30T15:48:46","modified_gmt":"2025-05-30T13:48:46","slug":"comment-fonctionne-un-abonnement","status":"publish","type":"page","link":"https:\/\/wildenherbals.com\/fr\/comment-fonctionne-un-abonnement\/","title":{"rendered":"Comment fonctionne un abonnement ?"},"content":{"rendered":"&#13;\n<p>L&rsquo;abonnement \u00e0 <em>Wilden.herbals<\/em> vous permet de recevoir chez vous, tous les trimestres, un <strong>m\u00e9lange de tisanes de<\/strong> votre choix de la gamme <em>Remedia<\/em>.<\/p>&#13;\n&#13;\n<p><strong>Combien de tisanes ?  <\/strong><\/p>&#13;\n&#13;\n<p>Au moment de l&rsquo;achat, vous pouvez choisir la tisane que vous pr\u00e9f\u00e9rez et la quantit\u00e9 qui vous convient le mieux : <strong>60, 90, 150 ou 300 sachets<\/strong>.<\/p>&#13;\n&#13;\n<p><strong>Pourquoi s&rsquo;abonner ?<\/strong><\/p>&#13;\n&#13;\n<p>La cadence fixe &#8211; tous les trois mois &#8211; nous permet de r\u00e9duire le nombre d&rsquo;envois afin d&rsquo;avoir un impact \u00e9cologique moindre et vous aide \u00e0 choisir le nombre de tisanes qui vous convient le mieux : combien en boirez-vous au cours des trois prochains mois ? 60, 90 o 150 ?<\/p>&#13;\n&#13;\n<p><strong>Quels sont les avantages de l&rsquo;abonnement ?<\/strong><\/p>&#13;\n&#13;\n<p>En outre, \u00e0 chaque livraison, vous recevrez un <strong>cadeau de <\/strong>notre part refl\u00e9tant la saisonnalit\u00e9 actuelle &#8211; pensiez-vous que chaque fois que vous recevrez des tisanes, vous serez dans une saison diff\u00e9rente ? &#8211; et une copie PDF de notre <strong>magazine<\/strong>.<\/p>&#13;\n&#13;\n<p>Une fois que vous avez ajout\u00e9 l&rsquo;abonnement \u00e0 votre panier, vous pouvez poursuivre vos achats ou proc\u00e9der au paiement. Il vous sera demand\u00e9 de payer la premi\u00e8re cotisation trimestrielle (47,50 \u20ac pour 60 sachets, 71,50 \u20ac pour 90 sachets et 118,00 \u20ac pour 150 sachets).<\/p>&#13;\n&#13;\n<p><strong>Quelle est la dur\u00e9e d&rsquo;un abonnement ?  <\/strong><\/p>&#13;\n&#13;\n<p>Une fois activ\u00e9, l&rsquo;abonnement restera actif jusqu&rsquo;\u00e0 ce que vous d\u00e9cidiez de le suspendre. Tous les 3 mois, le syst\u00e8me effectuera le paiement \u00e0 l&rsquo;aide de la carte de cr\u00e9dit que vous avez saisie. <strong>Vous ne pouvez pas utiliser PayPal ou SatiSpay comme m\u00e9thode de paiement pour votre abonnement<\/strong>.<\/p>&#13;\n&#13;\n<p>Pour suspendre votre abonnement, vous pouvez cliquer sur le bouton \u00ab\u00a0Annuler\u00a0\u00bb dans l&rsquo;onglet \u00ab\u00a0Abonnements\u00a0\u00bb de votre compte.<\/p>&#13;\n&#13;\n<p><strong>Combien de personnes peuvent utiliser l&rsquo;abonnement ?<\/strong><\/p>&#13;\n&#13;\n<p>Jusqu&rsquo;\u00e0 3 personnes ! Vous pouvez partager votre abonnement Wilden.herbals avec vos coll\u00e8gues et amis.  <br\/>Il vous suffit d&rsquo;indiquer le nom, le pr\u00e9nom et l&rsquo;e-mail des personnes qui partageront avec vous les tisanes et leurs bienfaits.  <\/p>&#13;\n&#13;\n<p><strong>Est-il possible de modifier la quantit\u00e9\/le type de tisanes dans mon abonnement ?<\/strong><\/p>&#13;\n&#13;\n<p>Pour <strong>modifier la composition de votre abonnement<\/strong> ou la <strong>quantit\u00e9 de<\/strong> sachets que vous souhaitez recevoir, \u00e9crivez un e-mail \u00e0 <a href=\"mailto:info@wildenherbals.com\">info@wildenherbals.com<\/a> en indiquant votre num\u00e9ro d&rsquo;abonnement et les modifications que vous souhaitez apporter. Veuillez demander toute modification jusqu&rsquo;\u00e0 7 jours avant la prochaine soumission afin que nous puissions prendre en charge votre demande.<\/p>&#13;\n&#13;\n<p>Pour toute information, n&rsquo;h\u00e9sitez pas \u00e0 \u00e9crire \u00e0 notre <em>service client\u00e8le<\/em> en cliquant sur l&rsquo;ic\u00f4ne en bas \u00e0 droite ou en envoyant un e-mail \u00e0 <a href=\"mailto:info@wildenherbals.com\">info@wildenherbals.com<\/a>.<\/p>&#13;\n&#13;\n<p>Profitez de votre abonnement !<\/p>&#13;\n&#13;\n<p>#ShareYourNature<\/p>&#13;\n","protected":false},"excerpt":{"rendered":"<p>&#13; L&rsquo;abonnement \u00e0 Wilden.herbals vous permet de recevoir chez vous, tous les trimestres, un m\u00e9lange de tisanes de votre choix de la gamme Remedia. &#13; &#13; Combien de tisanes ? &#13; &#13; Au moment de l&rsquo;achat, vous pouvez choisir la tisane que vous pr\u00e9f\u00e9rez et la quantit\u00e9 qui vous convient le mieux : 60, 90, [&hellip;]<\/p>\n","protected":false},"author":2,"featured_media":0,"parent":0,"menu_order":0,"comment_status":"closed","ping_status":"closed","template":"","meta":{"_acf_changed":false,"inline_featured_image":false,"_mbp_gutenberg_autopost":false,"footnotes":""},"class_list":["post-26461","page","type-page","status-publish","hentry"],"acf":[],"_links":{"self":[{"href":"https:\/\/wildenherbals.com\/fr\/wp-json\/wp\/v2\/pages\/26461","targetHints":{"allow":["GET"]}}],"collection":[{"href":"https:\/\/wildenherbals.com\/fr\/wp-json\/wp\/v2\/pages"}],"about":[{"href":"https:\/\/wildenherbals.com\/fr\/wp-json\/wp\/v2\/types\/page"}],"author":[{"embeddable":true,"href":"https:\/\/wildenherbals.com\/fr\/wp-json\/wp\/v2\/users\/2"}],"replies":[{"embeddable":true,"href":"https:\/\/wildenherbals.com\/fr\/wp-json\/wp\/v2\/comments?post=26461"}],"version-history":[{"count":2,"href":"https:\/\/wildenherbals.com\/fr\/wp-json\/wp\/v2\/pages\/26461\/revisions"}],"predecessor-version":[{"id":40349,"href":"https:\/\/wildenherbals.com\/fr\/wp-json\/wp\/v2\/pages\/26461\/revisions\/40349"}],"wp:attachment":[{"href":"https:\/\/wildenherbals.com\/fr\/wp-json\/wp\/v2\/media?parent=26461"}],"curies":[{"name":"wp","href":"https:\/\/api.w.org\/{rel}","templated":true}]}}