{"id":26442,"date":"2023-07-18T10:23:52","date_gmt":"2023-07-18T08:23:52","guid":{"rendered":"https:\/\/wildenherbals.com\/bulletin-dinformation\/"},"modified":"2025-05-30T15:48:39","modified_gmt":"2025-05-30T13:48:39","slug":"bulletin-dinformation","status":"publish","type":"page","link":"https:\/\/wildenherbals.com\/fr\/bulletin-dinformation\/","title":{"rendered":"Bulletin d&rsquo;information"},"content":{"rendered":"\n<h2 class=\"wp-block-heading\">Inscrivez-vous \u00e0 notre lettre d&rsquo;information et b\u00e9n\u00e9ficiez imm\u00e9diatement d&rsquo;une r\u00e9duction de <strong> 10 %<\/strong> sur votre premi\u00e8re commande en ligne ! Vous recevrez \u00e9galement des recettes, des conseils pour un mode de vie durable, des nouvelles du monde Wilden et des offres exclusives r\u00e9serv\u00e9es \u00e0 nos abonn\u00e9s. <\/h2>\n\n<div id=\"mc_embed_signup\" class=\"custom-form__wrapper mt-3\">\n<form action=\"https:\/\/wildenherbals.us3.list-manage.com\/subscribe\/post?u=3ee7deeae08c62bae5fefa755&#038;id=cc5bca05b1\" method=\"post\" id=\"mc-embedded-subscribe-form\" name=\"mc-embedded-subscribe-form\" class=\"validate custom-form\" target=\"_blank\" novalidate=\"\">\n<div class=\"mc-field-group\">\n\t<label for=\"mce-EMAIL\">Adresse \u00e9lectronique <span class=\"asterisk\">*<\/span>\n<\/label>\n\t<input type=\"email\" value=\"\" name=\"EMAIL\" class=\"required email\" id=\"mce-EMAIL\"\/>\n<\/div>\n<div class=\"mc-field-group\">\n\t<label for=\"mce-FNAME\">Nom  <\/label>\n\t<input type=\"text\" value=\"\" name=\"FNAME\" class=\"\" id=\"mce-FNAME\"\/>\n<\/div>\n<div class=\"mc-field-group\">\n\t<label for=\"mce-LNAME\">Nom de famille  <\/label>\n\t<input type=\"text\" value=\"\" name=\"LNAME\" class=\"\" id=\"mce-LNAME\"\/>\n<\/div>\n<div class=\"mc-field-group\">\n\t<label for=\"mce-COMPANY\">Entreprise  <\/label>\n\t<input type=\"text\" value=\"\" name=\"COMPANY\" class=\"\" id=\"mce-COMPANY\"\/>\n<\/div>\n\t<div id=\"mce-responses\" class=\"clear\">\n\t\t<div class=\"response\" id=\"mce-error-response\" style=\"display:none\"><\/div>\n\t\t<div class=\"response\" id=\"mce-success-response\" style=\"display:none\"><\/div>\n\t<\/div>    <!-- real people should not fill this in and expect good things - do not remove this or risk form bot signups-->\n    <div style=\"position: absolute; left: -5000px;\" aria-hidden=\"true\"><input type=\"text\" name=\"b_3ee7deeae08c62bae5fefa755_cc5bca05b1\" tabindex=\"-1\" value=\"\"\/><\/div>\n    <div class=\"clear\"><input type=\"submit\" value=\"S'inscrire\" name=\"subscribe\" id=\"mc-embedded-subscribe\" class=\"button\"\/><\/div>\n<\/form>\n<\/div>\n","protected":false},"excerpt":{"rendered":"<p>Inscrivez-vous \u00e0 notre lettre d&rsquo;information et b\u00e9n\u00e9ficiez imm\u00e9diatement d&rsquo;une r\u00e9duction de 10 % sur votre premi\u00e8re commande en ligne ! Vous recevrez \u00e9galement des recettes, des conseils pour un mode de vie durable, des nouvelles du monde Wilden et des offres exclusives r\u00e9serv\u00e9es \u00e0 nos abonn\u00e9s. Adresse \u00e9lectronique * Nom Nom de famille Entreprise<\/p>\n","protected":false},"author":2,"featured_media":0,"parent":0,"menu_order":0,"comment_status":"closed","ping_status":"closed","template":"","meta":{"_acf_changed":false,"inline_featured_image":false,"_mbp_gutenberg_autopost":false,"footnotes":""},"class_list":["post-26442","page","type-page","status-publish","hentry"],"acf":[],"_links":{"self":[{"href":"https:\/\/wildenherbals.com\/fr\/wp-json\/wp\/v2\/pages\/26442","targetHints":{"allow":["GET"]}}],"collection":[{"href":"https:\/\/wildenherbals.com\/fr\/wp-json\/wp\/v2\/pages"}],"about":[{"href":"https:\/\/wildenherbals.com\/fr\/wp-json\/wp\/v2\/types\/page"}],"author":[{"embeddable":true,"href":"https:\/\/wildenherbals.com\/fr\/wp-json\/wp\/v2\/users\/2"}],"replies":[{"embeddable":true,"href":"https:\/\/wildenherbals.com\/fr\/wp-json\/wp\/v2\/comments?post=26442"}],"version-history":[{"count":2,"href":"https:\/\/wildenherbals.com\/fr\/wp-json\/wp\/v2\/pages\/26442\/revisions"}],"predecessor-version":[{"id":40341,"href":"https:\/\/wildenherbals.com\/fr\/wp-json\/wp\/v2\/pages\/26442\/revisions\/40341"}],"wp:attachment":[{"href":"https:\/\/wildenherbals.com\/fr\/wp-json\/wp\/v2\/media?parent=26442"}],"curies":[{"name":"wp","href":"https:\/\/api.w.org\/{rel}","templated":true}]}}