{"id":26432,"date":"2023-07-18T10:23:17","date_gmt":"2023-07-18T08:23:17","guid":{"rendered":"https:\/\/wildenherbals.com\/comment-fonctionne-un-melange\/"},"modified":"2025-05-30T15:48:33","modified_gmt":"2025-05-30T13:48:33","slug":"comment-fonctionne-un-melange","status":"publish","type":"page","link":"https:\/\/wildenherbals.com\/fr\/comment-fonctionne-un-melange\/","title":{"rendered":"Comment fonctionne un m\u00e9lange ?"},"content":{"rendered":"\n<p>Wilden.herbals vous permet de cr\u00e9er un m\u00e9lange de tisanes de la ligne Remedium qui refl\u00e8te vraiment votre personnalit\u00e9, vos rythmes et vos journ\u00e9es.<\/p>\n\n<p><strong>Combien de tisanes composent un m\u00e9lange ?<\/strong><\/p>\n\n<p>Vous pouvez choisir la tisane que vous pr\u00e9f\u00e9rez et la quantit\u00e9 qui vous convient parmi 24, 32 ou 60 sachets.<\/p>\n\n<p><strong>Pourquoi cr\u00e9er un m\u00e9lange ?<\/strong><\/p>\n\n<p>Parce que chacun est diff\u00e9rent et vit les tisanes de mani\u00e8re personnelle. C&rsquo;est pourquoi nous avons imagin\u00e9 une fa\u00e7on d&rsquo;interpr\u00e9ter le Wilden en toute libert\u00e9, litt\u00e9ralement<em> out of<\/em> the box par rapport \u00e0 nos cas de d\u00e9gustation unique.<\/p>\n\n<p>Nous voulons que vous vous sentiez comme un DJ et que vous puissiez composer le mix parfait avec ce que vous aimez le plus. De plus, il peut constituer un excellent cadeau pour les personnes que vous aimez le plus : un m\u00e9lange de bien-\u00eatre adapt\u00e9 \u00e0 leur mode de vie !<\/p>\n\n<p><strong>Existe-t-il un nombre pr\u00e9d\u00e9fini de sachets par ar\u00f4me que je peux ajouter au m\u00e9lange ?<\/strong><\/p>\n\n<p>En fonction de la quantit\u00e9 de sachets que vous avez choisie et de vos ar\u00f4mes pr\u00e9f\u00e9r\u00e9s, nous vous pr\u00e9senterons la composition d&rsquo;ar\u00f4mes la plus \u00e9quitable.<\/p>\n\n<p>Vous pouvez bien s\u00fbr le modifier en changeant le nombre de sachets, en l&rsquo;augmentant ou en le diminuant par multiple de 6 jusqu&rsquo;\u00e0 ce que vous atteigniez le total que vous avez indiqu\u00e9.<\/p>\n\n<p><strong>Que faire si je veux recevoir le mix \u00e0 une fr\u00e9quence r\u00e9guli\u00e8re ?<\/strong><\/p>\n\n<p>Saviez-vous que vous pouviez transformer votre mix en abonnement ? Vous recevrez ainsi votre mix \u00e0 une fr\u00e9quence fixe &#8211; tous les 3 mois.<\/p>\n\n<p>Un choix qui vous aide et qui aide la plan\u00e8te : il nous permet de r\u00e9duire le nombre d&rsquo;envois et d&rsquo;avoir un impact \u00e9cologique moindre.<\/p>\n\n<p><strong>J&rsquo;aime l&rsquo;id\u00e9e de l&rsquo;abonnement : puis-je en savoir plus ?<\/strong><\/p>\n\n<p>Nous avons pr\u00e9par\u00e9 une page contenant toutes les questions fr\u00e9quemment pos\u00e9es sur l&rsquo;abonnement \u00e0 Wilden. Nous vous en parlons en d\u00e9tail <a class=\"rank-math-link\" href=\"https:\/\/wildenherbals.com\/fr\/comment-fonctionne-un-abonnement\/\">ici<\/a>.<\/p>\n\n<p>Avez-vous des doutes ou des questions \u00e0 nous poser ? Contactez-nous par chat en cliquant sur l&rsquo;ic\u00f4ne jaune en bas \u00e0 droite ou \u00e9crivez-nous \u00e0 <a href=\"mailto:info@wildenherbals.com\" class=\"rank-math-link\">info@wildenherbals.com<\/a>.<\/p>\n\n<p>Un bon m\u00e9lange !<\/p>\n\n<p>#ShareYourNature<\/p>\n","protected":false},"excerpt":{"rendered":"<p>Wilden.herbals vous permet de cr\u00e9er un m\u00e9lange de tisanes de la ligne Remedium qui refl\u00e8te vraiment votre personnalit\u00e9, vos rythmes et vos journ\u00e9es. Combien de tisanes composent un m\u00e9lange ? Vous pouvez choisir la tisane que vous pr\u00e9f\u00e9rez et la quantit\u00e9 qui vous convient parmi 24, 32 ou 60 sachets. Pourquoi cr\u00e9er un m\u00e9lange ? [&hellip;]<\/p>\n","protected":false},"author":2,"featured_media":0,"parent":0,"menu_order":0,"comment_status":"closed","ping_status":"closed","template":"","meta":{"_acf_changed":false,"inline_featured_image":false,"_mbp_gutenberg_autopost":false,"footnotes":""},"class_list":["post-26432","page","type-page","status-publish","hentry"],"acf":[],"_links":{"self":[{"href":"https:\/\/wildenherbals.com\/fr\/wp-json\/wp\/v2\/pages\/26432","targetHints":{"allow":["GET"]}}],"collection":[{"href":"https:\/\/wildenherbals.com\/fr\/wp-json\/wp\/v2\/pages"}],"about":[{"href":"https:\/\/wildenherbals.com\/fr\/wp-json\/wp\/v2\/types\/page"}],"author":[{"embeddable":true,"href":"https:\/\/wildenherbals.com\/fr\/wp-json\/wp\/v2\/users\/2"}],"replies":[{"embeddable":true,"href":"https:\/\/wildenherbals.com\/fr\/wp-json\/wp\/v2\/comments?post=26432"}],"version-history":[{"count":2,"href":"https:\/\/wildenherbals.com\/fr\/wp-json\/wp\/v2\/pages\/26432\/revisions"}],"predecessor-version":[{"id":40331,"href":"https:\/\/wildenherbals.com\/fr\/wp-json\/wp\/v2\/pages\/26432\/revisions\/40331"}],"wp:attachment":[{"href":"https:\/\/wildenherbals.com\/fr\/wp-json\/wp\/v2\/media?parent=26432"}],"curies":[{"name":"wp","href":"https:\/\/api.w.org\/{rel}","templated":true}]}}