{"id":51056,"date":"2026-05-05T10:15:05","date_gmt":"2026-05-05T08:15:05","guid":{"rendered":"https:\/\/wildenherbals.com\/?post_type=product&#038;p=51056"},"modified":"2026-05-08T14:13:36","modified_gmt":"2026-05-08T12:13:36","slug":"manzanilla-botanica-propria-caja-10uds-copia-copia-copia-copia-copia","status":"publish","type":"product","link":"https:\/\/wildenherbals.com\/es\/shop\/tes-de-hierbas\/manzanilla-botanica-propria-caja-10uds-copia-copia-copia-copia-copia\/","title":{"rendered":"Levante &#8211; SoftPack 16uds."},"content":{"rendered":"<p>Una brisa fresca y rejuvenecedora que viene del este.<\/p>\n<p><strong>Levante<\/strong> es una mezcla a base de t\u00e9 verde Sencha, enriquecida con menta, jengibre, tomillo y regaliz. El resultado es una infusi\u00f3n equilibrada, fresca y ligeramente especiada, perfecta para estimular los sentidos y acompa\u00f1ar los d\u00edas m\u00e1s c\u00e1lidos. <\/p>\n<p>Una mezcla din\u00e1mica y armoniosa, ideal para quienes buscan energ\u00eda y ligereza en una sola taza.<\/p>\n<p><strong>Compatible con el sistema herbpress.<\/strong><\/p>\n","protected":false},"excerpt":{"rendered":"<p>Tisana de <strong data-start=\"89\" data-end=\"106\">lim\u00f3n y verbena<\/strong>, ideal para facilitar <strong data-start=\"128\" data-end=\"150\">la digesti\u00f3n y la relajaci\u00f3n<\/strong>. Cada paquete contiene <strong data-start=\"177\" data-end=\"199\">20 filtros cuadrados<\/strong> <strong data-start=\"230\" data-end=\"243\">compatibles con Herbpress<\/strong>. Con su sabor <strong data-start=\"257\" data-end=\"288\">fresco, c\u00edtrico y natural<\/strong>, es perfecta a cualquier hora del d\u00eda.  <\/p>\n","protected":false},"featured_media":51136,"template":"","meta":{"_acf_changed":false,"inline_featured_image":false,"_mbp_gutenberg_autopost":false},"product_brand":[],"product_cat":[536],"product_tag":[],"partner":[],"line":[1800],"class_list":{"0":"post-51056","1":"product","2":"type-product","3":"status-publish","4":"has-post-thumbnail","6":"product_cat-tes-de-hierbas","7":"product_shipping_class-herbpress-spedizione-da-it-es","8":"line-fresh-line","10":"first","11":"onbackorder","12":"taxable","13":"shipping-taxable","14":"purchasable","15":"product-type-simple"},"bundle_layout":"","bundled_by":[],"bundled_items":[],"acf":[],"_links":{"self":[{"href":"https:\/\/wildenherbals.com\/es\/wp-json\/wp\/v2\/product\/51056","targetHints":{"allow":["GET"]}}],"collection":[{"href":"https:\/\/wildenherbals.com\/es\/wp-json\/wp\/v2\/product"}],"about":[{"href":"https:\/\/wildenherbals.com\/es\/wp-json\/wp\/v2\/types\/product"}],"wp:featuredmedia":[{"embeddable":true,"href":"https:\/\/wildenherbals.com\/es\/wp-json\/wp\/v2\/media\/51136"}],"wp:attachment":[{"href":"https:\/\/wildenherbals.com\/es\/wp-json\/wp\/v2\/media?parent=51056"}],"wp:term":[{"taxonomy":"product_brand","embeddable":true,"href":"https:\/\/wildenherbals.com\/es\/wp-json\/wp\/v2\/product_brand?post=51056"},{"taxonomy":"product_cat","embeddable":true,"href":"https:\/\/wildenherbals.com\/es\/wp-json\/wp\/v2\/product_cat?post=51056"},{"taxonomy":"product_tag","embeddable":true,"href":"https:\/\/wildenherbals.com\/es\/wp-json\/wp\/v2\/product_tag?post=51056"},{"taxonomy":"partner","embeddable":true,"href":"https:\/\/wildenherbals.com\/es\/wp-json\/wp\/v2\/partner?post=51056"},{"taxonomy":"line","embeddable":true,"href":"https:\/\/wildenherbals.com\/es\/wp-json\/wp\/v2\/line?post=51056"}],"curies":[{"name":"wp","href":"https:\/\/api.w.org\/{rel}","templated":true}]}}