{"id":51044,"date":"2026-05-05T10:04:52","date_gmt":"2026-05-05T08:04:52","guid":{"rendered":"https:\/\/wildenherbals.com\/?post_type=product&#038;p=51044"},"modified":"2026-05-11T07:24:55","modified_gmt":"2026-05-11T05:24:55","slug":"manzanilla-botanica-propria-caja-10uds-copia-copia-copia","status":"publish","type":"product","link":"https:\/\/wildenherbals.com\/es\/shop\/tes-de-hierbas\/manzanilla-botanica-propria-caja-10uds-copia-copia-copia\/","title":{"rendered":"Cacao, c\u00e1scara &#8211; Caja 10pcs"},"content":{"rendered":"<p>Una infusi\u00f3n sorprendente y envolvente, resultado de la recuperaci\u00f3n de una parte preciosa del cacao<br \/>\n: la c\u00e1scara del grano.<\/p>\n<p><strong>Cacao, C\u00e1scara<\/strong> ofrece un perfil de sabor \u00fanico, naturalmente dulce y delicadamente afrutado, con ligeras notas que recuerdan a la miel, los frutos rojos y el chocolate. Una tisana elegante y sostenible, perfecta para quienes buscan una alternativa sin te\u00edna o un c\u00e1lido descanso con un sabor redondo y reconfortante. <\/p>\n<p>La c\u00e1scara se ha utilizado siempre en las culturas sudamericanas como bebida tradicional: hoy vuelve a estar de actualidad en una versi\u00f3n contempor\u00e1nea, sencilla y aut\u00e9ntica.<\/p>\n","protected":false},"excerpt":{"rendered":"<p>Tisana de <strong data-start=\"89\" data-end=\"106\">lim\u00f3n y verbena<\/strong>, ideal para facilitar <strong data-start=\"128\" data-end=\"150\">la digesti\u00f3n y la relajaci\u00f3n<\/strong>. Cada paquete contiene <strong data-start=\"177\" data-end=\"199\">20 filtros cuadrados<\/strong> <strong data-start=\"230\" data-end=\"243\">compatibles con Herbpress<\/strong>. Con su sabor <strong data-start=\"257\" data-end=\"288\">fresco, c\u00edtrico y natural<\/strong>, es perfecta a cualquier hora del d\u00eda.  <\/p>\n","protected":false},"featured_media":51094,"template":"","meta":{"_acf_changed":false,"inline_featured_image":false,"_mbp_gutenberg_autopost":false},"product_brand":[],"product_cat":[536],"product_tag":[],"partner":[],"line":[1782],"class_list":{"0":"post-51044","1":"product","2":"type-product","3":"status-publish","4":"has-post-thumbnail","6":"product_cat-tes-de-hierbas","7":"product_shipping_class-herbpress-spedizione-da-it-es","8":"line-linea-botanica-propia","10":"first","11":"onbackorder","12":"taxable","13":"shipping-taxable","14":"purchasable","15":"product-type-simple"},"bundle_layout":"","bundled_by":[],"bundled_items":[],"acf":[],"_links":{"self":[{"href":"https:\/\/wildenherbals.com\/es\/wp-json\/wp\/v2\/product\/51044","targetHints":{"allow":["GET"]}}],"collection":[{"href":"https:\/\/wildenherbals.com\/es\/wp-json\/wp\/v2\/product"}],"about":[{"href":"https:\/\/wildenherbals.com\/es\/wp-json\/wp\/v2\/types\/product"}],"wp:featuredmedia":[{"embeddable":true,"href":"https:\/\/wildenherbals.com\/es\/wp-json\/wp\/v2\/media\/51094"}],"wp:attachment":[{"href":"https:\/\/wildenherbals.com\/es\/wp-json\/wp\/v2\/media?parent=51044"}],"wp:term":[{"taxonomy":"product_brand","embeddable":true,"href":"https:\/\/wildenherbals.com\/es\/wp-json\/wp\/v2\/product_brand?post=51044"},{"taxonomy":"product_cat","embeddable":true,"href":"https:\/\/wildenherbals.com\/es\/wp-json\/wp\/v2\/product_cat?post=51044"},{"taxonomy":"product_tag","embeddable":true,"href":"https:\/\/wildenherbals.com\/es\/wp-json\/wp\/v2\/product_tag?post=51044"},{"taxonomy":"partner","embeddable":true,"href":"https:\/\/wildenherbals.com\/es\/wp-json\/wp\/v2\/partner?post=51044"},{"taxonomy":"line","embeddable":true,"href":"https:\/\/wildenherbals.com\/es\/wp-json\/wp\/v2\/line?post=51044"}],"curies":[{"name":"wp","href":"https:\/\/api.w.org\/{rel}","templated":true}]}}