{"id":51038,"date":"2026-05-05T09:59:40","date_gmt":"2026-05-05T07:59:40","guid":{"rendered":"https:\/\/wildenherbals.com\/?post_type=product&#038;p=51038"},"modified":"2026-05-11T07:23:08","modified_gmt":"2026-05-11T05:23:08","slug":"manzanilla-botanica-propria-caja-10uds-copia-copia","status":"publish","type":"product","link":"https:\/\/wildenherbals.com\/es\/shop\/tes-de-hierbas\/manzanilla-botanica-propria-caja-10uds-copia-copia\/","title":{"rendered":"Earl Grey &#8211; Caja 10 unid."},"content":{"rendered":"<p>Elegante, c\u00edtrico, atemporal.<\/p>\n<p><strong>El Earl Grey<\/strong> es un t\u00e9 negro refinado, aromatizado con aceite esencial de bergamota, que confiere a la infusi\u00f3n una inconfundible nota fresca y c\u00edtrica. El resultado es un equilibrio perfecto de intensidad y ligereza, ideal para un descanso sofisticado a cualquier hora del d\u00eda. <\/p>\n<p>Un gran cl\u00e1sico reinterpretado con materias primas seleccionadas y un perfil de sabor limpio y natural.<\/p>\n","protected":false},"excerpt":{"rendered":"<p>Tisana de <strong data-start=\"89\" data-end=\"106\">lim\u00f3n y verbena<\/strong>, ideal para facilitar <strong data-start=\"128\" data-end=\"150\">la digesti\u00f3n y la relajaci\u00f3n<\/strong>. Cada paquete contiene <strong data-start=\"177\" data-end=\"199\">20 filtros cuadrados<\/strong> <strong data-start=\"230\" data-end=\"243\">compatibles con Herbpress<\/strong>. Con su sabor <strong data-start=\"257\" data-end=\"288\">fresco, c\u00edtrico y natural<\/strong>, es perfecta a cualquier hora del d\u00eda.  <\/p>\n","protected":false},"featured_media":51100,"template":"","meta":{"_acf_changed":false,"inline_featured_image":false,"_mbp_gutenberg_autopost":false},"product_brand":[],"product_cat":[536],"product_tag":[],"partner":[],"line":[1783],"class_list":{"0":"post-51038","1":"product","2":"type-product","3":"status-publish","4":"has-post-thumbnail","6":"product_cat-tes-de-hierbas","7":"product_shipping_class-herbpress-spedizione-da-it-es","8":"line-linea-te-y-bajo-en-cafeina","10":"first","11":"onbackorder","12":"taxable","13":"shipping-taxable","14":"purchasable","15":"product-type-simple"},"bundle_layout":"","bundled_by":[],"bundled_items":[],"acf":[],"_links":{"self":[{"href":"https:\/\/wildenherbals.com\/es\/wp-json\/wp\/v2\/product\/51038","targetHints":{"allow":["GET"]}}],"collection":[{"href":"https:\/\/wildenherbals.com\/es\/wp-json\/wp\/v2\/product"}],"about":[{"href":"https:\/\/wildenherbals.com\/es\/wp-json\/wp\/v2\/types\/product"}],"wp:featuredmedia":[{"embeddable":true,"href":"https:\/\/wildenherbals.com\/es\/wp-json\/wp\/v2\/media\/51100"}],"wp:attachment":[{"href":"https:\/\/wildenherbals.com\/es\/wp-json\/wp\/v2\/media?parent=51038"}],"wp:term":[{"taxonomy":"product_brand","embeddable":true,"href":"https:\/\/wildenherbals.com\/es\/wp-json\/wp\/v2\/product_brand?post=51038"},{"taxonomy":"product_cat","embeddable":true,"href":"https:\/\/wildenherbals.com\/es\/wp-json\/wp\/v2\/product_cat?post=51038"},{"taxonomy":"product_tag","embeddable":true,"href":"https:\/\/wildenherbals.com\/es\/wp-json\/wp\/v2\/product_tag?post=51038"},{"taxonomy":"partner","embeddable":true,"href":"https:\/\/wildenherbals.com\/es\/wp-json\/wp\/v2\/partner?post=51038"},{"taxonomy":"line","embeddable":true,"href":"https:\/\/wildenherbals.com\/es\/wp-json\/wp\/v2\/line?post=51038"}],"curies":[{"name":"wp","href":"https:\/\/api.w.org\/{rel}","templated":true}]}}