{"id":51032,"date":"2026-05-05T09:46:27","date_gmt":"2026-05-05T07:46:27","guid":{"rendered":"https:\/\/wildenherbals.com\/?post_type=product&#038;p=51032"},"modified":"2026-05-11T07:22:28","modified_gmt":"2026-05-11T05:22:28","slug":"manzanilla-botanica-propria-caja-10uds-copia","status":"publish","type":"product","link":"https:\/\/wildenherbals.com\/es\/shop\/tes-de-hierbas\/manzanilla-botanica-propria-caja-10uds-copia\/","title":{"rendered":"Desayuno ingl\u00e9s &#8211; Caja 10 uds"},"content":{"rendered":"<p>Un gran cl\u00e1sico de la tradici\u00f3n brit\u00e1nica, intenso y estructurado.<\/p>\n<p><strong>El Desayuno Ingl\u00e9s<\/strong> es una mezcla de t\u00e9 negro de sabor pleno y fuerte, perfecta para empezar el d\u00eda con energ\u00eda. Su perfil robusto y ligeramente malteado lo hace ideal para tomarlo solo o con una nube de leche, seg\u00fan la tradici\u00f3n inglesa. <\/p>\n<p>Un t\u00e9 esencial, directo y sin concesiones: pensado para los amantes de los sabores aut\u00e9nticos y<br \/>\nprofundo.<\/p>\n","protected":false},"excerpt":{"rendered":"<p>Tisana de <strong data-start=\"89\" data-end=\"106\">lim\u00f3n y verbena<\/strong>, ideal para facilitar <strong data-start=\"128\" data-end=\"150\">la digesti\u00f3n y la relajaci\u00f3n<\/strong>. Cada paquete contiene <strong data-start=\"177\" data-end=\"199\">20 filtros cuadrados<\/strong> <strong data-start=\"230\" data-end=\"243\">compatibles con Herbpress<\/strong>. Con su sabor <strong data-start=\"257\" data-end=\"288\">fresco, c\u00edtrico y natural<\/strong>, es perfecta a cualquier hora del d\u00eda.  <\/p>\n","protected":false},"featured_media":51112,"template":"","meta":{"_acf_changed":false,"inline_featured_image":false,"_mbp_gutenberg_autopost":false},"product_brand":[],"product_cat":[536],"product_tag":[],"partner":[],"line":[1783],"class_list":{"0":"post-51032","1":"product","2":"type-product","3":"status-publish","4":"has-post-thumbnail","6":"product_cat-tes-de-hierbas","7":"product_shipping_class-herbpress-spedizione-da-it-es","8":"line-linea-te-y-bajo-en-cafeina","10":"first","11":"onbackorder","12":"taxable","13":"shipping-taxable","14":"purchasable","15":"product-type-simple"},"bundle_layout":"","bundled_by":[],"bundled_items":[],"acf":[],"_links":{"self":[{"href":"https:\/\/wildenherbals.com\/es\/wp-json\/wp\/v2\/product\/51032","targetHints":{"allow":["GET"]}}],"collection":[{"href":"https:\/\/wildenherbals.com\/es\/wp-json\/wp\/v2\/product"}],"about":[{"href":"https:\/\/wildenherbals.com\/es\/wp-json\/wp\/v2\/types\/product"}],"wp:featuredmedia":[{"embeddable":true,"href":"https:\/\/wildenherbals.com\/es\/wp-json\/wp\/v2\/media\/51112"}],"wp:attachment":[{"href":"https:\/\/wildenherbals.com\/es\/wp-json\/wp\/v2\/media?parent=51032"}],"wp:term":[{"taxonomy":"product_brand","embeddable":true,"href":"https:\/\/wildenherbals.com\/es\/wp-json\/wp\/v2\/product_brand?post=51032"},{"taxonomy":"product_cat","embeddable":true,"href":"https:\/\/wildenherbals.com\/es\/wp-json\/wp\/v2\/product_cat?post=51032"},{"taxonomy":"product_tag","embeddable":true,"href":"https:\/\/wildenherbals.com\/es\/wp-json\/wp\/v2\/product_tag?post=51032"},{"taxonomy":"partner","embeddable":true,"href":"https:\/\/wildenherbals.com\/es\/wp-json\/wp\/v2\/partner?post=51032"},{"taxonomy":"line","embeddable":true,"href":"https:\/\/wildenherbals.com\/es\/wp-json\/wp\/v2\/line?post=51032"}],"curies":[{"name":"wp","href":"https:\/\/api.w.org\/{rel}","templated":true}]}}