{"id":50281,"date":"2025-12-16T15:05:21","date_gmt":"2025-12-16T14:05:21","guid":{"rendered":"https:\/\/wildenherbals.com\/?post_type=product&#038;p=50281"},"modified":"2025-12-16T15:06:45","modified_gmt":"2025-12-16T14:06:45","slug":"vaso-kinto-day-off-500ml-azul-marino-copia","status":"publish","type":"product","link":"https:\/\/wildenherbals.com\/es\/shop\/accesorios\/botellas-tazas-y-teteras\/vaso-kinto-day-off-500ml-azul-marino-copia\/","title":{"rendered":"Vaso Kinto Day Off 500ml (Azul marino) (Copia)"},"content":{"rendered":"<p>La botella Day Off est\u00e1 dise\u00f1ada para esos d\u00edas libres relajantes pero activos.<\/p>\n<p>El aislamiento al vac\u00edo permite mantener la temperatura y el sabor de la bebida durante mucho tiempo. El asa redondeada te permite llevarla contigo en paseos y excursiones. <\/p>\n<p>El tap\u00f3n es suave y c\u00f3modo en la boca y est\u00e1 dise\u00f1ado para evitar que el hielo y las bebidas calientes se derramen bruscamente, permitiendo un consumo c\u00f3modo hasta la \u00faltima gota.<\/p>\n<p>Los colores vivos recuerdan a un relajante balneario y van bien con cualquier estado de \u00e1nimo.<\/p>\n","protected":false},"excerpt":{"rendered":"<p>La Botella Day Off se dise\u00f1\u00f3 para un d\u00eda libre relajante pero activo. Aislada al vac\u00edo, conserva la temperatura y el sabor de las bebidas durante mucho tiempo. Con un asa redondeada que resulta c\u00f3moda de sujetar, es perfecta para llevarla de paseo o de excursi\u00f3n. El tap\u00f3n es suave en la boca y tiene un dise\u00f1o estructural que impide que los cubitos de hielo y las bebidas calientes salgan con fuerza, para que puedas beber c\u00f3modamente hasta el \u00faltimo sorbo. Los colores brillantes est\u00e1n inspirados en un relajado complejo playero y pueden combinar bien con la moda de tu d\u00eda libre.    <\/p>\n","protected":false},"featured_media":24122,"template":"","meta":{"_acf_changed":false,"inline_featured_image":false,"_mbp_gutenberg_autopost":false},"product_brand":[],"product_cat":[577,578],"product_tag":[],"partner":[],"line":[],"class_list":{"0":"post-50281","1":"product","2":"type-product","3":"status-publish","4":"has-post-thumbnail","6":"product_cat-accesorios","7":"product_cat-botellas-tazas-y-teteras","9":"first","10":"instock","11":"taxable","12":"shipping-taxable","13":"purchasable","14":"product-type-simple"},"bundle_layout":"","bundled_by":[],"bundled_items":[],"acf":[],"_links":{"self":[{"href":"https:\/\/wildenherbals.com\/es\/wp-json\/wp\/v2\/product\/50281","targetHints":{"allow":["GET"]}}],"collection":[{"href":"https:\/\/wildenherbals.com\/es\/wp-json\/wp\/v2\/product"}],"about":[{"href":"https:\/\/wildenherbals.com\/es\/wp-json\/wp\/v2\/types\/product"}],"wp:featuredmedia":[{"embeddable":true,"href":"https:\/\/wildenherbals.com\/es\/wp-json\/wp\/v2\/media\/24122"}],"wp:attachment":[{"href":"https:\/\/wildenherbals.com\/es\/wp-json\/wp\/v2\/media?parent=50281"}],"wp:term":[{"taxonomy":"product_brand","embeddable":true,"href":"https:\/\/wildenherbals.com\/es\/wp-json\/wp\/v2\/product_brand?post=50281"},{"taxonomy":"product_cat","embeddable":true,"href":"https:\/\/wildenherbals.com\/es\/wp-json\/wp\/v2\/product_cat?post=50281"},{"taxonomy":"product_tag","embeddable":true,"href":"https:\/\/wildenherbals.com\/es\/wp-json\/wp\/v2\/product_tag?post=50281"},{"taxonomy":"partner","embeddable":true,"href":"https:\/\/wildenherbals.com\/es\/wp-json\/wp\/v2\/partner?post=50281"},{"taxonomy":"line","embeddable":true,"href":"https:\/\/wildenherbals.com\/es\/wp-json\/wp\/v2\/line?post=50281"}],"curies":[{"name":"wp","href":"https:\/\/api.w.org\/{rel}","templated":true}]}}