{"id":47969,"date":"2025-10-14T12:38:29","date_gmt":"2025-10-14T10:38:29","guid":{"rendered":"https:\/\/wildenherbals.com\/?post_type=product&#038;p=47969"},"modified":"2025-12-03T13:01:58","modified_gmt":"2025-12-03T12:01:58","slug":"vaso-kinto-to-go-360-ml-copia","status":"publish","type":"product","link":"https:\/\/wildenherbals.com\/es\/shop\/accesorios\/vaso-kinto-to-go-360-ml-copia\/","title":{"rendered":"Vaso Kinto To Go 360ml &#8211; Gris"},"content":{"rendered":"<p>TO GO TUMBLER es ideal para diversas escenas a lo largo del d\u00eda, ya sea para ir al trabajo, conducir o relajarse.<\/p>\n<p>La nueva versi\u00f3n est\u00e1 equipada con un tap\u00f3n que evita los derrames durante los viajes. El tap\u00f3n giratorio puede abrirse y cerrarse f\u00e1cilmente, lo que permite beber con facilidad. <\/p>\n<p>La tapa tiene una estructura m\u00ednima para beber c\u00f3modamente.<\/p>\n<p>El vaso aislado al vac\u00edo conserva la temperatura y el sabor de las bebidas durante mucho tiempo, y su forma c\u00f3nica permite transportarlo f\u00e1cilmente.<\/p>\n<p>El dise\u00f1o limpio, con una estructura mate y colores tenues, da vida a la relajaci\u00f3n en movimiento.<\/p>\n","protected":false},"excerpt":{"rendered":"<p>TO GO TUMBLER es tu compa\u00f1ero ideal en diferentes momentos del d\u00eda: mientras vas al trabajo, cuando conduces o incluso cuando te relajas. La tapa tiene una estructura m\u00ednima para beber c\u00f3modamente. El vaso aislado al vac\u00edo conserva la temperatura y el sabor de las bebidas durante mucho tiempo. Su forma c\u00f3nica facilita el transporte.  El dise\u00f1o limpio, con textura mate y colores apagados, da vida a la relajaci\u00f3n sobre la marcha.<\/p>\n","protected":false},"featured_media":0,"template":"","meta":{"_acf_changed":false,"inline_featured_image":false,"_mbp_gutenberg_autopost":false},"product_brand":[],"product_cat":[577],"product_tag":[],"partner":[],"line":[],"class_list":{"0":"post-47969","1":"product","2":"type-product","3":"status-publish","5":"product_cat-accesorios","7":"first","8":"instock","9":"taxable","10":"shipping-taxable","11":"purchasable","12":"product-type-simple"},"bundle_layout":"","bundled_by":[],"bundled_items":[],"acf":[],"_links":{"self":[{"href":"https:\/\/wildenherbals.com\/es\/wp-json\/wp\/v2\/product\/47969","targetHints":{"allow":["GET"]}}],"collection":[{"href":"https:\/\/wildenherbals.com\/es\/wp-json\/wp\/v2\/product"}],"about":[{"href":"https:\/\/wildenherbals.com\/es\/wp-json\/wp\/v2\/types\/product"}],"wp:attachment":[{"href":"https:\/\/wildenherbals.com\/es\/wp-json\/wp\/v2\/media?parent=47969"}],"wp:term":[{"taxonomy":"product_brand","embeddable":true,"href":"https:\/\/wildenherbals.com\/es\/wp-json\/wp\/v2\/product_brand?post=47969"},{"taxonomy":"product_cat","embeddable":true,"href":"https:\/\/wildenherbals.com\/es\/wp-json\/wp\/v2\/product_cat?post=47969"},{"taxonomy":"product_tag","embeddable":true,"href":"https:\/\/wildenherbals.com\/es\/wp-json\/wp\/v2\/product_tag?post=47969"},{"taxonomy":"partner","embeddable":true,"href":"https:\/\/wildenherbals.com\/es\/wp-json\/wp\/v2\/partner?post=47969"},{"taxonomy":"line","embeddable":true,"href":"https:\/\/wildenherbals.com\/es\/wp-json\/wp\/v2\/line?post=47969"}],"curies":[{"name":"wp","href":"https:\/\/api.w.org\/{rel}","templated":true}]}}