{"id":47745,"date":"2025-10-09T11:46:21","date_gmt":"2025-10-09T09:46:21","guid":{"rendered":"https:\/\/wildenherbals.com\/?post_type=product&#038;p=47745"},"modified":"2026-03-05T11:42:30","modified_gmt":"2026-03-05T10:42:30","slug":"herbpress-verbena-limon-softpack-20-filtros-cuadrados-copia-copia-copia-copia-copia-copia-copia-copia-copia-copia-copia","status":"publish","type":"product","link":"https:\/\/wildenherbals.com\/es\/shop\/tes-de-hierbas\/herbpress-verbena-limon-softpack-20-filtros-cuadrados-copia-copia-copia-copia-copia-copia-copia-copia-copia-copia-copia\/","title":{"rendered":"Botanica Propria Menta &#8211; Caja 10uds."},"content":{"rendered":"<p>Con su frescor natural, es ideal para una tisana revitalizante que tonifica la mente y el cuerpo, ofreciendo una experiencia ligera y refrescante.<\/p>\n<p>C\u00f3mo consumir: cada bolsita est\u00e1 dise\u00f1ada para su uso en agua de hasta 500 ml.<\/p>\n","protected":false},"excerpt":{"rendered":"<p>Tisana de <strong data-start=\"89\" data-end=\"106\">lim\u00f3n y verbena<\/strong>, ideal para facilitar <strong data-start=\"128\" data-end=\"150\">la digesti\u00f3n y la relajaci\u00f3n<\/strong>. Cada paquete contiene <strong data-start=\"177\" data-end=\"199\">20 filtros cuadrados<\/strong> <strong data-start=\"230\" data-end=\"243\">compatibles con Herbpress<\/strong>. Con su sabor <strong data-start=\"257\" data-end=\"288\">fresco, c\u00edtrico y natural<\/strong>, es perfecta a cualquier hora del d\u00eda.  <\/p>\n","protected":false},"featured_media":47776,"template":"","meta":{"_acf_changed":false,"inline_featured_image":false,"_mbp_gutenberg_autopost":false},"product_brand":[],"product_cat":[536],"product_tag":[],"partner":[],"line":[1782],"class_list":{"0":"post-47745","1":"product","2":"type-product","3":"status-publish","4":"has-post-thumbnail","6":"product_cat-tes-de-hierbas","7":"product_shipping_class-herbpress-spedizione-da-it-es","8":"line-linea-botanica-propia","10":"first","11":"instock","12":"taxable","13":"shipping-taxable","14":"purchasable","15":"product-type-simple"},"bundle_layout":"","bundled_by":[],"bundled_items":[],"acf":[],"_links":{"self":[{"href":"https:\/\/wildenherbals.com\/es\/wp-json\/wp\/v2\/product\/47745","targetHints":{"allow":["GET"]}}],"collection":[{"href":"https:\/\/wildenherbals.com\/es\/wp-json\/wp\/v2\/product"}],"about":[{"href":"https:\/\/wildenherbals.com\/es\/wp-json\/wp\/v2\/types\/product"}],"wp:featuredmedia":[{"embeddable":true,"href":"https:\/\/wildenherbals.com\/es\/wp-json\/wp\/v2\/media\/47776"}],"wp:attachment":[{"href":"https:\/\/wildenherbals.com\/es\/wp-json\/wp\/v2\/media?parent=47745"}],"wp:term":[{"taxonomy":"product_brand","embeddable":true,"href":"https:\/\/wildenherbals.com\/es\/wp-json\/wp\/v2\/product_brand?post=47745"},{"taxonomy":"product_cat","embeddable":true,"href":"https:\/\/wildenherbals.com\/es\/wp-json\/wp\/v2\/product_cat?post=47745"},{"taxonomy":"product_tag","embeddable":true,"href":"https:\/\/wildenherbals.com\/es\/wp-json\/wp\/v2\/product_tag?post=47745"},{"taxonomy":"partner","embeddable":true,"href":"https:\/\/wildenherbals.com\/es\/wp-json\/wp\/v2\/partner?post=47745"},{"taxonomy":"line","embeddable":true,"href":"https:\/\/wildenherbals.com\/es\/wp-json\/wp\/v2\/line?post=47745"}],"curies":[{"name":"wp","href":"https:\/\/api.w.org\/{rel}","templated":true}]}}