{"id":47471,"date":"2025-10-07T13:04:34","date_gmt":"2025-10-07T11:04:34","guid":{"rendered":"https:\/\/wildenherbals.com\/?post_type=product&#038;p=47471"},"modified":"2025-12-10T12:46:18","modified_gmt":"2025-12-10T11:46:18","slug":"remedium-tisana-ecologica-no-8-renacer-copia-copia","status":"publish","type":"product","link":"https:\/\/wildenherbals.com\/es\/shop\/tes-de-hierbas\/remedium-tisana-ecologica-no-8-renacer-copia-copia\/","title":{"rendered":"T\u00e9 negro Darjeeling"},"content":{"rendered":"<p>El t\u00e9 negro Darjeeling es la elecci\u00f3n ideal para quienes desean un momento de refinada serenidad. Con sus notas florales de jazm\u00edn y flor de sa\u00faco, enriquecidas con un ligero toque especiado, este t\u00e9 te proporcionar\u00e1 una pausa elegante y envolvente, perfecta para reflexionar y relajarse antes de afrontar el d\u00eda o para entregarse a un momento de tranquilidad.<\/p>\n","protected":false},"excerpt":{"rendered":"<p>El t\u00e9 negro Darjeeling es la elecci\u00f3n ideal para quienes desean un momento de refinada serenidad. Con sus notas florales de jazm\u00edn y flor de sa\u00faco, enriquecidas con un ligero toque especiado, este t\u00e9 te proporcionar\u00e1 una pausa elegante y envolvente, perfecta para reflexionar y relajarse antes de afrontar el d\u00eda o para entregarse a [&hellip;]<\/p>\n","protected":false},"featured_media":47498,"template":"","meta":{"_acf_changed":false,"inline_featured_image":false,"_mbp_gutenberg_autopost":false},"product_brand":[],"product_cat":[536,537],"product_tag":[538,1516,1515,691,1514],"partner":[],"line":[1783],"class_list":{"0":"post-47471","1":"product","2":"type-product","3":"status-publish","4":"has-post-thumbnail","6":"product_cat-tes-de-hierbas","7":"product_cat-en-bolsita","8":"product_tag-bienestar","9":"product_tag-depurativo","10":"product_tag-purificante-es","11":"product_tag-relajante","12":"product_tag-revitalizante","13":"line-linea-te-y-bajo-en-cafeina","15":"first","16":"instock","17":"taxable","18":"shipping-taxable","19":"purchasable","20":"product-type-variable"},"bundle_layout":"","bundled_by":[],"bundled_items":[],"acf":[],"_links":{"self":[{"href":"https:\/\/wildenherbals.com\/es\/wp-json\/wp\/v2\/product\/47471","targetHints":{"allow":["GET"]}}],"collection":[{"href":"https:\/\/wildenherbals.com\/es\/wp-json\/wp\/v2\/product"}],"about":[{"href":"https:\/\/wildenherbals.com\/es\/wp-json\/wp\/v2\/types\/product"}],"wp:featuredmedia":[{"embeddable":true,"href":"https:\/\/wildenherbals.com\/es\/wp-json\/wp\/v2\/media\/47498"}],"wp:attachment":[{"href":"https:\/\/wildenherbals.com\/es\/wp-json\/wp\/v2\/media?parent=47471"}],"wp:term":[{"taxonomy":"product_brand","embeddable":true,"href":"https:\/\/wildenherbals.com\/es\/wp-json\/wp\/v2\/product_brand?post=47471"},{"taxonomy":"product_cat","embeddable":true,"href":"https:\/\/wildenherbals.com\/es\/wp-json\/wp\/v2\/product_cat?post=47471"},{"taxonomy":"product_tag","embeddable":true,"href":"https:\/\/wildenherbals.com\/es\/wp-json\/wp\/v2\/product_tag?post=47471"},{"taxonomy":"partner","embeddable":true,"href":"https:\/\/wildenherbals.com\/es\/wp-json\/wp\/v2\/partner?post=47471"},{"taxonomy":"line","embeddable":true,"href":"https:\/\/wildenherbals.com\/es\/wp-json\/wp\/v2\/line?post=47471"}],"curies":[{"name":"wp","href":"https:\/\/api.w.org\/{rel}","templated":true}]}}