{"id":47337,"date":"2025-10-07T12:53:15","date_gmt":"2025-10-07T10:53:15","guid":{"rendered":"https:\/\/wildenherbals.com\/?post_type=product&#038;p=47337"},"modified":"2025-12-10T12:47:43","modified_gmt":"2025-12-10T11:47:43","slug":"remedium-tisana-ecologica-no-8-renacer-copia","status":"publish","type":"product","link":"https:\/\/wildenherbals.com\/es\/shop\/tes-de-hierbas\/remedium-tisana-ecologica-no-8-renacer-copia\/","title":{"rendered":"T\u00e9 verde Sencha"},"content":{"rendered":"<p>Entre los t\u00e9s verdes m\u00e1s populares, el Sencha es una celebraci\u00f3n de la frescura y la pureza. Caracterizado por un sabor vivo y vegetal, evoca notas de hierba reci\u00e9n cortada, acompa\u00f1adas de un regusto dulcemente equilibrado. Ideal para quienes buscan un descanso rejuvenecedor y rico en bienestar<br \/>\n, el Sencha transforma cada sorbo en un momento de armon\u00eda natural.  <\/p>\n","protected":false},"excerpt":{"rendered":"<p>Entre los t\u00e9s verdes m\u00e1s populares, el Sencha es una celebraci\u00f3n de la frescura y la pureza. Caracterizado por un sabor vivo y vegetal, evoca notas de hierba reci\u00e9n cortada, acompa\u00f1adas de un regusto dulcemente equilibrado. Ideal para quienes buscan un descanso rejuvenecedor y rico en bienestar , el Sencha transforma cada sorbo en un [&hellip;]<\/p>\n","protected":false},"featured_media":47364,"template":"","meta":{"_acf_changed":false,"inline_featured_image":false,"_mbp_gutenberg_autopost":false},"product_brand":[],"product_cat":[536,537],"product_tag":[538,1516,1515,691,1514],"partner":[],"line":[1783],"class_list":{"0":"post-47337","1":"product","2":"type-product","3":"status-publish","4":"has-post-thumbnail","6":"product_cat-tes-de-hierbas","7":"product_cat-en-bolsita","8":"product_tag-bienestar","9":"product_tag-depurativo","10":"product_tag-purificante-es","11":"product_tag-relajante","12":"product_tag-revitalizante","13":"line-linea-te-y-bajo-en-cafeina","15":"first","16":"instock","17":"taxable","18":"shipping-taxable","19":"purchasable","20":"product-type-variable"},"bundle_layout":"","bundled_by":[],"bundled_items":[],"acf":[],"_links":{"self":[{"href":"https:\/\/wildenherbals.com\/es\/wp-json\/wp\/v2\/product\/47337","targetHints":{"allow":["GET"]}}],"collection":[{"href":"https:\/\/wildenherbals.com\/es\/wp-json\/wp\/v2\/product"}],"about":[{"href":"https:\/\/wildenherbals.com\/es\/wp-json\/wp\/v2\/types\/product"}],"wp:featuredmedia":[{"embeddable":true,"href":"https:\/\/wildenherbals.com\/es\/wp-json\/wp\/v2\/media\/47364"}],"wp:attachment":[{"href":"https:\/\/wildenherbals.com\/es\/wp-json\/wp\/v2\/media?parent=47337"}],"wp:term":[{"taxonomy":"product_brand","embeddable":true,"href":"https:\/\/wildenherbals.com\/es\/wp-json\/wp\/v2\/product_brand?post=47337"},{"taxonomy":"product_cat","embeddable":true,"href":"https:\/\/wildenherbals.com\/es\/wp-json\/wp\/v2\/product_cat?post=47337"},{"taxonomy":"product_tag","embeddable":true,"href":"https:\/\/wildenherbals.com\/es\/wp-json\/wp\/v2\/product_tag?post=47337"},{"taxonomy":"partner","embeddable":true,"href":"https:\/\/wildenherbals.com\/es\/wp-json\/wp\/v2\/partner?post=47337"},{"taxonomy":"line","embeddable":true,"href":"https:\/\/wildenherbals.com\/es\/wp-json\/wp\/v2\/line?post=47337"}],"curies":[{"name":"wp","href":"https:\/\/api.w.org\/{rel}","templated":true}]}}