{"id":47102,"date":"2025-09-30T08:29:02","date_gmt":"2025-09-30T06:29:02","guid":{"rendered":"https:\/\/wildenherbals.com\/?post_type=product&#038;p=47102"},"modified":"2025-10-13T18:09:39","modified_gmt":"2025-10-13T16:09:39","slug":"herbpress-verbena-limon-softpack-20-filtros-cuadrados-copia-copia-2","status":"publish","type":"product","link":"https:\/\/wildenherbals.com\/es\/shop\/herbpress-es\/herbpress-verbena-limon-softpack-20-filtros-cuadrados-copia-copia-2\/","title":{"rendered":"Herbpress T\u00e9 Verde y Menta Softpack 20 filtros cuadrados"},"content":{"rendered":"<p>Perfil limpio y vegetal con un final fresco. La cafe\u00edna natural ofrece un suave est\u00edmulo que refresca el paladar y agudiza la concentraci\u00f3n.<x id=\"gid_0\"><\/x>Perfil limpio y vegetal con un final fresco. La cafe\u00edna natural ofrece un suave est\u00edmulo que refresca el paladar y agudiza la concentraci\u00f3n.  <\/p>\n","protected":false},"excerpt":{"rendered":"<p>Tisana de <strong data-start=\"89\" data-end=\"106\">lim\u00f3n y verbena<\/strong>, ideal para facilitar <strong data-start=\"128\" data-end=\"150\">la digesti\u00f3n y la relajaci\u00f3n<\/strong>. Cada paquete contiene <strong data-start=\"177\" data-end=\"199\">20 filtros cuadrados<\/strong> <strong data-start=\"230\" data-end=\"243\">compatibles con Herbpress<\/strong>. Con su sabor <strong data-start=\"257\" data-end=\"288\">fresco, c\u00edtrico y natural<\/strong>, es perfecta a cualquier hora del d\u00eda.  <\/p>\n","protected":false},"featured_media":47645,"template":"","meta":{"_acf_changed":false,"inline_featured_image":false,"_mbp_gutenberg_autopost":false},"product_brand":[],"product_cat":[1643],"product_tag":[],"partner":[],"line":[],"class_list":{"0":"post-47102","1":"product","2":"type-product","3":"status-publish","4":"has-post-thumbnail","6":"product_cat-herbpress-es","7":"product_shipping_class-herbpress-spedizione-da-it-es","9":"first","10":"instock","11":"taxable","12":"shipping-taxable","13":"purchasable","14":"product-type-simple"},"bundle_layout":"","bundled_by":[],"bundled_items":[],"acf":[],"_links":{"self":[{"href":"https:\/\/wildenherbals.com\/es\/wp-json\/wp\/v2\/product\/47102","targetHints":{"allow":["GET"]}}],"collection":[{"href":"https:\/\/wildenherbals.com\/es\/wp-json\/wp\/v2\/product"}],"about":[{"href":"https:\/\/wildenherbals.com\/es\/wp-json\/wp\/v2\/types\/product"}],"wp:featuredmedia":[{"embeddable":true,"href":"https:\/\/wildenherbals.com\/es\/wp-json\/wp\/v2\/media\/47645"}],"wp:attachment":[{"href":"https:\/\/wildenherbals.com\/es\/wp-json\/wp\/v2\/media?parent=47102"}],"wp:term":[{"taxonomy":"product_brand","embeddable":true,"href":"https:\/\/wildenherbals.com\/es\/wp-json\/wp\/v2\/product_brand?post=47102"},{"taxonomy":"product_cat","embeddable":true,"href":"https:\/\/wildenherbals.com\/es\/wp-json\/wp\/v2\/product_cat?post=47102"},{"taxonomy":"product_tag","embeddable":true,"href":"https:\/\/wildenherbals.com\/es\/wp-json\/wp\/v2\/product_tag?post=47102"},{"taxonomy":"partner","embeddable":true,"href":"https:\/\/wildenherbals.com\/es\/wp-json\/wp\/v2\/partner?post=47102"},{"taxonomy":"line","embeddable":true,"href":"https:\/\/wildenherbals.com\/es\/wp-json\/wp\/v2\/line?post=47102"}],"curies":[{"name":"wp","href":"https:\/\/api.w.org\/{rel}","templated":true}]}}