{"id":47003,"date":"2025-09-29T20:13:13","date_gmt":"2025-09-29T18:13:13","guid":{"rendered":"https:\/\/wildenherbals.com\/?post_type=product&#038;p=47003"},"modified":"2025-10-13T18:08:37","modified_gmt":"2025-10-13T16:08:37","slug":"bolsa-ecologica-colores-de-la-tierra-copia-2","status":"publish","type":"product","link":"https:\/\/wildenherbals.com\/es\/shop\/textil-es\/bolsa-ecologica-colores-de-la-tierra-copia-2\/","title":{"rendered":"Bolsa Ecol\u00f3gica &#8211; Tintes tierra &#8211; tierra amarilla"},"content":{"rendered":"<p><span style=\"font-weight: 400;\">Bolsa multiusos.  <\/span><span style=\"font-weight: 400;\">Hecha de algod\u00f3n org\u00e1nico, seda y ortiga, y te\u00f1ida con tierra antigua italiana.  <\/span><span style=\"font-weight: 400;\">Un artefacto que da forma al concepto de sostenibilidad desde el tejido, en panam\u00e1 de algod\u00f3n org\u00e1nico, hasta el m\u00e9todo de te\u00f1ido, realizado con extractos de plantas seg\u00fan antiguas recetas de te\u00f1ido.  <\/span><span style=\"font-weight: 400;\">Cada pieza es \u00fanica, con matices y variaciones de color, para dar la sensaci\u00f3n de tener la naturaleza entre las manos.  <\/span><\/p>\n<p><span style=\"font-weight: 400;\">Perfecto para guardar y transportar los productos de la despensa de Wilden, desde bolsitas de t\u00e9 de hierbas hasta mermeladas y tarros de miel.<\/span><\/p>\n<p><span style=\"font-weight: 400;\">Colores: Amarillo Tierra, Rojo Tierra, Verde Tierra  <\/span><\/p>\n<p>Dimensiones: 11x11x13 cm<\/p>\n<p><i><span style=\"font-weight: 400;\">Recomendamos lavarla suavemente, a una temperatura m\u00e1xima de 30 grados, con un detergente para lana o seda previamente disuelto en agua.  <\/span><\/i><i><span style=\"font-weight: 400;\">No exponer al sol y no blanquear, no utilizar sustancias \u00e1cidas.<\/span><\/i><\/p>\n","protected":false},"excerpt":{"rendered":"<p>Bolsa multiusos. Hecha de algod\u00f3n org\u00e1nico, seda y ortiga, y te\u00f1ida con tierra antigua italiana. Un artefacto que da forma al concepto de sostenibilidad desde el tejido, en panam\u00e1 de algod\u00f3n org\u00e1nico, hasta el m\u00e9todo de te\u00f1ido, realizado con extractos de plantas seg\u00fan antiguas recetas de te\u00f1ido. Cada pieza es \u00fanica, con matices y variaciones [&hellip;]<\/p>\n","protected":false},"featured_media":25292,"template":"","meta":{"_acf_changed":false,"inline_featured_image":false,"_mbp_gutenberg_autopost":false},"product_brand":[],"product_cat":[664,787],"product_tag":[],"partner":[],"line":[],"class_list":{"0":"post-47003","1":"product","2":"type-product","3":"status-publish","4":"has-post-thumbnail","6":"product_cat-textil-es","7":"product_cat-otro-es","9":"first","10":"instock","11":"taxable","12":"shipping-taxable","13":"purchasable","14":"product-type-variable"},"bundle_layout":"","bundled_by":[],"bundled_items":[],"acf":[],"_links":{"self":[{"href":"https:\/\/wildenherbals.com\/es\/wp-json\/wp\/v2\/product\/47003","targetHints":{"allow":["GET"]}}],"collection":[{"href":"https:\/\/wildenherbals.com\/es\/wp-json\/wp\/v2\/product"}],"about":[{"href":"https:\/\/wildenherbals.com\/es\/wp-json\/wp\/v2\/types\/product"}],"wp:featuredmedia":[{"embeddable":true,"href":"https:\/\/wildenherbals.com\/es\/wp-json\/wp\/v2\/media\/25292"}],"wp:attachment":[{"href":"https:\/\/wildenherbals.com\/es\/wp-json\/wp\/v2\/media?parent=47003"}],"wp:term":[{"taxonomy":"product_brand","embeddable":true,"href":"https:\/\/wildenherbals.com\/es\/wp-json\/wp\/v2\/product_brand?post=47003"},{"taxonomy":"product_cat","embeddable":true,"href":"https:\/\/wildenherbals.com\/es\/wp-json\/wp\/v2\/product_cat?post=47003"},{"taxonomy":"product_tag","embeddable":true,"href":"https:\/\/wildenherbals.com\/es\/wp-json\/wp\/v2\/product_tag?post=47003"},{"taxonomy":"partner","embeddable":true,"href":"https:\/\/wildenherbals.com\/es\/wp-json\/wp\/v2\/partner?post=47003"},{"taxonomy":"line","embeddable":true,"href":"https:\/\/wildenherbals.com\/es\/wp-json\/wp\/v2\/line?post=47003"}],"curies":[{"name":"wp","href":"https:\/\/api.w.org\/{rel}","templated":true}]}}