{"id":46931,"date":"2025-09-29T20:05:32","date_gmt":"2025-09-29T18:05:32","guid":{"rendered":"https:\/\/wildenherbals.com\/?post_type=product&#038;p=46931"},"modified":"2025-10-13T18:13:10","modified_gmt":"2025-10-13T16:13:10","slug":"wild-natural-shopper-con-bolsillo-y-soporte-para-botella-de-agua-copia","status":"publish","type":"product","link":"https:\/\/wildenherbals.com\/es\/shop\/textil-es\/wild-natural-shopper-con-bolsillo-y-soporte-para-botella-de-agua-copia\/","title":{"rendered":"Wild Natural Shopper &#8211; con bolsillo y soporte para botella de agua &#8211; tierra roja"},"content":{"rendered":"<p>Bolso shopper fabricado con tejido pesado de lino puro, te\u00f1ido a mano con colores tierra naturales. En el interior hay dos correas para colocar el termo Kinto x Wilden.herbals, sujet\u00e1ndolo firmemente, y en el exterior hay un bolsillo.<x id=\"gid_0\"><\/x>Esencial, resistente y ergon\u00f3mica, est\u00e1 dise\u00f1ada para acompa\u00f1arte todos los d\u00edas a la oficina, al gimnasio o de compras. Cada bolsa est\u00e1 hecha a mano y te\u00f1ida seg\u00fan antiguas recetas con colores naturales.  <\/p>\n<p>Colores: Rojo Tierra\/Amarillo Tierra<\/p>\n<p>Dimensiones: 36&#215;34 cm &#8211; frontal 27&#215;34 cm &#8211; profundidad: 10 cm &#8211; asas: 26 cm<\/p>\n<p><em>\u00abGracias por elegir esta pieza hecha a mano, con tejido de fibra vegetal natural. <\/em><em>Cada pieza se ha te\u00f1ido con colores naturales de la tierra italiana. <\/em><em>Los colores naturales dan una agradable sensaci\u00f3n de energ\u00eda y tranquilidad. <\/em><em>Cada tono o variaci\u00f3n de color es un s\u00edmbolo de su singularidad natural.<\/em><br \/>\n<em>Recomendamos lavarla suavemente, a una temperatura m\u00e1xima de 30 grados, con un detergente para lana o seda previamente disuelto en agua. <\/em><em>No lo expongas al sol, no lo blanquees, cuidado con las sustancias \u00e1cidas<\/em>\u00ab<em>.<\/em><\/p>\n","protected":false},"excerpt":{"rendered":"<p>Bolso shopper fabricado con tejido pesado de lino puro, te\u00f1ido a mano con colores tierra naturales. En el interior hay dos correas para colocar el termo Kinto x Wilden.herbals, sujet\u00e1ndolo firmemente, y en el exterior hay un bolsillo.Esencial, resistente y ergon\u00f3mica, est\u00e1 dise\u00f1ada para acompa\u00f1arte todos los d\u00edas a la oficina, al gimnasio o de [&hellip;]<\/p>\n","protected":false},"featured_media":25316,"template":"","meta":{"_acf_changed":false,"inline_featured_image":false,"_mbp_gutenberg_autopost":false},"product_brand":[],"product_cat":[664,665],"product_tag":[],"partner":[],"line":[],"class_list":{"0":"post-46931","1":"product","2":"type-product","3":"status-publish","4":"has-post-thumbnail","6":"product_cat-textil-es","7":"product_cat-bolso-de-compras","9":"first","10":"instock","11":"taxable","12":"shipping-taxable","13":"purchasable","14":"product-type-variable"},"bundle_layout":"","bundled_by":[],"bundled_items":[],"acf":[],"_links":{"self":[{"href":"https:\/\/wildenherbals.com\/es\/wp-json\/wp\/v2\/product\/46931","targetHints":{"allow":["GET"]}}],"collection":[{"href":"https:\/\/wildenherbals.com\/es\/wp-json\/wp\/v2\/product"}],"about":[{"href":"https:\/\/wildenherbals.com\/es\/wp-json\/wp\/v2\/types\/product"}],"wp:featuredmedia":[{"embeddable":true,"href":"https:\/\/wildenherbals.com\/es\/wp-json\/wp\/v2\/media\/25316"}],"wp:attachment":[{"href":"https:\/\/wildenherbals.com\/es\/wp-json\/wp\/v2\/media?parent=46931"}],"wp:term":[{"taxonomy":"product_brand","embeddable":true,"href":"https:\/\/wildenherbals.com\/es\/wp-json\/wp\/v2\/product_brand?post=46931"},{"taxonomy":"product_cat","embeddable":true,"href":"https:\/\/wildenherbals.com\/es\/wp-json\/wp\/v2\/product_cat?post=46931"},{"taxonomy":"product_tag","embeddable":true,"href":"https:\/\/wildenherbals.com\/es\/wp-json\/wp\/v2\/product_tag?post=46931"},{"taxonomy":"partner","embeddable":true,"href":"https:\/\/wildenherbals.com\/es\/wp-json\/wp\/v2\/partner?post=46931"},{"taxonomy":"line","embeddable":true,"href":"https:\/\/wildenherbals.com\/es\/wp-json\/wp\/v2\/line?post=46931"}],"curies":[{"name":"wp","href":"https:\/\/api.w.org\/{rel}","templated":true}]}}