{"id":45728,"date":"2025-06-26T13:33:08","date_gmt":"2025-06-26T11:33:08","guid":{"rendered":"https:\/\/wildenherbals.com\/?post_type=product&#038;p=45728"},"modified":"2026-03-06T10:58:12","modified_gmt":"2026-03-06T09:58:12","slug":"filtro-herbpress-y-disco-difusor-copia-copia-2","status":"publish","type":"product","link":"https:\/\/wildenherbals.com\/es\/shop\/herbpress-es\/filtro-herbpress-y-disco-difusor-copia-copia-2\/","title":{"rendered":"FILTRO HERBPRESS5 &#8211; interior \u00d8 51,5 mm &#8211; borde \u00d8 61,5 mm &#8211; prensas de 51 mm &#8211; compatibilidad total: Delonghi, Smeg"},"content":{"rendered":"<p data-start=\"159\" data-end=\"233\"><strong data-start=\"159\" data-end=\"233\">Herbpress: infusiones listas en 60 segundos con tu cafetera espresso<\/strong><\/p>\n<p data-start=\"235\" data-end=\"540\">Herbpress es la primera tecnolog\u00eda patentada, desarrollada por Wilden Herbals en colaboraci\u00f3n con IMS, que te permite preparar tisanas e infusiones utilizando tu cafetera espresso. Combina <strong data-start=\"428\" data-end=\"442\">precisi\u00f3n<\/strong>, <strong data-start=\"444\" data-end=\"456\">velocidad<\/strong> e <strong data-start=\"459\" data-end=\"482\">intensidad arom\u00e1tica<\/strong> para un resultado sorprendente, listo en s\u00f3lo 60 segundos. <\/p>\n<p data-start=\"547\" data-end=\"570\"><strong data-start=\"547\" data-end=\"570\">Qu\u00e9 incluye:<\/strong><\/p>\n<p data-start=\"572\" data-end=\"697\">Este kit <strong data-start=\"592\" data-end=\"641\">s\u00f3lo contiene el filtro y el disco difusor<\/strong> necesarios para la extracci\u00f3n con la tecnolog\u00eda Herbpress. Para empezar a experimentar la experiencia Herbpress de inmediato, te recomendamos que adquieras uno alternativo:<\/p>\n<ul data-start=\"794\" data-end=\"947\">\n<li data-start=\"794\" data-end=\"856\">\n<p data-start=\"796\" data-end=\"856\">El <a href=\"http:\/\/www.wildenherbals.com\/shop\/herbpress\/herbpress-kit-2\/\" target=\"_blank\" rel=\"noopener\"><strong data-start=\"799\" data-end=\"815\">kit de prueba<\/strong><\/a>que incluye 4 infusiones en formato de bolsita<\/p>\n<\/li>\n<li data-start=\"857\" data-end=\"947\">\n<p data-start=\"859\" data-end=\"947\">O adem\u00e1s las <strong data-start=\"869\" data-end=\"912\">mezclas compatibles en formato softpack <\/strong>que puedes encontrar <a href=\"http:\/\/www.wildenherbals.com\/tipologia\/herbpress\/\" target=\"_blank\" rel=\"noopener\"><strong data-start=\"869\" data-end=\"912\">aqu\u00ed<\/strong><\/a>que contienen 20 filtros cuadrados.<\/p>\n<\/li>\n<\/ul>\n<p data-start=\"859\" data-end=\"947\"><strong data-start=\"954\" data-end=\"1002\">Encuentra el kit compatible con tu m\u00e1quina:<\/strong><\/p>\n<p data-start=\"1004\" data-end=\"1199\">Elige la versi\u00f3n adecuada para tu modelo de cafetera espresso: comprueba las <strong data-start=\"1086\" data-end=\"1120\">variantes disponibles<\/strong> para asegurarte de que seleccionas el filtro y el disco perfectamente compatibles.<\/p>\n<p data-start=\"118\" data-end=\"281\"><strong data-start=\"118\" data-end=\"176\">Tecnolog\u00eda patentada <\/strong>para extraer infusiones y tisanas con m\u00e1quinas de caf\u00e9 espresso. Intensidad y precisi\u00f3n en s\u00f3lo 60 segundos. <\/p>\n<p data-start=\"288\" data-end=\"319\"><strong data-start=\"288\" data-end=\"319\">Caracter\u00edsticas principales:<\/strong><\/p>\n<ul data-start=\"321\" data-end=\"719\">\n<li data-start=\"321\" data-end=\"594\">\n<p data-start=\"323\" data-end=\"347\"><strong data-start=\"323\" data-end=\"345\">Filtro HERBPRESS 5<\/strong><\/p>\n<ul data-start=\"350\" data-end=\"594\">\n<li data-start=\"350\" data-end=\"386\">\n<p data-start=\"352\" data-end=\"386\">Acero inoxidable 304 electropulido<\/p>\n<\/li>\n<li data-start=\"389\" data-end=\"425\">\n<p data-start=\"391\" data-end=\"425\">Agujero \u00fanico \u00d8 0,30 mm en la parte inferior<\/p>\n<\/li>\n<li data-start=\"428\" data-end=\"489\">\n<p data-start=\"430\" data-end=\"489\">Membrana fotograbada AISI 301 (150 micras) + soporte de 85 agujeros en acero bruto 301<\/p>\n<\/li>\n<li data-start=\"492\" data-end=\"512\">\n<p data-start=\"494\" data-end=\"512\">Dise\u00f1o sin aros rojos<\/p>\n<\/li>\n<li data-start=\"515\" data-end=\"554\">\n<p data-start=\"517\" data-end=\"554\">\u00d8 interior 51,5 mm &#8211; \u00d8 borde 61,5 mm<\/p>\n<\/li>\n<li data-start=\"557\" data-end=\"594\">\n<p data-start=\"559\" data-end=\"594\">Compatible con prensas de 51 mm<\/p>\n<\/li>\n<\/ul>\n<\/li>\n<li data-start=\"596\" data-end=\"719\">\n<p data-start=\"598\" data-end=\"619\"><strong data-start=\"598\" data-end=\"617\">DISCO DIFUSOR 5<\/strong><\/p>\n<ul data-start=\"622\" data-end=\"719\">\n<li data-start=\"622\" data-end=\"654\">\n<p data-start=\"624\" data-end=\"654\">Acero inoxidable AISI 301<\/p>\n<\/li>\n<li data-start=\"657\" data-end=\"719\">\n<p data-start=\"659\" data-end=\"719\">Perforaci\u00f3n optimizada para una distribuci\u00f3n centrada y uniforme<\/p>\n<\/li>\n<\/ul>\n<\/li>\n<\/ul>\n<p data-start=\"726\" data-end=\"753\"><strong data-start=\"726\" data-end=\"751\">Uso recomendado:<\/strong><\/p>\n<ul data-start=\"754\" data-end=\"843\">\n<li data-start=\"754\" data-end=\"783\">\n<p data-start=\"756\" data-end=\"783\">Dosis: 1,5 &#8211; 2 g de planta<\/p>\n<\/li>\n<li data-start=\"784\" data-end=\"820\">\n<p data-start=\"786\" data-end=\"820\">Extracci\u00f3n: 150-180 ml en 60 seg.<\/p>\n<\/li>\n<li data-start=\"821\" data-end=\"843\">\n<p data-start=\"823\" data-end=\"843\">Presi\u00f3n: 8-9 bar<\/p>\n<\/li>\n<\/ul>\n<p data-start=\"850\" data-end=\"895\"><strong data-start=\"850\" data-end=\"877\">Compatibilidad total:<\/strong><br data-start=\"877\" data-end=\"880\">Delonghi, Smeg.<\/p>\n","protected":false},"excerpt":{"rendered":"<p>Herbpress: infusiones listas en 60 segundos con tu cafetera espresso Herbpress es la primera tecnolog\u00eda patentada, desarrollada por Wilden Herbals en colaboraci\u00f3n con IMS, que te permite preparar tisanas e infusiones utilizando tu cafetera espresso. Combina precisi\u00f3n, velocidad e intensidad arom\u00e1tica para un resultado sorprendente, listo en s\u00f3lo 60 segundos. Qu\u00e9 incluye: Este kit s\u00f3lo [&hellip;]<\/p>\n","protected":false},"featured_media":44509,"template":"","meta":{"_acf_changed":false,"inline_featured_image":false,"_mbp_gutenberg_autopost":false},"product_brand":[],"product_cat":[1643],"product_tag":[],"partner":[],"line":[],"class_list":{"0":"post-45728","1":"product","2":"type-product","3":"status-publish","4":"has-post-thumbnail","6":"product_cat-herbpress-es","7":"product_shipping_class-herbpress-spedizione-da-it-es","9":"first","10":"instock","11":"taxable","12":"shipping-taxable","13":"purchasable","14":"product-type-simple"},"bundle_layout":"","bundled_by":[],"bundled_items":[],"acf":[],"_links":{"self":[{"href":"https:\/\/wildenherbals.com\/es\/wp-json\/wp\/v2\/product\/45728","targetHints":{"allow":["GET"]}}],"collection":[{"href":"https:\/\/wildenherbals.com\/es\/wp-json\/wp\/v2\/product"}],"about":[{"href":"https:\/\/wildenherbals.com\/es\/wp-json\/wp\/v2\/types\/product"}],"wp:featuredmedia":[{"embeddable":true,"href":"https:\/\/wildenherbals.com\/es\/wp-json\/wp\/v2\/media\/44509"}],"wp:attachment":[{"href":"https:\/\/wildenherbals.com\/es\/wp-json\/wp\/v2\/media?parent=45728"}],"wp:term":[{"taxonomy":"product_brand","embeddable":true,"href":"https:\/\/wildenherbals.com\/es\/wp-json\/wp\/v2\/product_brand?post=45728"},{"taxonomy":"product_cat","embeddable":true,"href":"https:\/\/wildenherbals.com\/es\/wp-json\/wp\/v2\/product_cat?post=45728"},{"taxonomy":"product_tag","embeddable":true,"href":"https:\/\/wildenherbals.com\/es\/wp-json\/wp\/v2\/product_tag?post=45728"},{"taxonomy":"partner","embeddable":true,"href":"https:\/\/wildenherbals.com\/es\/wp-json\/wp\/v2\/partner?post=45728"},{"taxonomy":"line","embeddable":true,"href":"https:\/\/wildenherbals.com\/es\/wp-json\/wp\/v2\/line?post=45728"}],"curies":[{"name":"wp","href":"https:\/\/api.w.org\/{rel}","templated":true}]}}