{"id":45722,"date":"2025-06-26T13:26:29","date_gmt":"2025-06-26T11:26:29","guid":{"rendered":"https:\/\/wildenherbals.com\/?post_type=product&#038;p=45722"},"modified":"2026-03-06T10:58:55","modified_gmt":"2026-03-06T09:58:55","slug":"filtro-herbpress-y-disco-difusor-copia-copia-3","status":"publish","type":"product","link":"https:\/\/wildenherbals.com\/es\/shop\/herbpress-es\/filtro-herbpress-y-disco-difusor-copia-copia-3\/","title":{"rendered":"FILTRO HERBPRESS4 \u00d8 interior: 54 mm \u00d8 del borde: 62.5 mm Tama\u00f1os de prensadores: 53 \/ 53.4 mm Compatibilidad completa: Breville \/ Sage, Solis"},"content":{"rendered":"<p data-start=\"159\" data-end=\"233\"><strong data-start=\"159\" data-end=\"233\">Herbpress: infusiones listas en 60 segundos con tu cafetera espresso<\/strong><\/p>\n<p data-start=\"235\" data-end=\"540\">Herbpress es la primera tecnolog\u00eda patentada, desarrollada por Wilden Herbals en colaboraci\u00f3n con IMS, que te permite preparar tisanas e infusiones utilizando tu cafetera espresso. Combina <strong data-start=\"428\" data-end=\"442\">precisi\u00f3n<\/strong>, <strong data-start=\"444\" data-end=\"456\">velocidad<\/strong> e <strong data-start=\"459\" data-end=\"482\">intensidad arom\u00e1tica<\/strong> para un resultado sorprendente, listo en s\u00f3lo 60 segundos. <\/p>\n<p data-start=\"547\" data-end=\"570\"><strong data-start=\"547\" data-end=\"570\">Qu\u00e9 incluye:<\/strong><\/p>\n<p data-start=\"572\" data-end=\"697\">Este kit <strong data-start=\"592\" data-end=\"641\">s\u00f3lo contiene el filtro y el disco difusor<\/strong> necesarios para la extracci\u00f3n con la tecnolog\u00eda Herbpress. Para empezar a experimentar la experiencia Herbpress de inmediato, te recomendamos que adquieras uno alternativo:<\/p>\n<ul data-start=\"794\" data-end=\"947\">\n<li data-start=\"794\" data-end=\"856\">\n<p data-start=\"796\" data-end=\"856\">El <a href=\"http:\/\/www.wildenherbals.com\/shop\/herbpress\/herbpress-kit-2\/\" target=\"_blank\" rel=\"noopener\"><strong data-start=\"799\" data-end=\"815\">kit de prueba<\/strong><\/a>que incluye 4 infusiones en formato de bolsita<\/p>\n<\/li>\n<li data-start=\"857\" data-end=\"947\">\n<p data-start=\"859\" data-end=\"947\">O adem\u00e1s las <strong data-start=\"869\" data-end=\"912\">mezclas compatibles en formato softpack <\/strong>que puedes encontrar <a href=\"http:\/\/www.wildenherbals.com\/tipologia\/herbpress\/\" target=\"_blank\" rel=\"noopener\"><strong data-start=\"869\" data-end=\"912\">aqu\u00ed<\/strong><\/a>que contienen 20 filtros cuadrados.<\/p>\n<\/li>\n<\/ul>\n<p data-start=\"859\" data-end=\"947\"><strong data-start=\"954\" data-end=\"1002\">Encuentra el kit compatible con tu m\u00e1quina:<\/strong><\/p>\n<p data-start=\"1004\" data-end=\"1199\">Elige la versi\u00f3n adecuada para tu modelo de cafetera espresso: comprueba las <strong data-start=\"1086\" data-end=\"1120\">variantes disponibles<\/strong> para asegurarte de que seleccionas el filtro y el disco perfectamente compatibles.<\/p>\n<p data-start=\"126\" data-end=\"291\"><strong data-start=\"126\" data-end=\"184\">Tecnolog\u00eda patentada <\/strong> para extraer infusiones y tisanas con una cafetera espresso. Intensidad y velocidad en una infusi\u00f3n de 60 segundos. <\/p>\n<p data-start=\"298\" data-end=\"329\"><strong data-start=\"298\" data-end=\"329\">Caracter\u00edsticas principales:<\/strong><\/p>\n<ul data-start=\"331\" data-end=\"745\">\n<li data-start=\"331\" data-end=\"609\">\n<p data-start=\"333\" data-end=\"357\"><strong data-start=\"333\" data-end=\"355\">Filtro HERBPRESS 4<\/strong><\/p>\n<ul data-start=\"360\" data-end=\"609\">\n<li data-start=\"360\" data-end=\"396\">\n<p data-start=\"362\" data-end=\"396\">Acero inoxidable 304 electropulido<\/p>\n<\/li>\n<li data-start=\"399\" data-end=\"435\">\n<p data-start=\"401\" data-end=\"435\">Agujero \u00fanico \u00d8 0,30 mm en la parte inferior<\/p>\n<\/li>\n<li data-start=\"438\" data-end=\"499\">\n<p data-start=\"440\" data-end=\"499\">Membrana fotograbada AISI 301 (150 micras) + soporte de 85 agujeros en acero bruto 301<\/p>\n<\/li>\n<li data-start=\"502\" data-end=\"522\">\n<p data-start=\"504\" data-end=\"522\">Dise\u00f1o sin aros rojos<\/p>\n<\/li>\n<li data-start=\"525\" data-end=\"562\">\n<p data-start=\"527\" data-end=\"562\">\u00d8 interior 54 mm &#8211; \u00d8 borde 62,5 mm<\/p>\n<\/li>\n<li data-start=\"565\" data-end=\"609\">\n<p data-start=\"567\" data-end=\"609\">Compatible con prensas de 53 \/ 53,4 mm<\/p>\n<\/li>\n<\/ul>\n<\/li>\n<li data-start=\"611\" data-end=\"745\">\n<p data-start=\"613\" data-end=\"642\"><strong data-start=\"613\" data-end=\"640\">DISCO DIFUSOR 2 \/ 3 \/ 4<\/strong><\/p>\n<ul data-start=\"645\" data-end=\"745\">\n<li data-start=\"645\" data-end=\"677\">\n<p data-start=\"647\" data-end=\"677\">Acero inoxidable AISI 301<\/p>\n<\/li>\n<li data-start=\"680\" data-end=\"745\">\n<p data-start=\"682\" data-end=\"745\">Perforaci\u00f3n dise\u00f1ada para una distribuci\u00f3n uniforme del agua<\/p>\n<\/li>\n<\/ul>\n<\/li>\n<\/ul>\n<p data-start=\"752\" data-end=\"779\"><strong data-start=\"752\" data-end=\"777\">Uso recomendado:<\/strong><\/p>\n<ul data-start=\"780\" data-end=\"869\">\n<li data-start=\"780\" data-end=\"809\">\n<p data-start=\"782\" data-end=\"809\">Dosis: 1,5 &#8211; 2 g de planta<\/p>\n<\/li>\n<li data-start=\"810\" data-end=\"846\">\n<p data-start=\"812\" data-end=\"846\">Extracci\u00f3n: 150-180 ml en 60 seg.<\/p>\n<\/li>\n<li data-start=\"847\" data-end=\"869\">\n<p data-start=\"849\" data-end=\"869\">Presi\u00f3n: 8-9 bar<\/p>\n<\/li>\n<\/ul>\n<p data-start=\"876\" data-end=\"929\"><strong data-start=\"876\" data-end=\"903\">Compatibilit\u00e0 completa:<\/strong><br data-start=\"903\" data-end=\"906\">Breville \/ Sage, Solis.<\/p>\n","protected":false},"excerpt":{"rendered":"<p>Herbpress: infusiones listas en 60 segundos con tu cafetera espresso Herbpress es la primera tecnolog\u00eda patentada, desarrollada por Wilden Herbals en colaboraci\u00f3n con IMS, que te permite preparar tisanas e infusiones utilizando tu cafetera espresso. Combina precisi\u00f3n, velocidad e intensidad arom\u00e1tica para un resultado sorprendente, listo en s\u00f3lo 60 segundos. Qu\u00e9 incluye: Este kit s\u00f3lo [&hellip;]<\/p>\n","protected":false},"featured_media":44509,"template":"","meta":{"_acf_changed":false,"inline_featured_image":false,"_mbp_gutenberg_autopost":false},"product_brand":[],"product_cat":[1643],"product_tag":[],"partner":[],"line":[],"class_list":{"0":"post-45722","1":"product","2":"type-product","3":"status-publish","4":"has-post-thumbnail","6":"product_cat-herbpress-es","7":"product_shipping_class-herbpress-spedizione-da-it-es","9":"first","10":"instock","11":"taxable","12":"shipping-taxable","13":"purchasable","14":"product-type-simple"},"bundle_layout":"","bundled_by":[],"bundled_items":[],"acf":[],"_links":{"self":[{"href":"https:\/\/wildenherbals.com\/es\/wp-json\/wp\/v2\/product\/45722","targetHints":{"allow":["GET"]}}],"collection":[{"href":"https:\/\/wildenherbals.com\/es\/wp-json\/wp\/v2\/product"}],"about":[{"href":"https:\/\/wildenherbals.com\/es\/wp-json\/wp\/v2\/types\/product"}],"wp:featuredmedia":[{"embeddable":true,"href":"https:\/\/wildenherbals.com\/es\/wp-json\/wp\/v2\/media\/44509"}],"wp:attachment":[{"href":"https:\/\/wildenherbals.com\/es\/wp-json\/wp\/v2\/media?parent=45722"}],"wp:term":[{"taxonomy":"product_brand","embeddable":true,"href":"https:\/\/wildenherbals.com\/es\/wp-json\/wp\/v2\/product_brand?post=45722"},{"taxonomy":"product_cat","embeddable":true,"href":"https:\/\/wildenherbals.com\/es\/wp-json\/wp\/v2\/product_cat?post=45722"},{"taxonomy":"product_tag","embeddable":true,"href":"https:\/\/wildenherbals.com\/es\/wp-json\/wp\/v2\/product_tag?post=45722"},{"taxonomy":"partner","embeddable":true,"href":"https:\/\/wildenherbals.com\/es\/wp-json\/wp\/v2\/partner?post=45722"},{"taxonomy":"line","embeddable":true,"href":"https:\/\/wildenherbals.com\/es\/wp-json\/wp\/v2\/line?post=45722"}],"curies":[{"name":"wp","href":"https:\/\/api.w.org\/{rel}","templated":true}]}}