{"id":45704,"date":"2025-06-26T13:08:15","date_gmt":"2025-06-26T11:08:15","guid":{"rendered":"https:\/\/wildenherbals.com\/?post_type=product&#038;p=45704"},"modified":"2026-03-06T11:00:34","modified_gmt":"2026-03-06T10:00:34","slug":"filtro-herbpress-y-disco-difusor-copia-copia","status":"publish","type":"product","link":"https:\/\/wildenherbals.com\/es\/shop\/herbpress-es\/filtro-herbpress-y-disco-difusor-copia-copia\/","title":{"rendered":"FILTRO HERBPRESS2 \u00d8 interior: 55 mm \u00d8 del borde: 66 mm Tama\u00f1os de prensadores: 54 \/ 54.4 mm Compatibilidad completa: Dalla Corte, La San Marco, Olympia Express Maximatic"},"content":{"rendered":"<p data-start=\"159\" data-end=\"233\"><strong data-start=\"159\" data-end=\"233\">Herbpress: infusiones listas en 60 segundos con tu cafetera espresso<\/strong><\/p>\n<p data-start=\"235\" data-end=\"540\">Herbpress es la primera tecnolog\u00eda patentada, desarrollada por Wilden Herbals en colaboraci\u00f3n con IMS, que te permite preparar tisanas e infusiones utilizando tu cafetera espresso. Combina <strong data-start=\"428\" data-end=\"442\">precisi\u00f3n<\/strong>, <strong data-start=\"444\" data-end=\"456\">velocidad<\/strong> e <strong data-start=\"459\" data-end=\"482\">intensidad arom\u00e1tica<\/strong> para un resultado sorprendente, listo en s\u00f3lo 60 segundos. <\/p>\n<p data-start=\"547\" data-end=\"570\"><strong data-start=\"547\" data-end=\"570\">Qu\u00e9 incluye:<\/strong><\/p>\n<p data-start=\"572\" data-end=\"697\">Este kit <strong data-start=\"592\" data-end=\"641\">s\u00f3lo contiene el filtro y el disco difusor<\/strong> necesarios para la extracci\u00f3n con la tecnolog\u00eda Herbpress. Para empezar a experimentar la experiencia Herbpress de inmediato, te recomendamos que adquieras uno alternativo:<\/p>\n<ul data-start=\"794\" data-end=\"947\">\n<li data-start=\"794\" data-end=\"856\">\n<p data-start=\"796\" data-end=\"856\">El <a href=\"http:\/\/www.wildenherbals.com\/shop\/herbpress\/herbpress-kit-2\/\" target=\"_blank\" rel=\"noopener\"><strong data-start=\"799\" data-end=\"815\">kit de prueba<\/strong><\/a>que incluye 4 infusiones en formato de bolsita<\/p>\n<\/li>\n<li data-start=\"857\" data-end=\"947\">\n<p data-start=\"859\" data-end=\"947\">O adem\u00e1s las <strong data-start=\"869\" data-end=\"912\">mezclas compatibles en formato softpack <\/strong>que puedes encontrar <a href=\"http:\/\/www.wildenherbals.com\/tipologia\/herbpress\/\" target=\"_blank\" rel=\"noopener\"><strong data-start=\"869\" data-end=\"912\">aqu\u00ed<\/strong><\/a>que contienen 20 filtros cuadrados.<\/p>\n<\/li>\n<\/ul>\n<p data-start=\"859\" data-end=\"947\"><strong data-start=\"954\" data-end=\"1002\">Encuentra el kit compatible con tu m\u00e1quina:<\/strong><\/p>\n<p data-start=\"1004\" data-end=\"1199\">Elige la versi\u00f3n adecuada para tu modelo de cafetera espresso: comprueba las <strong data-start=\"1086\" data-end=\"1120\">variantes disponibles<\/strong> para asegurarte de que seleccionas el filtro y el disco perfectamente compatibles.<\/p>\n<p data-start=\"126\" data-end=\"309\"><strong data-start=\"126\" data-end=\"184\">Tecnolog\u00eda patentada <\/strong> dise\u00f1ada para la extracci\u00f3n de tisanas e infusiones con una cafetera espresso. M\u00e1xima intensidad arom\u00e1tica en s\u00f3lo 60 segundos. <\/p>\n<p data-start=\"316\" data-end=\"347\"><strong data-start=\"316\" data-end=\"347\">Caracter\u00edsticas principales:<\/strong><\/p>\n<ul data-start=\"349\" data-end=\"755\">\n<li data-start=\"349\" data-end=\"622\">\n<p data-start=\"351\" data-end=\"375\"><strong data-start=\"351\" data-end=\"373\">Filtro HERBPRESS 2<\/strong><\/p>\n<ul data-start=\"378\" data-end=\"622\">\n<li data-start=\"378\" data-end=\"414\">\n<p data-start=\"380\" data-end=\"414\">Acero inoxidable 304 electropulido<\/p>\n<\/li>\n<li data-start=\"417\" data-end=\"453\">\n<p data-start=\"419\" data-end=\"453\">Agujero \u00fanico \u00d8 0,30 mm en la parte inferior<\/p>\n<\/li>\n<li data-start=\"456\" data-end=\"517\">\n<p data-start=\"458\" data-end=\"517\">Membrana fotograbada AISI 301 (150 micras) + soporte de 85 agujeros en acero bruto 301<\/p>\n<\/li>\n<li data-start=\"520\" data-end=\"540\">\n<p data-start=\"522\" data-end=\"540\">Dise\u00f1o sin aros rojos<\/p>\n<\/li>\n<li data-start=\"543\" data-end=\"578\">\n<p data-start=\"545\" data-end=\"578\">\u00d8 interior 55 mm &#8211; \u00d8 borde 66 mm<\/p>\n<\/li>\n<li data-start=\"581\" data-end=\"622\">\n<p data-start=\"583\" data-end=\"622\">Compatible con prensas de 54 \/ 54,4 mm<\/p>\n<\/li>\n<\/ul>\n<\/li>\n<li data-start=\"624\" data-end=\"755\">\n<p data-start=\"626\" data-end=\"655\"><strong data-start=\"626\" data-end=\"653\">DISCO DIFUSOR 2 \/ 3 \/ 4<\/strong><\/p>\n<ul data-start=\"658\" data-end=\"755\">\n<li data-start=\"658\" data-end=\"690\">\n<p data-start=\"660\" data-end=\"690\">Acero inoxidable AISI 301<\/p>\n<\/li>\n<li data-start=\"693\" data-end=\"755\">\n<p data-start=\"695\" data-end=\"755\">Perforaci\u00f3n optimizada para una distribuci\u00f3n uniforme del agua<\/p>\n<\/li>\n<\/ul>\n<\/li>\n<\/ul>\n<p data-start=\"762\" data-end=\"789\"><strong data-start=\"762\" data-end=\"787\">Uso recomendado:<\/strong><\/p>\n<ul data-start=\"790\" data-end=\"879\">\n<li data-start=\"790\" data-end=\"819\">\n<p data-start=\"792\" data-end=\"819\">Dosis: 1,5 &#8211; 2 g de planta<\/p>\n<\/li>\n<li data-start=\"820\" data-end=\"856\">\n<p data-start=\"822\" data-end=\"856\">Extracci\u00f3n: 150-180 ml en 60 seg.<\/p>\n<\/li>\n<li data-start=\"857\" data-end=\"879\">\n<p data-start=\"859\" data-end=\"879\">Presi\u00f3n: 8-9 bar<\/p>\n<\/li>\n<\/ul>\n<p data-start=\"886\" data-end=\"969\"><strong data-start=\"886\" data-end=\"913\">Compatibilit\u00e0 completa:<\/strong><br data-start=\"913\" data-end=\"916\">Dalla Corte, La San Marco, Olympia Express Maximatic.<\/p>\n","protected":false},"excerpt":{"rendered":"<p>Herbpress: infusiones listas en 60 segundos con tu cafetera espresso Herbpress es la primera tecnolog\u00eda patentada, desarrollada por Wilden Herbals en colaboraci\u00f3n con IMS, que te permite preparar tisanas e infusiones utilizando tu cafetera espresso. Combina precisi\u00f3n, velocidad e intensidad arom\u00e1tica para un resultado sorprendente, listo en s\u00f3lo 60 segundos. Qu\u00e9 incluye: Este kit s\u00f3lo [&hellip;]<\/p>\n","protected":false},"featured_media":44509,"template":"","meta":{"_acf_changed":false,"inline_featured_image":false,"_mbp_gutenberg_autopost":false},"product_brand":[],"product_cat":[1643],"product_tag":[],"partner":[],"line":[],"class_list":{"0":"post-45704","1":"product","2":"type-product","3":"status-publish","4":"has-post-thumbnail","6":"product_cat-herbpress-es","7":"product_shipping_class-herbpress-spedizione-da-it-es","9":"first","10":"instock","11":"taxable","12":"shipping-taxable","13":"purchasable","14":"product-type-simple"},"bundle_layout":"","bundled_by":[],"bundled_items":[],"acf":[],"_links":{"self":[{"href":"https:\/\/wildenherbals.com\/es\/wp-json\/wp\/v2\/product\/45704","targetHints":{"allow":["GET"]}}],"collection":[{"href":"https:\/\/wildenherbals.com\/es\/wp-json\/wp\/v2\/product"}],"about":[{"href":"https:\/\/wildenherbals.com\/es\/wp-json\/wp\/v2\/types\/product"}],"wp:featuredmedia":[{"embeddable":true,"href":"https:\/\/wildenherbals.com\/es\/wp-json\/wp\/v2\/media\/44509"}],"wp:attachment":[{"href":"https:\/\/wildenherbals.com\/es\/wp-json\/wp\/v2\/media?parent=45704"}],"wp:term":[{"taxonomy":"product_brand","embeddable":true,"href":"https:\/\/wildenherbals.com\/es\/wp-json\/wp\/v2\/product_brand?post=45704"},{"taxonomy":"product_cat","embeddable":true,"href":"https:\/\/wildenherbals.com\/es\/wp-json\/wp\/v2\/product_cat?post=45704"},{"taxonomy":"product_tag","embeddable":true,"href":"https:\/\/wildenherbals.com\/es\/wp-json\/wp\/v2\/product_tag?post=45704"},{"taxonomy":"partner","embeddable":true,"href":"https:\/\/wildenherbals.com\/es\/wp-json\/wp\/v2\/partner?post=45704"},{"taxonomy":"line","embeddable":true,"href":"https:\/\/wildenherbals.com\/es\/wp-json\/wp\/v2\/line?post=45704"}],"curies":[{"name":"wp","href":"https:\/\/api.w.org\/{rel}","templated":true}]}}