{"id":44239,"date":"2025-06-04T15:42:47","date_gmt":"2025-06-04T13:42:47","guid":{"rendered":"https:\/\/wildenherbals.com\/?post_type=product&#038;p=44239"},"modified":"2025-10-09T11:36:38","modified_gmt":"2025-10-09T09:36:38","slug":"infusion-fria-detox-24-latas-copia-copia-copia-copia-copia-copia-copia-copia-copia","status":"publish","type":"product","link":"https:\/\/wildenherbals.com\/es\/shop\/herbpress-es\/infusion-fria-detox-24-latas-copia-copia-copia-copia-copia-copia-copia-copia-copia\/","title":{"rendered":"Herbpress Verbena Lim\u00f3n Softpack 20 filtros cuadrados"},"content":{"rendered":"<p data-start=\"59\" data-end=\"349\">Rel\u00e1jate con la pureza de la naturaleza gracias a <strong data-start=\"106\" data-end=\"133\">Herbpress Verbena<\/strong> <strong data-start=\"223\" data-end=\"276\">de<\/strong> <strong data-start=\"106\" data-end=\"133\">Lim\u00f3n<\/strong>, un envase blando que contiene <strong data-start=\"158\" data-end=\"180\">20 filtros cuadrados<\/strong> predosificados elaborados exclusivamente con <strong data-start=\"223\" data-end=\"276\">Verbena de Lim\u00f3n monobot\u00e1nica<\/strong>, una planta conocida por sus propiedades beneficiosas y su delicado aroma.<\/p>\n<p data-start=\"351\" data-end=\"377\"><strong data-start=\"351\" data-end=\"375\">Principales ventajas:<\/strong><\/p>\n<ul data-start=\"378\" data-end=\"540\">\n<li data-start=\"378\" data-end=\"405\">\n<p data-start=\"380\" data-end=\"405\">Favorece la digesti\u00f3n<\/p>\n<\/li>\n<li data-start=\"406\" data-end=\"442\">\n<p data-start=\"408\" data-end=\"442\">Tiene efectos calmantes y relajantes<\/p>\n<\/li>\n<li data-start=\"443\" data-end=\"489\">\n<p data-start=\"445\" data-end=\"489\">Contribuye al bienestar mental y f\u00edsico<\/p>\n<\/li>\n<li data-start=\"490\" data-end=\"540\">\n<p data-start=\"492\" data-end=\"540\">Puede ayudar a combatir el estr\u00e9s y el insomnio<\/p>\n<\/li>\n<\/ul>\n<p data-start=\"542\" data-end=\"797\"><strong data-start=\"542\" data-end=\"562\">Sabor en la taza:<\/strong><br data-start=\"562\" data-end=\"565\">En infusi\u00f3n, la Verbena de Lim\u00f3n desprende un sabor <strong data-start=\"615\" data-end=\"636\">fresco y c\u00edtrico<\/strong> con ligeras notas florales. El resultado es una bebida <strong data-start=\"694\" data-end=\"754\">refrescante, armoniosa y naturalmente sin cafe\u00edna<\/strong>, perfecta para cualquier momento del d\u00eda. <\/p>\n<p data-start=\"799\" data-end=\"980\"><strong data-start=\"799\" data-end=\"817\">Compatibilidad:<\/strong><br data-start=\"817\" data-end=\"820\">Para usar exclusivamente con la tecnolog\u00eda <strong data-start=\"867\" data-end=\"880\">Herbpress<\/strong>, que garantiza una extracci\u00f3n \u00f3ptima de los principios activos bot\u00e1nicos y una taza rica en aroma y beneficios.<\/p>\n<p data-start=\"982\" data-end=\"1052\" data-is-last-node=\"\" data-is-only-node=\"\"><em><strong>Descubre el placer de una tisana expr\u00e9s, funcional y 100% natural.<\/strong><\/em><\/p>\n","protected":false},"excerpt":{"rendered":"<p>Tisana de <strong data-start=\"89\" data-end=\"106\">lim\u00f3n y verbena<\/strong>, ideal para facilitar <strong data-start=\"128\" data-end=\"150\">la digesti\u00f3n y la relajaci\u00f3n<\/strong>. Cada paquete contiene <strong data-start=\"177\" data-end=\"199\">20 filtros cuadrados<\/strong> <strong data-start=\"230\" data-end=\"243\">compatibles con Herbpress<\/strong>. Con su sabor <strong data-start=\"257\" data-end=\"288\">fresco, c\u00edtrico y natural<\/strong>, es perfecta a cualquier hora del d\u00eda.  <\/p>\n","protected":false},"featured_media":47710,"template":"","meta":{"_acf_changed":false,"inline_featured_image":false,"_mbp_gutenberg_autopost":false},"product_brand":[],"product_cat":[1643],"product_tag":[],"partner":[],"line":[],"class_list":{"0":"post-44239","1":"product","2":"type-product","3":"status-publish","4":"has-post-thumbnail","6":"product_cat-herbpress-es","7":"product_shipping_class-herbpress-spedizione-da-it-es","9":"first","10":"instock","11":"taxable","12":"shipping-taxable","13":"purchasable","14":"product-type-simple"},"bundle_layout":"","bundled_by":[],"bundled_items":[],"acf":[],"_links":{"self":[{"href":"https:\/\/wildenherbals.com\/es\/wp-json\/wp\/v2\/product\/44239","targetHints":{"allow":["GET"]}}],"collection":[{"href":"https:\/\/wildenherbals.com\/es\/wp-json\/wp\/v2\/product"}],"about":[{"href":"https:\/\/wildenherbals.com\/es\/wp-json\/wp\/v2\/types\/product"}],"wp:featuredmedia":[{"embeddable":true,"href":"https:\/\/wildenherbals.com\/es\/wp-json\/wp\/v2\/media\/47710"}],"wp:attachment":[{"href":"https:\/\/wildenherbals.com\/es\/wp-json\/wp\/v2\/media?parent=44239"}],"wp:term":[{"taxonomy":"product_brand","embeddable":true,"href":"https:\/\/wildenherbals.com\/es\/wp-json\/wp\/v2\/product_brand?post=44239"},{"taxonomy":"product_cat","embeddable":true,"href":"https:\/\/wildenherbals.com\/es\/wp-json\/wp\/v2\/product_cat?post=44239"},{"taxonomy":"product_tag","embeddable":true,"href":"https:\/\/wildenherbals.com\/es\/wp-json\/wp\/v2\/product_tag?post=44239"},{"taxonomy":"partner","embeddable":true,"href":"https:\/\/wildenherbals.com\/es\/wp-json\/wp\/v2\/partner?post=44239"},{"taxonomy":"line","embeddable":true,"href":"https:\/\/wildenherbals.com\/es\/wp-json\/wp\/v2\/line?post=44239"}],"curies":[{"name":"wp","href":"https:\/\/api.w.org\/{rel}","templated":true}]}}