{"id":44221,"date":"2025-06-04T14:53:01","date_gmt":"2025-06-04T12:53:01","guid":{"rendered":"https:\/\/wildenherbals.com\/?post_type=product&#038;p=44221"},"modified":"2025-10-09T11:37:57","modified_gmt":"2025-10-09T09:37:57","slug":"infusion-fria-detox-24-latas-copia-copia-copia-copia-copia-copia","status":"publish","type":"product","link":"https:\/\/wildenherbals.com\/es\/shop\/herbpress-es\/infusion-fria-detox-24-latas-copia-copia-copia-copia-copia-copia\/","title":{"rendered":"Herbpress Hibiscus Harmony Softpack 20 filtros cuadrados"},"content":{"rendered":"<p data-start=\"191\" data-end=\"621\">Una infusi\u00f3n dise\u00f1ada para regenerar el cuerpo y la mente: <em data-start=\"310\" data-end=\"328\">Armon\u00eda de Hibisco<\/em> es una armoniosa mezcla bot\u00e1nica de <strong data-start=\"372\" data-end=\"430\">regaliz, jengibre, hinojo, hierba luisa e hibisco<\/strong>, cuidadosamente seleccionada por sus propiedades beneficiosas y su sabor envolvente. El envase blando contiene 20 filtros cuadrados predosificados, listos para acompa\u00f1arte en cualquier momento del d\u00eda. <\/p>\n<ul data-start=\"653\" data-end=\"969\">\n<li data-start=\"653\" data-end=\"734\">\n<p data-start=\"655\" data-end=\"734\"><strong data-start=\"655\" data-end=\"692\">Favorece la depuraci\u00f3n natural<\/strong> del organismo y favorece la digesti\u00f3n<\/p>\n<\/li>\n<li data-start=\"735\" data-end=\"793\">\n<p data-start=\"737\" data-end=\"793\"><strong data-start=\"737\" data-end=\"791\">Contribuye al bienestar del sistema circulatorio<\/strong><\/p>\n<\/li>\n<li data-start=\"794\" data-end=\"881\">\n<p data-start=\"796\" data-end=\"881\"><strong data-start=\"796\" data-end=\"831\">Rico en antioxidantes naturales<\/strong>, que ayudan a combatir el estr\u00e9s oxidativo<\/p>\n<\/li>\n<li data-start=\"882\" data-end=\"969\">\n<p data-start=\"884\" data-end=\"969\"><strong data-start=\"884\" data-end=\"921\">Efecto refrescante y calmante de la sed<\/strong>, tambi\u00e9n perfecto fr\u00edo en d\u00edas calurosos<\/p>\n<\/li>\n<\/ul>\n<p data-start=\"997\" data-end=\"1331\">La infusi\u00f3n se abre con el sabor vivo y ligeramente \u00e1cido del hibisco, suavizado por la dulzura natural del regaliz, el picante del jengibre, la frescura del hinojo y las notas c\u00edtricas de la hierbaluisa. Una combinaci\u00f3n armoniosa, <strong data-start=\"1257\" data-end=\"1291\">naturalmente sin cafe\u00edna<\/strong>, ideal a cualquier hora del d\u00eda. <\/p>\n<p data-start=\"1364\" data-end=\"1523\"><strong data-start=\"1364\" data-end=\"1400\">Adecuado para la tecnolog\u00eda Herbpress<\/strong>, que garantiza una extracci\u00f3n \u00f3ptima y equilibrada de los principios activos bot\u00e1nicos, para una taza rica en aroma, sabor y beneficios.<\/p>\n","protected":false},"excerpt":{"rendered":"<p>Una infusi\u00f3n dise\u00f1ada para regenerar el cuerpo y la mente: Armon\u00eda de Hibisco es una armoniosa mezcla bot\u00e1nica de regaliz, jengibre, hinojo, hierba luisa e hibisco, cuidadosamente seleccionada por sus propiedades beneficiosas y su sabor envolvente. El envase blando contiene 20 filtros cuadrados predosificados, listos para acompa\u00f1arte en cualquier momento del d\u00eda. Favorece la depuraci\u00f3n [&hellip;]<\/p>\n","protected":false},"featured_media":47722,"template":"","meta":{"_acf_changed":false,"inline_featured_image":false,"_mbp_gutenberg_autopost":false},"product_brand":[],"product_cat":[1643],"product_tag":[],"partner":[],"line":[],"class_list":{"0":"post-44221","1":"product","2":"type-product","3":"status-publish","4":"has-post-thumbnail","6":"product_cat-herbpress-es","7":"product_shipping_class-herbpress-spedizione-da-it-es","9":"first","10":"instock","11":"taxable","12":"shipping-taxable","13":"purchasable","14":"product-type-simple"},"bundle_layout":"","bundled_by":[],"bundled_items":[],"acf":[],"_links":{"self":[{"href":"https:\/\/wildenherbals.com\/es\/wp-json\/wp\/v2\/product\/44221","targetHints":{"allow":["GET"]}}],"collection":[{"href":"https:\/\/wildenherbals.com\/es\/wp-json\/wp\/v2\/product"}],"about":[{"href":"https:\/\/wildenherbals.com\/es\/wp-json\/wp\/v2\/types\/product"}],"wp:featuredmedia":[{"embeddable":true,"href":"https:\/\/wildenherbals.com\/es\/wp-json\/wp\/v2\/media\/47722"}],"wp:attachment":[{"href":"https:\/\/wildenherbals.com\/es\/wp-json\/wp\/v2\/media?parent=44221"}],"wp:term":[{"taxonomy":"product_brand","embeddable":true,"href":"https:\/\/wildenherbals.com\/es\/wp-json\/wp\/v2\/product_brand?post=44221"},{"taxonomy":"product_cat","embeddable":true,"href":"https:\/\/wildenherbals.com\/es\/wp-json\/wp\/v2\/product_cat?post=44221"},{"taxonomy":"product_tag","embeddable":true,"href":"https:\/\/wildenherbals.com\/es\/wp-json\/wp\/v2\/product_tag?post=44221"},{"taxonomy":"partner","embeddable":true,"href":"https:\/\/wildenherbals.com\/es\/wp-json\/wp\/v2\/partner?post=44221"},{"taxonomy":"line","embeddable":true,"href":"https:\/\/wildenherbals.com\/es\/wp-json\/wp\/v2\/line?post=44221"}],"curies":[{"name":"wp","href":"https:\/\/api.w.org\/{rel}","templated":true}]}}