{"id":42591,"date":"2020-07-27T14:11:28","date_gmt":"2020-07-27T14:11:28","guid":{"rendered":"https:\/\/wildenherbals.com\/?post_type=product&#038;p=42591"},"modified":"2025-10-14T12:41:53","modified_gmt":"2025-10-14T10:41:53","slug":"vaso-kinto-to-go-360-ml","status":"publish","type":"product","link":"https:\/\/wildenherbals.com\/es\/shop\/accesorios\/vaso-kinto-to-go-360-ml\/","title":{"rendered":"Vaso Kinto To Go 360 ml"},"content":{"rendered":"<p>TO GO TUMBLER es tu compa\u00f1ero ideal en diferentes momentos del d\u00eda: mientras vas al trabajo, cuando conduces o incluso cuando te relajas.<\/p>\n<p>La tapa tiene una estructura m\u00ednima para beber c\u00f3modamente.<\/p>\n<p>El vaso aislado al vac\u00edo conserva la temperatura y el sabor de las bebidas durante mucho tiempo. Su forma c\u00f3nica facilita el transporte. <\/p>\n<p>El dise\u00f1o limpio, con textura mate y colores apagados, da vida a la relajaci\u00f3n sobre la marcha.<\/p>\n","protected":false},"excerpt":{"rendered":"<p>TO GO TUMBLER es tu compa\u00f1ero ideal en diferentes momentos del d\u00eda: mientras vas al trabajo, cuando conduces o incluso cuando te relajas. La tapa tiene una estructura m\u00ednima para beber c\u00f3modamente. El vaso aislado al vac\u00edo conserva la temperatura y el sabor de las bebidas durante mucho tiempo. Su forma c\u00f3nica facilita el transporte. El dise\u00f1o limpio, con textura mate y colores apagados, aporta relajaci\u00f3n a la vida sobre la marcha.    <\/p>\n","protected":false},"featured_media":25586,"template":"","meta":{"_acf_changed":false,"inline_featured_image":false,"_mbp_gutenberg_autopost":false},"product_brand":[],"product_cat":[577],"product_tag":[],"partner":[],"line":[],"class_list":{"0":"post-42591","1":"product","2":"type-product","3":"status-publish","4":"has-post-thumbnail","6":"product_cat-accesorios","8":"first","9":"instock","10":"taxable","11":"shipping-taxable","12":"purchasable","13":"product-type-simple"},"bundle_layout":"","bundled_by":[],"bundled_items":[],"acf":[],"_links":{"self":[{"href":"https:\/\/wildenherbals.com\/es\/wp-json\/wp\/v2\/product\/42591","targetHints":{"allow":["GET"]}}],"collection":[{"href":"https:\/\/wildenherbals.com\/es\/wp-json\/wp\/v2\/product"}],"about":[{"href":"https:\/\/wildenherbals.com\/es\/wp-json\/wp\/v2\/types\/product"}],"wp:featuredmedia":[{"embeddable":true,"href":"https:\/\/wildenherbals.com\/es\/wp-json\/wp\/v2\/media\/25586"}],"wp:attachment":[{"href":"https:\/\/wildenherbals.com\/es\/wp-json\/wp\/v2\/media?parent=42591"}],"wp:term":[{"taxonomy":"product_brand","embeddable":true,"href":"https:\/\/wildenherbals.com\/es\/wp-json\/wp\/v2\/product_brand?post=42591"},{"taxonomy":"product_cat","embeddable":true,"href":"https:\/\/wildenherbals.com\/es\/wp-json\/wp\/v2\/product_cat?post=42591"},{"taxonomy":"product_tag","embeddable":true,"href":"https:\/\/wildenherbals.com\/es\/wp-json\/wp\/v2\/product_tag?post=42591"},{"taxonomy":"partner","embeddable":true,"href":"https:\/\/wildenherbals.com\/es\/wp-json\/wp\/v2\/partner?post=42591"},{"taxonomy":"line","embeddable":true,"href":"https:\/\/wildenherbals.com\/es\/wp-json\/wp\/v2\/line?post=42591"}],"curies":[{"name":"wp","href":"https:\/\/api.w.org\/{rel}","templated":true}]}}