{"id":37566,"date":"2025-01-27T16:21:34","date_gmt":"2025-01-27T15:21:35","guid":{"rendered":"https:\/\/wildenherbals.com\/?post_type=product&#038;p=37566"},"modified":"2025-05-31T09:58:03","modified_gmt":"2025-05-31T07:58:03","slug":"bere-erbe-caja-con-taza-mezcla-a-granel-colaboracion-wilden-codalunga-copia","status":"publish","type":"product","link":"https:\/\/wildenherbals.com\/es\/shop\/caja-de-regalo\/caja-de-mezclas\/bere-erbe-caja-con-taza-mezcla-a-granel-colaboracion-wilden-codalunga-copia\/","title":{"rendered":"TiSana 21 D\u00edas (Desintoxicaci\u00f3n, Refuerzo y Renacimiento)"},"content":{"rendered":"<p><strong>TiSana 21 d\u00edas &#8211; Programa de desintoxicaci\u00f3n de 3 semanas<\/strong><\/p>\n<p>El programa <strong><em>TiSana<\/em> de 21 d\u00edas<\/strong> es una ruta de bienestar dise\u00f1ada para desintoxicar y renovar el organismo en tres semanas. Con <strong>3 infusiones seleccionadas<\/strong>, cada una dise\u00f1ada para una fase espec\u00edfica, disfrutar\u00e1s de una eficaz<strong> acci\u00f3n depurativa<\/strong>, <strong>estimulante<\/strong> y <strong>regeneradora<\/strong>. Cada semana est\u00e1 dedicada a un objetivo espec\u00edfico, para acompa\u00f1arte paso a paso hacia un bienestar duradero.  <\/p>\n<p><strong>\u00bfQu\u00e9 contiene el malet\u00edn?<\/strong><\/p>\n<p>3 infusiones diferentes, una para cada semana del programa. 7 bolsitas de cada tipo de infusi\u00f3n<em> (una para cada d\u00eda de la semana).<\/em> <\/p>\n<p><strong>Semana 1<\/strong> &#8211; Desintoxicaci\u00f3n: Una mezcla de hierbas dise\u00f1ada para favorecer la eliminaci\u00f3n de las toxinas acumuladas, purificando el organismo.<\/p>\n<p><strong>Semana 2<\/strong> &#8211; Boost: Un t\u00e9 de hierbas energizante que ayuda a impulsar el metabolismo y recargar la energ\u00eda.<\/p>\n<p><strong>Semana 3<\/strong> &#8211; Renacer: Una mezcla regeneradora que favorece la fase de recuperaci\u00f3n y revigorizaci\u00f3n del organismo.<\/p>\n<p><strong>Modo de empleo:<\/strong><\/p>\n<p>Utiliza 1 filtro por cada 500 ml de agua caliente.<br \/>\nDeja infusionar durante 5-7 minutos, tapando la taza para conservar los principios activos de las hierbas.<br \/>\nPara mayor comodidad, puedes guardar tu dosis diaria de TiSana en un pr\u00e1ctico termo.<\/p>\n<p><em>Sigue el programa con constancia para conseguir un efecto desintoxicante completo y una sensaci\u00f3n de renovaci\u00f3n duradera.<\/em><\/p>\n","protected":false},"excerpt":{"rendered":"<p>TiSana 21 d\u00edas &#8211; Programa de desintoxicaci\u00f3n de 3 semanas El programa TiSana de 21 d\u00edas es una ruta de bienestar dise\u00f1ada para desintoxicar y renovar el organismo en tres semanas. Con 3 infusiones seleccionadas, cada una dise\u00f1ada para una fase espec\u00edfica, disfrutar\u00e1s de una eficaz acci\u00f3n depurativa, estimulante y regeneradora. Cada semana est\u00e1 dedicada [&hellip;]<\/p>\n","protected":false},"featured_media":37593,"template":"","meta":{"_acf_changed":false,"inline_featured_image":false,"_mbp_gutenberg_autopost":false},"product_brand":[],"product_cat":[626,601,536],"product_tag":[],"partner":[],"line":[],"class_list":{"0":"post-37566","1":"product","2":"type-product","3":"status-publish","4":"has-post-thumbnail","6":"product_cat-caja-de-mezclas","7":"product_cat-mezcla","8":"product_cat-tes-de-hierbas","10":"first","11":"instock","12":"shipping-taxable","13":"purchasable","14":"product-type-variable"},"bundle_layout":"","bundled_by":[],"bundled_items":[],"acf":[],"_links":{"self":[{"href":"https:\/\/wildenherbals.com\/es\/wp-json\/wp\/v2\/product\/37566","targetHints":{"allow":["GET"]}}],"collection":[{"href":"https:\/\/wildenherbals.com\/es\/wp-json\/wp\/v2\/product"}],"about":[{"href":"https:\/\/wildenherbals.com\/es\/wp-json\/wp\/v2\/types\/product"}],"wp:featuredmedia":[{"embeddable":true,"href":"https:\/\/wildenherbals.com\/es\/wp-json\/wp\/v2\/media\/37593"}],"wp:attachment":[{"href":"https:\/\/wildenherbals.com\/es\/wp-json\/wp\/v2\/media?parent=37566"}],"wp:term":[{"taxonomy":"product_brand","embeddable":true,"href":"https:\/\/wildenherbals.com\/es\/wp-json\/wp\/v2\/product_brand?post=37566"},{"taxonomy":"product_cat","embeddable":true,"href":"https:\/\/wildenherbals.com\/es\/wp-json\/wp\/v2\/product_cat?post=37566"},{"taxonomy":"product_tag","embeddable":true,"href":"https:\/\/wildenherbals.com\/es\/wp-json\/wp\/v2\/product_tag?post=37566"},{"taxonomy":"partner","embeddable":true,"href":"https:\/\/wildenherbals.com\/es\/wp-json\/wp\/v2\/partner?post=37566"},{"taxonomy":"line","embeddable":true,"href":"https:\/\/wildenherbals.com\/es\/wp-json\/wp\/v2\/line?post=37566"}],"curies":[{"name":"wp","href":"https:\/\/api.w.org\/{rel}","templated":true}]}}