{"id":32370,"date":"2023-12-21T11:27:06","date_gmt":"2023-12-21T10:27:06","guid":{"rendered":"https:\/\/wildenherbals.com\/?post_type=product&#038;p=32370"},"modified":"2025-07-07T18:04:47","modified_gmt":"2025-07-07T16:04:47","slug":"te-de-hierbas-organico-remedium-n-7-%c2%b7-detox-caja-de-10-sobres-copia","status":"publish","type":"product","link":"https:\/\/wildenherbals.com\/es\/shop\/tes-de-hierbas\/te-de-hierbas-organico-remedium-n-7-%c2%b7-detox-caja-de-10-sobres-copia\/","title":{"rendered":"Remedium Tisana Ecol\u00f3gica n\u00ba 8 \u2013 Renacer"},"content":{"rendered":"<p>Las funciones del Remedio n\u00ba 8 &#8211; Renacer est\u00e1n dedicadas a la purificaci\u00f3n, la revitalizaci\u00f3n y el aumento de energ\u00eda. Una analog\u00eda que nos parece muy adecuada es la de los aparatos electr\u00f3nicos que de vez en cuando necesitan una actualizaci\u00f3n, una puesta al d\u00eda. As\u00ed que nosotros tambi\u00e9n necesitamos un momento para recargarnos en el sentido m\u00e1s literal posible, es decir, para encontrar la carga para un nuevo comienzo.<\/p>\n<p>Modo de consumo: cada sobre est\u00e1 dise\u00f1ado para su uso en agua de hasta 500 ml.<\/p>\n<p>Al comprar nuestras infusiones en formato de <em>bolsita de algod\u00f3n de 30 bolsitas<\/em> <strong>, recibir\u00e1s de regalo<\/strong> nuestra pr\u00e1ctica y elegante <strong>bolsita de algod\u00f3n<\/strong>. Reutilizable y perfecta como paquete de regalo, es un peque\u00f1o gesto pensado para que tus momentos de relajaci\u00f3n sean a\u00fan m\u00e1s especiales.<\/p>\n","protected":false},"excerpt":{"rendered":"<p>Las funciones del Remedio n\u00ba 8 &#8211; Renacer est\u00e1n dedicadas a la purificaci\u00f3n, la revitalizaci\u00f3n y el aumento de energ\u00eda. Una analog\u00eda que nos parece muy adecuada es la de los aparatos electr\u00f3nicos que de vez en cuando necesitan una actualizaci\u00f3n, una puesta al d\u00eda. As\u00ed que nosotros tambi\u00e9n necesitamos un momento para recargarnos en [&hellip;]<\/p>\n","protected":false},"featured_media":32381,"template":"","meta":{"_acf_changed":false,"inline_featured_image":false,"_mbp_gutenberg_autopost":false},"product_brand":[],"product_cat":[536,537],"product_tag":[538,1516,1515,691,1514],"partner":[],"line":[621,641],"class_list":{"0":"post-32370","1":"product","2":"type-product","3":"status-publish","4":"has-post-thumbnail","6":"product_cat-tes-de-hierbas","7":"product_cat-en-bolsita","8":"product_tag-bienestar","9":"product_tag-depurativo","10":"product_tag-purificante-es","11":"product_tag-relajante","12":"product_tag-revitalizante","13":"line-linea-de-remedio","14":"line-te-de-hierbas-organico-remedio-n-8--reborn","16":"first","17":"instock","18":"taxable","19":"shipping-taxable","20":"purchasable","21":"product-type-variable"},"bundle_layout":"","bundled_by":[],"bundled_items":[],"acf":[],"_links":{"self":[{"href":"https:\/\/wildenherbals.com\/es\/wp-json\/wp\/v2\/product\/32370","targetHints":{"allow":["GET"]}}],"collection":[{"href":"https:\/\/wildenherbals.com\/es\/wp-json\/wp\/v2\/product"}],"about":[{"href":"https:\/\/wildenherbals.com\/es\/wp-json\/wp\/v2\/types\/product"}],"wp:featuredmedia":[{"embeddable":true,"href":"https:\/\/wildenherbals.com\/es\/wp-json\/wp\/v2\/media\/32381"}],"wp:attachment":[{"href":"https:\/\/wildenherbals.com\/es\/wp-json\/wp\/v2\/media?parent=32370"}],"wp:term":[{"taxonomy":"product_brand","embeddable":true,"href":"https:\/\/wildenherbals.com\/es\/wp-json\/wp\/v2\/product_brand?post=32370"},{"taxonomy":"product_cat","embeddable":true,"href":"https:\/\/wildenherbals.com\/es\/wp-json\/wp\/v2\/product_cat?post=32370"},{"taxonomy":"product_tag","embeddable":true,"href":"https:\/\/wildenherbals.com\/es\/wp-json\/wp\/v2\/product_tag?post=32370"},{"taxonomy":"partner","embeddable":true,"href":"https:\/\/wildenherbals.com\/es\/wp-json\/wp\/v2\/partner?post=32370"},{"taxonomy":"line","embeddable":true,"href":"https:\/\/wildenherbals.com\/es\/wp-json\/wp\/v2\/line?post=32370"}],"curies":[{"name":"wp","href":"https:\/\/api.w.org\/{rel}","templated":true}]}}