{"id":31377,"date":"2023-11-08T15:19:48","date_gmt":"2023-11-08T14:19:48","guid":{"rendered":"https:\/\/wildenherbals.com\/?post_type=product&#038;p=31377"},"modified":"2025-05-31T10:03:45","modified_gmt":"2025-05-31T08:03:45","slug":"taza-con-asa-mostaza-copia-copia","status":"publish","type":"product","link":"https:\/\/wildenherbals.com\/es\/shop\/accesorios\/taza-con-asa-mostaza-copia-copia\/","title":{"rendered":"Wilden Tetera de 650 ml | MILK de Giulia Valentino Ceramics"},"content":{"rendered":"<p>Tetera inspirada en las formas cl\u00e1sicas japonesas. La forma esf\u00e9rica del cuerpo se une armoniosamente con un peque\u00f1o pitorro y un asa ergon\u00f3mica que se tira con la mano. El tap\u00f3n tiene un cuello largo, para garantizar la estabilidad, y un anillo de gres macizo, para permitir un agarre c\u00f3modo sin riesgo de sobrecalentamiento.  <\/p>\n<p>Fabricada a torno con gres espa\u00f1ol blanco y esmaltada con esmalte blanco satinado. Las mezclas semirefractarias con alto contenido en chamota, cocidas a 1260\u00b0C, garantizan una porosidad m\u00ednima del material y una resistencia excelente; el esmalte utiliza \u00fanicamente ingredientes de procedencia europea y tiene certificaci\u00f3n alimentaria. <\/p>\n<p>Color: leche<\/p>\n<p>Se puede lavar en el lavavajillas.<\/p>\n","protected":false},"excerpt":{"rendered":"<p>Tetera inspirada en las formas cl\u00e1sicas japonesas. La forma esf\u00e9rica del cuerpo se une armoniosamente con un peque\u00f1o pitorro y un asa ergon\u00f3mica que se tira con la mano. El tap\u00f3n tiene un cuello largo, para garantizar la estabilidad, y un anillo de gres macizo, para permitir un agarre c\u00f3modo sin riesgo de sobrecalentamiento. Fabricada [&hellip;]<\/p>\n","protected":false},"featured_media":31406,"template":"","meta":{"_acf_changed":false,"inline_featured_image":false,"_mbp_gutenberg_autopost":false},"product_brand":[],"product_cat":[577,578],"product_tag":[],"partner":[],"line":[],"class_list":{"0":"post-31377","1":"product","2":"type-product","3":"status-publish","4":"has-post-thumbnail","6":"product_cat-accesorios","7":"product_cat-botellas-tazas-y-teteras","9":"first","10":"outofstock","11":"taxable","12":"shipping-taxable","13":"purchasable","14":"product-type-simple"},"bundle_layout":"","bundled_by":["27889"],"bundled_items":[],"acf":[],"_links":{"self":[{"href":"https:\/\/wildenherbals.com\/es\/wp-json\/wp\/v2\/product\/31377","targetHints":{"allow":["GET"]}}],"collection":[{"href":"https:\/\/wildenherbals.com\/es\/wp-json\/wp\/v2\/product"}],"about":[{"href":"https:\/\/wildenherbals.com\/es\/wp-json\/wp\/v2\/types\/product"}],"wp:featuredmedia":[{"embeddable":true,"href":"https:\/\/wildenherbals.com\/es\/wp-json\/wp\/v2\/media\/31406"}],"wp:attachment":[{"href":"https:\/\/wildenherbals.com\/es\/wp-json\/wp\/v2\/media?parent=31377"}],"wp:term":[{"taxonomy":"product_brand","embeddable":true,"href":"https:\/\/wildenherbals.com\/es\/wp-json\/wp\/v2\/product_brand?post=31377"},{"taxonomy":"product_cat","embeddable":true,"href":"https:\/\/wildenherbals.com\/es\/wp-json\/wp\/v2\/product_cat?post=31377"},{"taxonomy":"product_tag","embeddable":true,"href":"https:\/\/wildenherbals.com\/es\/wp-json\/wp\/v2\/product_tag?post=31377"},{"taxonomy":"partner","embeddable":true,"href":"https:\/\/wildenherbals.com\/es\/wp-json\/wp\/v2\/partner?post=31377"},{"taxonomy":"line","embeddable":true,"href":"https:\/\/wildenherbals.com\/es\/wp-json\/wp\/v2\/line?post=31377"}],"curies":[{"name":"wp","href":"https:\/\/api.w.org\/{rel}","templated":true}]}}