{"id":31360,"date":"2023-11-08T15:17:44","date_gmt":"2023-11-08T14:17:44","guid":{"rendered":"https:\/\/wildenherbals.com\/?post_type=product&#038;p=31360"},"modified":"2025-09-29T09:51:19","modified_gmt":"2025-09-29T07:51:19","slug":"salvaje-mug-oat-y-milk-by-giulia-valentino-ceramics-copia-copia","status":"publish","type":"product","link":"https:\/\/wildenherbals.com\/es\/shop\/accesorios\/salvaje-mug-oat-y-milk-by-giulia-valentino-ceramics-copia-copia\/","title":{"rendered":"Wilden Tetera de 400 ml | AVENA y LECHE de Giulia Valentino Ceramics"},"content":{"rendered":"<p>Tetera inspirada en las formas cl\u00e1sicas japonesas. La forma esbelta del cuerpo se combina armoniosamente con un pico peque\u00f1o y un asa ergon\u00f3mica que se tira con la mano. El tap\u00f3n tiene un cuello largo, para garantizar la estabilidad, y un anillo de gres macizo, para permitir un agarre c\u00f3modo sin riesgo de sobrecalentamiento.  <\/p>\n<p>Fabricado a torno con gres marr\u00f3n franc\u00e9s\/ gres blanco espa\u00f1ol y esmaltado con esmalte blanco satinado. Las mezclas semirefractarias con alto contenido en chamota, cocidas a 1260\u00b0C, garantizan una porosidad m\u00ednima del material y una resistencia excelente; el esmalte utiliza \u00fanicamente ingredientes de procedencia europea y tiene certificaci\u00f3n alimentaria. <\/p>\n<p>Se puede lavar en el lavavajillas.<\/p>\n","protected":false},"excerpt":{"rendered":"<p>Tetera inspirada en las formas cl\u00e1sicas japonesas. La forma esbelta del cuerpo se combina armoniosamente con un pico peque\u00f1o y un asa ergon\u00f3mica que se tira con la mano. El tap\u00f3n tiene un cuello largo, para garantizar la estabilidad, y un anillo de gres macizo, para permitir un agarre c\u00f3modo sin riesgo de sobrecalentamiento. Fabricado [&hellip;]<\/p>\n","protected":false},"featured_media":31401,"template":"","meta":{"_acf_changed":false,"inline_featured_image":false,"_mbp_gutenberg_autopost":false},"product_brand":[],"product_cat":[577,578],"product_tag":[],"partner":[],"line":[],"class_list":{"0":"post-31360","1":"product","2":"type-product","3":"status-publish","4":"has-post-thumbnail","6":"product_cat-accesorios","7":"product_cat-botellas-tazas-y-teteras","9":"first","10":"instock","11":"taxable","12":"shipping-taxable","13":"purchasable","14":"product-type-variable"},"bundle_layout":"","bundled_by":[],"bundled_items":[],"acf":[],"_links":{"self":[{"href":"https:\/\/wildenherbals.com\/es\/wp-json\/wp\/v2\/product\/31360","targetHints":{"allow":["GET"]}}],"collection":[{"href":"https:\/\/wildenherbals.com\/es\/wp-json\/wp\/v2\/product"}],"about":[{"href":"https:\/\/wildenherbals.com\/es\/wp-json\/wp\/v2\/types\/product"}],"wp:featuredmedia":[{"embeddable":true,"href":"https:\/\/wildenherbals.com\/es\/wp-json\/wp\/v2\/media\/31401"}],"wp:attachment":[{"href":"https:\/\/wildenherbals.com\/es\/wp-json\/wp\/v2\/media?parent=31360"}],"wp:term":[{"taxonomy":"product_brand","embeddable":true,"href":"https:\/\/wildenherbals.com\/es\/wp-json\/wp\/v2\/product_brand?post=31360"},{"taxonomy":"product_cat","embeddable":true,"href":"https:\/\/wildenherbals.com\/es\/wp-json\/wp\/v2\/product_cat?post=31360"},{"taxonomy":"product_tag","embeddable":true,"href":"https:\/\/wildenherbals.com\/es\/wp-json\/wp\/v2\/product_tag?post=31360"},{"taxonomy":"partner","embeddable":true,"href":"https:\/\/wildenherbals.com\/es\/wp-json\/wp\/v2\/partner?post=31360"},{"taxonomy":"line","embeddable":true,"href":"https:\/\/wildenherbals.com\/es\/wp-json\/wp\/v2\/line?post=31360"}],"curies":[{"name":"wp","href":"https:\/\/api.w.org\/{rel}","templated":true}]}}