{"id":31312,"date":"2023-11-07T11:50:58","date_gmt":"2023-11-07T10:50:58","guid":{"rendered":"https:\/\/wildenherbals.com\/?post_type=product&#038;p=31312"},"modified":"2025-09-29T09:48:07","modified_gmt":"2025-09-29T07:48:07","slug":"taza-con-asa-mostaza-copia","status":"publish","type":"product","link":"https:\/\/wildenherbals.com\/es\/shop\/accesorios\/taza-con-asa-mostaza-copia\/","title":{"rendered":"Juego de oolong Wilden. de Cer\u00e1mica Giulia Valentino"},"content":{"rendered":"<p>Pareja de vasijas para degustar t\u00e9. Fabricadas a torno con gres espa\u00f1ol blanco y esmaltadas con esmalte blanco satinado. <\/p>\n<p>Las mezclas semirefractarias con alto contenido en chamota, cocidas a 1260\u00b0C, garantizan una porosidad m\u00ednima del material y una resistencia excelente; el esmalte utiliza \u00fanicamente ingredientes de origen europeo y consciente y est\u00e1 certificado como seguro para los alimentos.<\/p>\n<p>Se puede lavar en el lavavajillas.<\/p>\n<p>&nbsp;<\/p>\n","protected":false},"excerpt":{"rendered":"<p>Pareja de vasijas para degustar t\u00e9. Fabricadas a torno con gres espa\u00f1ol blanco y esmaltadas con esmalte blanco satinado. Las mezclas semirefractarias con alto contenido en chamota, cocidas a 1260\u00b0C, garantizan una porosidad m\u00ednima del material y una resistencia excelente; el esmalte utiliza \u00fanicamente ingredientes de origen europeo y consciente y est\u00e1 certificado como seguro [&hellip;]<\/p>\n","protected":false},"featured_media":31318,"template":"","meta":{"_acf_changed":false,"inline_featured_image":false,"_mbp_gutenberg_autopost":false},"product_brand":[],"product_cat":[577,578],"product_tag":[],"partner":[],"line":[],"class_list":{"0":"post-31312","1":"product","2":"type-product","3":"status-publish","4":"has-post-thumbnail","6":"product_cat-accesorios","7":"product_cat-botellas-tazas-y-teteras","9":"first","10":"instock","11":"taxable","12":"shipping-taxable","13":"purchasable","14":"product-type-simple"},"bundle_layout":"","bundled_by":[],"bundled_items":[],"acf":[],"_links":{"self":[{"href":"https:\/\/wildenherbals.com\/es\/wp-json\/wp\/v2\/product\/31312","targetHints":{"allow":["GET"]}}],"collection":[{"href":"https:\/\/wildenherbals.com\/es\/wp-json\/wp\/v2\/product"}],"about":[{"href":"https:\/\/wildenherbals.com\/es\/wp-json\/wp\/v2\/types\/product"}],"wp:featuredmedia":[{"embeddable":true,"href":"https:\/\/wildenherbals.com\/es\/wp-json\/wp\/v2\/media\/31318"}],"wp:attachment":[{"href":"https:\/\/wildenherbals.com\/es\/wp-json\/wp\/v2\/media?parent=31312"}],"wp:term":[{"taxonomy":"product_brand","embeddable":true,"href":"https:\/\/wildenherbals.com\/es\/wp-json\/wp\/v2\/product_brand?post=31312"},{"taxonomy":"product_cat","embeddable":true,"href":"https:\/\/wildenherbals.com\/es\/wp-json\/wp\/v2\/product_cat?post=31312"},{"taxonomy":"product_tag","embeddable":true,"href":"https:\/\/wildenherbals.com\/es\/wp-json\/wp\/v2\/product_tag?post=31312"},{"taxonomy":"partner","embeddable":true,"href":"https:\/\/wildenherbals.com\/es\/wp-json\/wp\/v2\/partner?post=31312"},{"taxonomy":"line","embeddable":true,"href":"https:\/\/wildenherbals.com\/es\/wp-json\/wp\/v2\/line?post=31312"}],"curies":[{"name":"wp","href":"https:\/\/api.w.org\/{rel}","templated":true}]}}