{"id":31285,"date":"2023-11-07T11:46:41","date_gmt":"2023-11-07T10:46:41","guid":{"rendered":"https:\/\/wildenherbals.com\/?post_type=product&#038;p=31285"},"modified":"2025-09-29T09:50:23","modified_gmt":"2025-09-29T07:50:23","slug":"salvaje-mug-oat-y-milk-by-giulia-valentino-ceramics-copia","status":"publish","type":"product","link":"https:\/\/wildenherbals.com\/es\/shop\/accesorios\/salvaje-mug-oat-y-milk-by-giulia-valentino-ceramics-copia\/","title":{"rendered":"Wilden. yunomi AVENA y LECHE de Giulia Valentino Cer\u00e1mica"},"content":{"rendered":"<p>Taza de t\u00e9 tradicional japonesa. (En Jap\u00f3n, el t\u00e9 se bebe siempre a unos 65\u00b0C para disfrutar mejor de todas sus fragancias, por lo que el asa no es \u00fatil). <\/p>\n<p>Fabricado a torno con gres marr\u00f3n franc\u00e9s\/blanco espa\u00f1ol, esmaltado con esmalte blanco satinado. Las mezclas semirefractarias con alto contenido en chamota, cocidas a 1260\u00b0C, garantizan una porosidad m\u00ednima del material y una resistencia excelente; el esmalte utiliza \u00fanicamente ingredientes de procedencia europea y tiene certificaci\u00f3n alimentaria. <\/p>\n<p>Se puede lavar en el lavavajillas.<\/p>\n","protected":false},"excerpt":{"rendered":"<p>Taza de t\u00e9 tradicional japonesa. (En Jap\u00f3n, el t\u00e9 se bebe siempre a unos 65\u00b0C para disfrutar mejor de todas sus fragancias, por lo que el asa no es \u00fatil). Fabricado a torno con gres marr\u00f3n franc\u00e9s\/blanco espa\u00f1ol, esmaltado con esmalte blanco satinado. Las mezclas semirefractarias con alto contenido en chamota, cocidas a 1260\u00b0C, garantizan [&hellip;]<\/p>\n","protected":false},"featured_media":31416,"template":"","meta":{"_acf_changed":false,"inline_featured_image":false,"_mbp_gutenberg_autopost":false},"product_brand":[],"product_cat":[577,578],"product_tag":[],"partner":[],"line":[],"class_list":{"0":"post-31285","1":"product","2":"type-product","3":"status-publish","4":"has-post-thumbnail","6":"product_cat-accesorios","7":"product_cat-botellas-tazas-y-teteras","9":"first","10":"instock","11":"taxable","12":"shipping-taxable","13":"purchasable","14":"product-type-variable"},"bundle_layout":"","bundled_by":[],"bundled_items":[],"acf":[],"_links":{"self":[{"href":"https:\/\/wildenherbals.com\/es\/wp-json\/wp\/v2\/product\/31285","targetHints":{"allow":["GET"]}}],"collection":[{"href":"https:\/\/wildenherbals.com\/es\/wp-json\/wp\/v2\/product"}],"about":[{"href":"https:\/\/wildenherbals.com\/es\/wp-json\/wp\/v2\/types\/product"}],"wp:featuredmedia":[{"embeddable":true,"href":"https:\/\/wildenherbals.com\/es\/wp-json\/wp\/v2\/media\/31416"}],"wp:attachment":[{"href":"https:\/\/wildenherbals.com\/es\/wp-json\/wp\/v2\/media?parent=31285"}],"wp:term":[{"taxonomy":"product_brand","embeddable":true,"href":"https:\/\/wildenherbals.com\/es\/wp-json\/wp\/v2\/product_brand?post=31285"},{"taxonomy":"product_cat","embeddable":true,"href":"https:\/\/wildenherbals.com\/es\/wp-json\/wp\/v2\/product_cat?post=31285"},{"taxonomy":"product_tag","embeddable":true,"href":"https:\/\/wildenherbals.com\/es\/wp-json\/wp\/v2\/product_tag?post=31285"},{"taxonomy":"partner","embeddable":true,"href":"https:\/\/wildenherbals.com\/es\/wp-json\/wp\/v2\/partner?post=31285"},{"taxonomy":"line","embeddable":true,"href":"https:\/\/wildenherbals.com\/es\/wp-json\/wp\/v2\/line?post=31285"}],"curies":[{"name":"wp","href":"https:\/\/api.w.org\/{rel}","templated":true}]}}