{"id":30868,"date":"2023-11-07T10:10:23","date_gmt":"2023-11-07T09:10:24","guid":{"rendered":"https:\/\/wildenherbals.com\/?post_type=product&#038;p=30868"},"modified":"2025-05-31T10:18:55","modified_gmt":"2025-05-31T08:18:55","slug":"mix-energize-3-remedia-48-sobres-manana-impulso-y-concentracion-copia","status":"publish","type":"product","link":"https:\/\/wildenherbals.com\/es\/shop\/caja-de-regalo\/caja-de-mezclas\/mix-energize-3-remedia-48-sobres-manana-impulso-y-concentracion-copia\/","title":{"rendered":"Mix Calm 3 Remedia &#8211; 48 sobres &#8211; Noche, Digestivo y Relajaci\u00f3n"},"content":{"rendered":"<p>Creadas para proporcionarte el mejor descanso posible e inspirarte un sue\u00f1o reparador, nuestras infusiones ecol\u00f3gicas utilizan las mejores plantas medicinales con propiedades calmantes y relajantes para ayudarte a aligerar el peso del d\u00eda de tus hombros.<\/p>\n<p>Las infusiones Remedia de Wilden, combinadas con un estilo de vida saludable y una dieta sabrosa, variada y equilibrada, son ideales para cuidarte.<\/p>\n<p>48 Bolsitas<\/p>\n<p>Remedio 1 &#8211; Noche<br \/>\nRemedio 3 &#8211; Digestivo<br \/>\nRemedio 6 &#8211; Relajaci\u00f3n<\/p>\n","protected":false},"excerpt":{"rendered":"<p>Creadas para proporcionarte el mejor descanso posible e inspirarte un sue\u00f1o reparador, nuestras infusiones ecol\u00f3gicas utilizan las mejores plantas medicinales con propiedades calmantes y relajantes para ayudarte a aligerar el peso del d\u00eda de tus hombros. Las infusiones Remedia de Wilden, combinadas con un estilo de vida saludable y una dieta sabrosa, variada y equilibrada, [&hellip;]<\/p>\n","protected":false},"featured_media":31499,"template":"","meta":{"_acf_changed":false,"inline_featured_image":false,"_mbp_gutenberg_autopost":false},"product_brand":[],"product_cat":[626,601],"product_tag":[],"partner":[],"line":[],"class_list":{"0":"post-30868","1":"product","2":"type-product","3":"status-publish","4":"has-post-thumbnail","6":"product_cat-caja-de-mezclas","7":"product_cat-mezcla","9":"first","10":"instock","11":"taxable","12":"shipping-taxable","13":"purchasable","14":"product-type-simple"},"bundle_layout":"","bundled_by":[],"bundled_items":[],"acf":[],"_links":{"self":[{"href":"https:\/\/wildenherbals.com\/es\/wp-json\/wp\/v2\/product\/30868","targetHints":{"allow":["GET"]}}],"collection":[{"href":"https:\/\/wildenherbals.com\/es\/wp-json\/wp\/v2\/product"}],"about":[{"href":"https:\/\/wildenherbals.com\/es\/wp-json\/wp\/v2\/types\/product"}],"wp:featuredmedia":[{"embeddable":true,"href":"https:\/\/wildenherbals.com\/es\/wp-json\/wp\/v2\/media\/31499"}],"wp:attachment":[{"href":"https:\/\/wildenherbals.com\/es\/wp-json\/wp\/v2\/media?parent=30868"}],"wp:term":[{"taxonomy":"product_brand","embeddable":true,"href":"https:\/\/wildenherbals.com\/es\/wp-json\/wp\/v2\/product_brand?post=30868"},{"taxonomy":"product_cat","embeddable":true,"href":"https:\/\/wildenherbals.com\/es\/wp-json\/wp\/v2\/product_cat?post=30868"},{"taxonomy":"product_tag","embeddable":true,"href":"https:\/\/wildenherbals.com\/es\/wp-json\/wp\/v2\/product_tag?post=30868"},{"taxonomy":"partner","embeddable":true,"href":"https:\/\/wildenherbals.com\/es\/wp-json\/wp\/v2\/partner?post=30868"},{"taxonomy":"line","embeddable":true,"href":"https:\/\/wildenherbals.com\/es\/wp-json\/wp\/v2\/line?post=30868"}],"curies":[{"name":"wp","href":"https:\/\/api.w.org\/{rel}","templated":true}]}}