{"id":30635,"date":"2023-11-02T11:57:03","date_gmt":"2023-11-02T10:57:03","guid":{"rendered":"https:\/\/wildenherbals.com\/?post_type=product&#038;p=30635"},"modified":"2025-05-31T10:18:47","modified_gmt":"2025-05-31T08:18:47","slug":"mix-energize-3-remedia-48-sobres-morning-boost-e-focus","status":"publish","type":"product","link":"https:\/\/wildenherbals.com\/es\/shop\/caja-de-regalo\/caja-de-mezclas\/mix-energize-3-remedia-48-sobres-morning-boost-e-focus\/","title":{"rendered":"Remedia Energize 3 Mix &#8211; 48 sobres &#8211; Ma\u00f1ana, Impulso y Concentraci\u00f3n"},"content":{"rendered":"<p>Creadas para ayudarte a vivir el momento presente y darte energ\u00eda de forma natural, nuestras infusiones ecol\u00f3gicas utilizan las mejores plantas medicinales con propiedades vigorizantes para darte un impulso extra y hacerte sentir bien.<\/p>\n<p>Las infusiones Remedia de Wilden, combinadas con un estilo de vida saludable y una dieta sabrosa, variada y equilibrada, son ideales para cuidarte.<\/p>\n<p>48 Bolsitas<\/p>\n<p>Remedia 0 &#8211; Matinal<br \/>\nRemedia 2 &#8211; Impulso<br \/>\nRemedia 5 &#8211; Concentraci\u00f3n<\/p>\n","protected":false},"excerpt":{"rendered":"<p>Creadas para ayudarte a vivir el momento presente y darte energ\u00eda de forma natural, nuestras infusiones ecol\u00f3gicas utilizan las mejores plantas medicinales con propiedades vigorizantes para darte un impulso extra y hacerte sentir bien. Las infusiones Remedia de Wilden, combinadas con un estilo de vida saludable y una dieta sabrosa, variada y equilibrada, son ideales [&hellip;]<\/p>\n","protected":false},"featured_media":31504,"template":"","meta":{"_acf_changed":false,"inline_featured_image":false,"_mbp_gutenberg_autopost":false},"product_brand":[],"product_cat":[626,601],"product_tag":[],"partner":[],"line":[],"class_list":{"0":"post-30635","1":"product","2":"type-product","3":"status-publish","4":"has-post-thumbnail","6":"product_cat-caja-de-mezclas","7":"product_cat-mezcla","9":"first","10":"instock","11":"taxable","12":"shipping-taxable","13":"purchasable","14":"product-type-simple"},"bundle_layout":"","bundled_by":[],"bundled_items":[],"acf":[],"_links":{"self":[{"href":"https:\/\/wildenherbals.com\/es\/wp-json\/wp\/v2\/product\/30635","targetHints":{"allow":["GET"]}}],"collection":[{"href":"https:\/\/wildenherbals.com\/es\/wp-json\/wp\/v2\/product"}],"about":[{"href":"https:\/\/wildenherbals.com\/es\/wp-json\/wp\/v2\/types\/product"}],"wp:featuredmedia":[{"embeddable":true,"href":"https:\/\/wildenherbals.com\/es\/wp-json\/wp\/v2\/media\/31504"}],"wp:attachment":[{"href":"https:\/\/wildenherbals.com\/es\/wp-json\/wp\/v2\/media?parent=30635"}],"wp:term":[{"taxonomy":"product_brand","embeddable":true,"href":"https:\/\/wildenherbals.com\/es\/wp-json\/wp\/v2\/product_brand?post=30635"},{"taxonomy":"product_cat","embeddable":true,"href":"https:\/\/wildenherbals.com\/es\/wp-json\/wp\/v2\/product_cat?post=30635"},{"taxonomy":"product_tag","embeddable":true,"href":"https:\/\/wildenherbals.com\/es\/wp-json\/wp\/v2\/product_tag?post=30635"},{"taxonomy":"partner","embeddable":true,"href":"https:\/\/wildenherbals.com\/es\/wp-json\/wp\/v2\/partner?post=30635"},{"taxonomy":"line","embeddable":true,"href":"https:\/\/wildenherbals.com\/es\/wp-json\/wp\/v2\/line?post=30635"}],"curies":[{"name":"wp","href":"https:\/\/api.w.org\/{rel}","templated":true}]}}