{"id":29237,"date":"2020-06-23T11:21:00","date_gmt":"2020-06-23T09:21:00","guid":{"rendered":"https:\/\/wildenherbals.com\/shop\/sin%20categor\u00eda\/semillas-de-melisa\/"},"modified":"2025-09-29T09:35:20","modified_gmt":"2025-09-29T07:35:20","slug":"balsamo-de-limon","status":"publish","type":"product","link":"https:\/\/wildenherbals.com\/es\/shop\/almacenamiento-de-alimentos\/otro\/balsamo-de-limon\/","title":{"rendered":"Melissa Semillas"},"content":{"rendered":"<p>La variedad \u201cQuedlinburger Niederliegende\u201d es famosa porque contiene m\u00e1s aceites esenciales que la melisa com\u00fan.<\/p>\n<p>Para nosotros, las razones para amar y cultivar la melisa son infinitas: perfecta en la cocina, indispensable en cosm\u00e9tica, \u00fatil en medicina y, sobre todo, con un olor fabuloso, a caballo entre la menta y el lim\u00f3n.<\/p>\n<p>El complicado nombre procede de la ciudad de Quedlinburg, situada justo al norte de los montes Harz, en Sajonia. Mientras que \u201cNiederliegende\u201d puede traducirse como \u201cprocumbente\u201d, un adjetivo bot\u00e1nico para \u201cque se extiende por el suelo sin echar ra\u00edces\u201d. <\/p>\n<p>Una planta que deber\u00eda estar en todos los jardines.<\/p>\n","protected":false},"excerpt":{"rendered":"<p>La variedad Quedlinburger Niederliegende es famosa porque contiene m\u00e1s aceites esenciales que la melisa com\u00fan. Para nosotros, las razones para amar y cultivar la melisa son infinitas: perfecta en la cocina, indispensable en cosm\u00e9tica, \u00fatil en medicina y, sobre todo, con un olor fabuloso, a medio camino entre la menta y el lim\u00f3n. Su complicado nombre procede de la ciudad de Quedlinburg, situada al norte de los montes Harz, en Sajonia. Mientras que \u201cNiederliegende\u201d puede traducirse como \u201cprocumbente\u201d, un adjetivo bot\u00e1nico para \u201cque se extiende por el suelo sin echar ra\u00edces\u201d. Una planta que deber\u00eda estar en todos los jardines.    <\/p>\n","protected":false},"featured_media":24148,"template":"","meta":{"_acf_changed":false,"inline_featured_image":false,"_mbp_gutenberg_autopost":false},"product_brand":[],"product_cat":[595,685],"product_tag":[],"partner":[],"line":[],"class_list":{"0":"post-29237","1":"product","2":"type-product","3":"status-publish","4":"has-post-thumbnail","6":"product_cat-almacenamiento-de-alimentos","7":"product_cat-otro","9":"first","10":"instock","11":"taxable","12":"shipping-taxable","13":"purchasable","14":"product-type-simple"},"bundle_layout":"","bundled_by":[],"bundled_items":[],"acf":[],"_links":{"self":[{"href":"https:\/\/wildenherbals.com\/es\/wp-json\/wp\/v2\/product\/29237","targetHints":{"allow":["GET"]}}],"collection":[{"href":"https:\/\/wildenherbals.com\/es\/wp-json\/wp\/v2\/product"}],"about":[{"href":"https:\/\/wildenherbals.com\/es\/wp-json\/wp\/v2\/types\/product"}],"wp:featuredmedia":[{"embeddable":true,"href":"https:\/\/wildenherbals.com\/es\/wp-json\/wp\/v2\/media\/24148"}],"wp:attachment":[{"href":"https:\/\/wildenherbals.com\/es\/wp-json\/wp\/v2\/media?parent=29237"}],"wp:term":[{"taxonomy":"product_brand","embeddable":true,"href":"https:\/\/wildenherbals.com\/es\/wp-json\/wp\/v2\/product_brand?post=29237"},{"taxonomy":"product_cat","embeddable":true,"href":"https:\/\/wildenherbals.com\/es\/wp-json\/wp\/v2\/product_cat?post=29237"},{"taxonomy":"product_tag","embeddable":true,"href":"https:\/\/wildenherbals.com\/es\/wp-json\/wp\/v2\/product_tag?post=29237"},{"taxonomy":"partner","embeddable":true,"href":"https:\/\/wildenherbals.com\/es\/wp-json\/wp\/v2\/partner?post=29237"},{"taxonomy":"line","embeddable":true,"href":"https:\/\/wildenherbals.com\/es\/wp-json\/wp\/v2\/line?post=29237"}],"curies":[{"name":"wp","href":"https:\/\/api.w.org\/{rel}","templated":true}]}}