{"id":29168,"date":"2020-06-23T11:21:00","date_gmt":"2020-06-23T09:21:00","guid":{"rendered":"https:\/\/wildenherbals.com\/shop\/sin%20categor\u00eda\/jarra-bottlit-de-cristal\/"},"modified":"2025-10-14T12:17:28","modified_gmt":"2025-10-14T10:17:28","slug":"botella-garrafa-1l","status":"publish","type":"product","link":"https:\/\/wildenherbals.com\/es\/shop\/accesorios\/botella-garrafa-1l\/","title":{"rendered":"Jarra de cristal BOTTLIT"},"content":{"rendered":"<p>Con forma de botella, BOTTLIT a\u00f1ade personalidad a tu hogar. Las jarras BOTTLIT son c\u00f3modas de sujetar y el contenido sale f\u00e1cilmente al inclinarlas. <\/p>\n<p>El color del contenido interior, el cristal refinado y la forma redonda org\u00e1nica dan elegancia a tu cocina y a tu mesa.<\/p>\n<p>Capacidad: 1 litro.<\/p>\n","protected":false},"excerpt":{"rendered":"<p>Con forma de botella, BOTTLIT a\u00f1ade personalidad a tu hogar. Las jarras BOTTLIT son c\u00f3modas de sujetar y el contenido sale f\u00e1cilmente al inclinarlas. El color del contenido interior, el cristal refinado y la forma redonda org\u00e1nica dan elegancia a tu cocina y a tu mesa. Capacidad: 1 litro.<\/p>\n","protected":false},"featured_media":24235,"template":"","meta":{"_acf_changed":false,"inline_featured_image":false,"_mbp_gutenberg_autopost":false},"product_brand":[],"product_cat":[577,809],"product_tag":[],"partner":[],"line":[],"class_list":{"0":"post-29168","1":"product","2":"type-product","3":"status-publish","4":"has-post-thumbnail","6":"product_cat-accesorios","7":"product_cat-otro-es-2","9":"first","10":"instock","11":"taxable","12":"shipping-taxable","13":"purchasable","14":"product-type-simple"},"bundle_layout":"","bundled_by":[],"bundled_items":[],"acf":[],"_links":{"self":[{"href":"https:\/\/wildenherbals.com\/es\/wp-json\/wp\/v2\/product\/29168","targetHints":{"allow":["GET"]}}],"collection":[{"href":"https:\/\/wildenherbals.com\/es\/wp-json\/wp\/v2\/product"}],"about":[{"href":"https:\/\/wildenherbals.com\/es\/wp-json\/wp\/v2\/types\/product"}],"wp:featuredmedia":[{"embeddable":true,"href":"https:\/\/wildenherbals.com\/es\/wp-json\/wp\/v2\/media\/24235"}],"wp:attachment":[{"href":"https:\/\/wildenherbals.com\/es\/wp-json\/wp\/v2\/media?parent=29168"}],"wp:term":[{"taxonomy":"product_brand","embeddable":true,"href":"https:\/\/wildenherbals.com\/es\/wp-json\/wp\/v2\/product_brand?post=29168"},{"taxonomy":"product_cat","embeddable":true,"href":"https:\/\/wildenherbals.com\/es\/wp-json\/wp\/v2\/product_cat?post=29168"},{"taxonomy":"product_tag","embeddable":true,"href":"https:\/\/wildenherbals.com\/es\/wp-json\/wp\/v2\/product_tag?post=29168"},{"taxonomy":"partner","embeddable":true,"href":"https:\/\/wildenherbals.com\/es\/wp-json\/wp\/v2\/partner?post=29168"},{"taxonomy":"line","embeddable":true,"href":"https:\/\/wildenherbals.com\/es\/wp-json\/wp\/v2\/line?post=29168"}],"curies":[{"name":"wp","href":"https:\/\/api.w.org\/{rel}","templated":true}]}}