{"id":29156,"date":"2020-06-23T11:21:00","date_gmt":"2020-06-23T09:21:00","guid":{"rendered":"https:\/\/wildenherbals.com\/shop\/sin%20categor\u00eda\/tetera-de-vidrio\/"},"modified":"2025-10-14T12:09:36","modified_gmt":"2025-10-14T10:09:36","slug":"tetera-de-cristal","status":"publish","type":"product","link":"https:\/\/wildenherbals.com\/es\/shop\/accesorios\/tetera-de-cristal\/","title":{"rendered":"Tetera de cristal"},"content":{"rendered":"<p>La tetera de cristal <strong>Wilden.herbals<\/strong> es el accesorio perfecto para quienes desean sumergirse en la aut\u00e9ntica experiencia de las infusiones naturales. Fabricada en vidrio resistente y con un dise\u00f1o refinado, est\u00e1 dise\u00f1ada para resaltar cada matiz y aroma de las infusiones de la <a href=\"https:\/\/wildenherbals.com\/es\/product-type\/tes-de-hierbas\/?filter_line=linea-remedia\" target=\"_blank\" rel=\"noopener\"><strong>l\u00ednea<\/strong> <strong>Remedia<\/strong><\/a>y te permite admirar sus delicados colores durante la preparaci\u00f3n. <\/p>\n<p>Ideal como regalo, especialmente cuando se combina con una o varias tisanas <strong>Remedia<\/strong>, esta tetera es una invitaci\u00f3n a descubrir un ritual diario de bienestar <em>lento<\/em>. Con cada infusi\u00f3n, te regalar\u00e1s un momento de pura calma y armon\u00eda, perfecto para quienes aprecian las pausas relajantes y los aut\u00e9nticos sabores naturales. <\/p>\n<p>\u2713 Idea de regalo perfecta para los amantes de las infusiones<br \/>\n\u2713 Para regalar con una de nuestras <a href=\"https:\/\/wildenherbals.com\/es\/product-type\/tes-de-hierbas\/\" target=\"_blank\" rel=\"noopener\"><strong>Infusiones<\/strong><\/a><em>disponible en <strong>distintos tama\u00f1os<\/strong><\/em>!<br \/>\n\u2713 Fabricado en vidrio resistente y con un dise\u00f1o refinado<\/p>\n","protected":false},"excerpt":{"rendered":"<p>La tetera de cristal Wilden.herbals es el accesorio perfecto para quienes desean sumergirse en la aut\u00e9ntica experiencia de las infusiones naturales. Fabricada en vidrio resistente y con un dise\u00f1o refinado, est\u00e1 dise\u00f1ada para resaltar cada matiz y aroma de las infusiones de la l\u00ednea Remediay te permite admirar sus delicados colores durante la preparaci\u00f3n. Ideal [&hellip;]<\/p>\n","protected":false},"featured_media":24124,"template":"","meta":{"_acf_changed":false,"inline_featured_image":false,"_mbp_gutenberg_autopost":false},"product_brand":[],"product_cat":[577,578],"product_tag":[],"partner":[],"line":[],"class_list":{"0":"post-29156","1":"product","2":"type-product","3":"status-publish","4":"has-post-thumbnail","6":"product_cat-accesorios","7":"product_cat-botellas-tazas-y-teteras","9":"first","10":"instock","11":"taxable","12":"shipping-taxable","13":"purchasable","14":"product-type-simple"},"bundle_layout":"","bundled_by":["27882"],"bundled_items":[],"acf":[],"_links":{"self":[{"href":"https:\/\/wildenherbals.com\/es\/wp-json\/wp\/v2\/product\/29156","targetHints":{"allow":["GET"]}}],"collection":[{"href":"https:\/\/wildenherbals.com\/es\/wp-json\/wp\/v2\/product"}],"about":[{"href":"https:\/\/wildenherbals.com\/es\/wp-json\/wp\/v2\/types\/product"}],"wp:featuredmedia":[{"embeddable":true,"href":"https:\/\/wildenherbals.com\/es\/wp-json\/wp\/v2\/media\/24124"}],"wp:attachment":[{"href":"https:\/\/wildenherbals.com\/es\/wp-json\/wp\/v2\/media?parent=29156"}],"wp:term":[{"taxonomy":"product_brand","embeddable":true,"href":"https:\/\/wildenherbals.com\/es\/wp-json\/wp\/v2\/product_brand?post=29156"},{"taxonomy":"product_cat","embeddable":true,"href":"https:\/\/wildenherbals.com\/es\/wp-json\/wp\/v2\/product_cat?post=29156"},{"taxonomy":"product_tag","embeddable":true,"href":"https:\/\/wildenherbals.com\/es\/wp-json\/wp\/v2\/product_tag?post=29156"},{"taxonomy":"partner","embeddable":true,"href":"https:\/\/wildenherbals.com\/es\/wp-json\/wp\/v2\/partner?post=29156"},{"taxonomy":"line","embeddable":true,"href":"https:\/\/wildenherbals.com\/es\/wp-json\/wp\/v2\/line?post=29156"}],"curies":[{"name":"wp","href":"https:\/\/api.w.org\/{rel}","templated":true}]}}