{"id":28973,"date":"2020-09-30T17:17:56","date_gmt":"2020-09-30T15:17:56","guid":{"rendered":"https:\/\/wildenherbals.com\/shop\/sin%20categor\u00eda\/minibandeja\/"},"modified":"2025-09-29T09:54:55","modified_gmt":"2025-09-29T07:54:55","slug":"mini-bandeja","status":"publish","type":"product","link":"https:\/\/wildenherbals.com\/es\/shop\/accesorios\/mini-bandeja\/","title":{"rendered":"Mini bandeja"},"content":{"rendered":"<p>Bandeja peque\u00f1a con fondo de aluminio y borde multicapa de madera.<\/p>\n<p>Materiales: contrachapado marino de Okoum\u00e8, aluminio.<\/p>\n<p>Acabado de la cara interior del fondo de aluminio: resina epoxi transparente con certificaci\u00f3n HACCP<br \/>\nEl borde multicapa est\u00e1 protegido con goma laca y barniz transparente al agua.<\/p>\n","protected":false},"excerpt":{"rendered":"<p>Bandeja peque\u00f1a con fondo de aluminio y borde multicapa de madera. Materiales: contrachapado marino de Okoum\u00e8, aluminio. Acabado de la cara interior del fondo de aluminio: resina epoxi transparente con certificaci\u00f3n HACCP El borde multicapa est\u00e1 protegido con goma laca y barniz transparente al agua.<\/p>\n","protected":false},"featured_media":24411,"template":"","meta":{"_acf_changed":false,"inline_featured_image":false,"_mbp_gutenberg_autopost":false},"product_brand":[],"product_cat":[577,809],"product_tag":[],"partner":[808],"line":[],"class_list":{"0":"post-28973","1":"product","2":"type-product","3":"status-publish","4":"has-post-thumbnail","6":"product_cat-accesorios","7":"product_cat-otro-es-2","8":"partner-parcelas-toscanas","10":"first","11":"instock","12":"taxable","13":"shipping-taxable","14":"purchasable","15":"product-type-simple"},"bundle_layout":"","bundled_by":[],"bundled_items":[],"acf":[],"_links":{"self":[{"href":"https:\/\/wildenherbals.com\/es\/wp-json\/wp\/v2\/product\/28973","targetHints":{"allow":["GET"]}}],"collection":[{"href":"https:\/\/wildenherbals.com\/es\/wp-json\/wp\/v2\/product"}],"about":[{"href":"https:\/\/wildenherbals.com\/es\/wp-json\/wp\/v2\/types\/product"}],"wp:featuredmedia":[{"embeddable":true,"href":"https:\/\/wildenherbals.com\/es\/wp-json\/wp\/v2\/media\/24411"}],"wp:attachment":[{"href":"https:\/\/wildenherbals.com\/es\/wp-json\/wp\/v2\/media?parent=28973"}],"wp:term":[{"taxonomy":"product_brand","embeddable":true,"href":"https:\/\/wildenherbals.com\/es\/wp-json\/wp\/v2\/product_brand?post=28973"},{"taxonomy":"product_cat","embeddable":true,"href":"https:\/\/wildenherbals.com\/es\/wp-json\/wp\/v2\/product_cat?post=28973"},{"taxonomy":"product_tag","embeddable":true,"href":"https:\/\/wildenherbals.com\/es\/wp-json\/wp\/v2\/product_tag?post=28973"},{"taxonomy":"partner","embeddable":true,"href":"https:\/\/wildenherbals.com\/es\/wp-json\/wp\/v2\/partner?post=28973"},{"taxonomy":"line","embeddable":true,"href":"https:\/\/wildenherbals.com\/es\/wp-json\/wp\/v2\/line?post=28973"}],"curies":[{"name":"wp","href":"https:\/\/api.w.org\/{rel}","templated":true}]}}