{"id":28927,"date":"2020-10-09T14:15:06","date_gmt":"2023-07-18T09:10:01","guid":{"rendered":"https:\/\/wildenherbals.com\/shop\/sin%20categor\u00eda\/infusion-ecologica-remedium-n-2-%c2%b7-boost-caja-de-10-sobres\/"},"modified":"2025-07-07T18:04:32","modified_gmt":"2025-07-07T16:04:32","slug":"remedio-n-2-boost-estuche-10-sobres","status":"publish","type":"product","link":"https:\/\/wildenherbals.com\/es\/shop\/tes-de-hierbas\/remedio-n-2-boost-estuche-10-sobres\/","title":{"rendered":"Remedium Tisana Ecol\u00f3gica n\u00ba 2 \u2013 Impulso"},"content":{"rendered":"<p>Remedium &#8211; 2 es una mezcla con propiedades antioxidantes e inmunoestimulantes, capaz de reforzar el sistema inmunitario, proteger al organismo de los factores de riesgo y prevenir y tratar los s\u00edntomas del resfriado.<\/p>\n<p>Remedium &#8211; 2 es una mezcla de 9 hierbas en la que las propiedades farmacol\u00f3gicas de la C\u00farcuma se ven reforzadas por la acci\u00f3n de otras hierbas como el Sa\u00faco y el Laurel. Los principios activos y el sabor fresco y picante del Jengibre se mezclan con la Pimienta ligeramente picante, el agradable aroma de la Hierba Lim\u00f3n y el sabor dulce de la Naranja.<\/p>\n<p>Modo de consumo: cada sobre est\u00e1 dise\u00f1ado para su uso en agua de hasta 500 ml.<\/p>\n<p>Al comprar nuestras infusiones en formato de <em>bolsita de algod\u00f3n de 30 bolsitas<\/em> <strong>, recibir\u00e1s de regalo<\/strong> nuestra pr\u00e1ctica y elegante <strong>bolsita de algod\u00f3n<\/strong>. Reutilizable y perfecta como paquete de regalo, es un peque\u00f1o gesto pensado para que tus momentos de relajaci\u00f3n sean a\u00fan m\u00e1s especiales.<\/p>\n","protected":false},"excerpt":{"rendered":"<p>Remedium &#8211; 2 es una mezcla con propiedades antioxidantes e inmunoestimulantes, capaz de reforzar el sistema inmunitario, proteger al organismo de los factores de riesgo y prevenir y tratar los s\u00edntomas del resfriado. Remedium &#8211; 2 es una mezcla de 9 hierbas en la que las propiedades farmacol\u00f3gicas de la C\u00farcuma se ven reforzadas por [&hellip;]<\/p>\n","protected":false},"featured_media":26010,"template":"","meta":{"_acf_changed":false,"inline_featured_image":false,"_mbp_gutenberg_autopost":false},"product_brand":[],"product_cat":[536,537],"product_tag":[538,762,764],"partner":[],"line":[621,782],"class_list":{"0":"post-28927","1":"product","2":"type-product","3":"status-publish","4":"has-post-thumbnail","6":"product_cat-tes-de-hierbas","7":"product_cat-en-bolsita","8":"product_tag-bienestar","9":"product_tag-fortalecimiento","10":"product_tag-fuerza","11":"line-linea-de-remedio","12":"line-te-de-hierbas-organico-remedio-n-2--boost","14":"first","15":"instock","16":"taxable","17":"shipping-taxable","18":"purchasable","19":"product-type-variable"},"bundle_layout":"","bundled_by":["27836","27867","27863","27872"],"bundled_items":[],"acf":[],"_links":{"self":[{"href":"https:\/\/wildenherbals.com\/es\/wp-json\/wp\/v2\/product\/28927","targetHints":{"allow":["GET"]}}],"collection":[{"href":"https:\/\/wildenherbals.com\/es\/wp-json\/wp\/v2\/product"}],"about":[{"href":"https:\/\/wildenherbals.com\/es\/wp-json\/wp\/v2\/types\/product"}],"wp:featuredmedia":[{"embeddable":true,"href":"https:\/\/wildenherbals.com\/es\/wp-json\/wp\/v2\/media\/26010"}],"wp:attachment":[{"href":"https:\/\/wildenherbals.com\/es\/wp-json\/wp\/v2\/media?parent=28927"}],"wp:term":[{"taxonomy":"product_brand","embeddable":true,"href":"https:\/\/wildenherbals.com\/es\/wp-json\/wp\/v2\/product_brand?post=28927"},{"taxonomy":"product_cat","embeddable":true,"href":"https:\/\/wildenherbals.com\/es\/wp-json\/wp\/v2\/product_cat?post=28927"},{"taxonomy":"product_tag","embeddable":true,"href":"https:\/\/wildenherbals.com\/es\/wp-json\/wp\/v2\/product_tag?post=28927"},{"taxonomy":"partner","embeddable":true,"href":"https:\/\/wildenherbals.com\/es\/wp-json\/wp\/v2\/partner?post=28927"},{"taxonomy":"line","embeddable":true,"href":"https:\/\/wildenherbals.com\/es\/wp-json\/wp\/v2\/line?post=28927"}],"curies":[{"name":"wp","href":"https:\/\/api.w.org\/{rel}","templated":true}]}}