{"id":28888,"date":"2020-10-09T14:34:38","date_gmt":"2020-10-09T12:34:38","guid":{"rendered":"https:\/\/wildenherbals.com\/shop\/sin%20categor\u00eda\/te-de-hierbas-organico-remedium-n-3-%c2%b7-digestivo-caja-de-10-sobres\/"},"modified":"2026-02-18T10:04:51","modified_gmt":"2026-02-18T09:04:51","slug":"remedium-n-3-digestivo-estuche-10-sobres","status":"publish","type":"product","link":"https:\/\/wildenherbals.com\/es\/shop\/tes-de-hierbas\/remedium-n-3-digestivo-estuche-10-sobres\/","title":{"rendered":"Remedium Tisana Ecol\u00f3gica n\u00ba 3 \u2013 Digestivo"},"content":{"rendered":"<p>Remedium &#8211; 3 es una tisana ligera y de sabor fresco para tomar despu\u00e9s de cada comida. Facilita la digesti\u00f3n y reconcilia un ciclo intestinal correcto.<\/p>\n<p>8 plantas cl\u00e1sicas que se combinan y equilibran entre s\u00ed, actuando sin\u00e9rgicamente. El sabor fresco e intenso del lim\u00f3n, la menta y el jengibre se ve realzado por el regaliz y el romero. La salvia, la melisa y el hinojo cierran el c\u00edrculo de sabores con un regusto dulce y delicado que garantiza un efecto beneficioso y protector para el h\u00edgado.<\/p>\n<p>Modo de consumo: cada sobre est\u00e1 dise\u00f1ado para su uso en agua de hasta 500 ml.<\/p>\n<p>Al comprar nuestras infusiones en formato de <em>bolsita de algod\u00f3n de 30 bolsitas<\/em> <strong>, recibir\u00e1s de regalo<\/strong> nuestra pr\u00e1ctica y elegante <strong>bolsita de algod\u00f3n<\/strong>. Reutilizable y perfecta como paquete de regalo, es un peque\u00f1o gesto pensado para que tus momentos de relajaci\u00f3n sean a\u00fan m\u00e1s especiales.<\/p>\n","protected":false},"excerpt":{"rendered":"<p>Remedium &#8211; 3 es una tisana ligera y de sabor fresco para tomar despu\u00e9s de cada comida. Facilita la digesti\u00f3n y reconcilia un ciclo intestinal correcto. 8 plantas cl\u00e1sicas que se combinan y equilibran entre s\u00ed, actuando sin\u00e9rgicamente. El sabor fresco e intenso del lim\u00f3n, la menta y el jengibre se ve realzado por el [&hellip;]<\/p>\n","protected":false},"featured_media":26019,"template":"","meta":{"_acf_changed":false,"inline_featured_image":false,"_mbp_gutenberg_autopost":false},"product_brand":[],"product_cat":[536,537],"product_tag":[693,644,691],"partner":[],"line":[621,779],"class_list":{"0":"post-28888","1":"product","2":"type-product","3":"status-publish","4":"has-post-thumbnail","6":"product_cat-tes-de-hierbas","7":"product_cat-en-bolsita","8":"product_tag-calma-es","9":"product_tag-purificacion","10":"product_tag-relajante","11":"line-linea-de-remedio","12":"line-te-de-hierbas-organico-remedium-n-3--digestivo","14":"first","15":"instock","16":"taxable","17":"shipping-taxable","18":"purchasable","19":"product-type-variable"},"bundle_layout":"","bundled_by":["27836","27867","27863","27872"],"bundled_items":[],"acf":[],"_links":{"self":[{"href":"https:\/\/wildenherbals.com\/es\/wp-json\/wp\/v2\/product\/28888","targetHints":{"allow":["GET"]}}],"collection":[{"href":"https:\/\/wildenherbals.com\/es\/wp-json\/wp\/v2\/product"}],"about":[{"href":"https:\/\/wildenherbals.com\/es\/wp-json\/wp\/v2\/types\/product"}],"wp:featuredmedia":[{"embeddable":true,"href":"https:\/\/wildenherbals.com\/es\/wp-json\/wp\/v2\/media\/26019"}],"wp:attachment":[{"href":"https:\/\/wildenherbals.com\/es\/wp-json\/wp\/v2\/media?parent=28888"}],"wp:term":[{"taxonomy":"product_brand","embeddable":true,"href":"https:\/\/wildenherbals.com\/es\/wp-json\/wp\/v2\/product_brand?post=28888"},{"taxonomy":"product_cat","embeddable":true,"href":"https:\/\/wildenherbals.com\/es\/wp-json\/wp\/v2\/product_cat?post=28888"},{"taxonomy":"product_tag","embeddable":true,"href":"https:\/\/wildenherbals.com\/es\/wp-json\/wp\/v2\/product_tag?post=28888"},{"taxonomy":"partner","embeddable":true,"href":"https:\/\/wildenherbals.com\/es\/wp-json\/wp\/v2\/partner?post=28888"},{"taxonomy":"line","embeddable":true,"href":"https:\/\/wildenherbals.com\/es\/wp-json\/wp\/v2\/line?post=28888"}],"curies":[{"name":"wp","href":"https:\/\/api.w.org\/{rel}","templated":true}]}}