{"id":28877,"date":"2020-10-09T14:44:00","date_gmt":"2023-07-18T09:09:43","guid":{"rendered":"https:\/\/wildenherbals.com\/shop\/sin%20categor\u00eda\/te-de-hierbas-organico-remedium-n-4-%c2%b7-hangover-caja-de-10-sobres\/"},"modified":"2025-07-07T17:58:16","modified_gmt":"2025-07-07T15:58:16","slug":"remedio-n-4-resaca-estuche-10-sobres","status":"publish","type":"product","link":"https:\/\/wildenherbals.com\/es\/shop\/tes-de-hierbas\/remedio-n-4-resaca-estuche-10-sobres\/","title":{"rendered":"Remedium Tisana Ecol\u00f3gica n\u00ba 4 &#8211; Resaca"},"content":{"rendered":"<p>Remedium &#8211; 4 es una receta compleja compuesta por 12 hierbas especialmente seleccionadas y escogidas para garantizar una sensaci\u00f3n rejuvenecedora y volver a la normalidad, especialmente cuando se est\u00e1 en \u201cResaca\u201d.<\/p>\n<p>En este Remedio encontramos lim\u00f3n, hierba lim\u00f3n y naranja, ingredientes ricos en Vitamina C con propiedades tonificantes; la menta y el jengibre caracterizan el sabor, dando a la infusi\u00f3n un aroma fresco y fragante. La pimienta negra y la c\u00farcuma se complementan, mientras que la malva, la genciana y la manzanilla proporcionan el equilibrio entre todas las hierbas, favoreciendo una acci\u00f3n sin\u00e9rgica a favor del h\u00edgado, el est\u00f3mago y el intestino, liberando una marcada sensaci\u00f3n de tonicidad y energ\u00eda. <\/p>\n<p>Modo de consumo: cada sobre est\u00e1 dise\u00f1ado para su uso en agua de hasta 500 ml.<\/p>\n<p>Al comprar nuestras infusiones en formato de <em>bolsita de algod\u00f3n de 30 bolsitas<\/em> <strong>, recibir\u00e1s de regalo<\/strong> nuestra pr\u00e1ctica y elegante <strong>bolsita de algod\u00f3n<\/strong>. Reutilizable y perfecta como paquete de regalo, es un peque\u00f1o gesto pensado para que tus momentos de relajaci\u00f3n sean a\u00fan m\u00e1s especiales. <\/p>\n","protected":false},"excerpt":{"rendered":"<p>Remedium &#8211; 4 es una receta compleja compuesta por 12 hierbas especialmente seleccionadas y escogidas para garantizar una sensaci\u00f3n rejuvenecedora y volver a la normalidad, especialmente cuando se est\u00e1 en \u201cResaca\u201d. En este Remedio encontramos lim\u00f3n, hierba lim\u00f3n y naranja, ingredientes ricos en Vitamina C con propiedades tonificantes; la menta y el jengibre caracterizan el [&hellip;]<\/p>\n","protected":false},"featured_media":26028,"template":"","meta":{"_acf_changed":false,"inline_featured_image":false,"_mbp_gutenberg_autopost":false},"product_brand":[],"product_cat":[536,537],"product_tag":[644],"partner":[],"line":[621,776],"class_list":{"0":"post-28877","1":"product","2":"type-product","3":"status-publish","4":"has-post-thumbnail","6":"product_cat-tes-de-hierbas","7":"product_cat-en-bolsita","8":"product_tag-purificacion","9":"line-linea-de-remedio","10":"line-te-de-hierbas-organico-remedio-n-4--resaca","12":"first","13":"instock","14":"taxable","15":"shipping-taxable","16":"purchasable","17":"product-type-variable"},"bundle_layout":"","bundled_by":["27836","27867","27863","27872"],"bundled_items":[],"acf":[],"_links":{"self":[{"href":"https:\/\/wildenherbals.com\/es\/wp-json\/wp\/v2\/product\/28877","targetHints":{"allow":["GET"]}}],"collection":[{"href":"https:\/\/wildenherbals.com\/es\/wp-json\/wp\/v2\/product"}],"about":[{"href":"https:\/\/wildenherbals.com\/es\/wp-json\/wp\/v2\/types\/product"}],"wp:featuredmedia":[{"embeddable":true,"href":"https:\/\/wildenherbals.com\/es\/wp-json\/wp\/v2\/media\/26028"}],"wp:attachment":[{"href":"https:\/\/wildenherbals.com\/es\/wp-json\/wp\/v2\/media?parent=28877"}],"wp:term":[{"taxonomy":"product_brand","embeddable":true,"href":"https:\/\/wildenherbals.com\/es\/wp-json\/wp\/v2\/product_brand?post=28877"},{"taxonomy":"product_cat","embeddable":true,"href":"https:\/\/wildenherbals.com\/es\/wp-json\/wp\/v2\/product_cat?post=28877"},{"taxonomy":"product_tag","embeddable":true,"href":"https:\/\/wildenherbals.com\/es\/wp-json\/wp\/v2\/product_tag?post=28877"},{"taxonomy":"partner","embeddable":true,"href":"https:\/\/wildenherbals.com\/es\/wp-json\/wp\/v2\/partner?post=28877"},{"taxonomy":"line","embeddable":true,"href":"https:\/\/wildenherbals.com\/es\/wp-json\/wp\/v2\/line?post=28877"}],"curies":[{"name":"wp","href":"https:\/\/api.w.org\/{rel}","templated":true}]}}