{"id":28869,"date":"2020-10-11T10:24:06","date_gmt":"2020-10-11T08:24:06","guid":{"rendered":"https:\/\/wildenherbals.com\/shop\/sin%20categor\u00eda\/te-de-hierbas-organico-remedium-n-0-%c2%b7-manana-caja-de-10-sobres\/"},"modified":"2025-12-10T11:14:07","modified_gmt":"2025-12-10T10:14:07","slug":"remedio-n-0-mananas-estuche-10-sobres","status":"publish","type":"product","link":"https:\/\/wildenherbals.com\/es\/shop\/tes-de-hierbas\/remedio-n-0-mananas-estuche-10-sobres\/","title":{"rendered":"Remedium Tisana Ecol\u00f3gica n\u00ba 0 &#8211; Por la ma\u00f1ana"},"content":{"rendered":"<p>Remedium &#8211; 0 es la primera mezcla de infusi\u00f3n de Wilden. La mezcla de hierbas secas sirve como t\u00f3nico y energizante matutino, perfecto para empezar el d\u00eda. <\/p>\n<p>Una mezcla de 8 hierbas que se equilibran y refuerzan mutuamente: el sabor acre y fuerte del cacao y la canela armonizan con el aroma dulce de la miel y el aroma a nuez del rooibos. Por \u00faltimo, el ginkgo, la hierba de San Juan, la ciclopia y el karkad\u00e8 act\u00faan en sinergia, favoreciendo el tono, el buen humor y la energ\u00eda. <\/p>\n<p>Modo de consumo: cada sobre est\u00e1 dise\u00f1ado para su uso en agua de hasta 500 ml.<\/p>\n<p>Al comprar nuestras infusiones en formato de <em>bolsita de algod\u00f3n de 30 bolsitas<\/em> <strong>, recibir\u00e1s de regalo<\/strong> nuestra pr\u00e1ctica y elegante <strong>bolsita de algod\u00f3n<\/strong>. Reutilizable y perfecta como paquete de regalo, es un peque\u00f1o gesto pensado para que tus momentos de relajaci\u00f3n sean a\u00fan m\u00e1s especiales. <\/p>\n","protected":false},"excerpt":{"rendered":"<p>Remedium &#8211; 0 es la primera mezcla de infusi\u00f3n de Wilden. La mezcla de hierbas secas sirve como t\u00f3nico y energizante matutino, perfecto para empezar el d\u00eda. Una mezcla de 8 hierbas que se equilibran y refuerzan mutuamente: el sabor acre y fuerte del cacao y la canela armonizan con el aroma dulce de la [&hellip;]<\/p>\n","protected":false},"featured_media":25995,"template":"","meta":{"_acf_changed":false,"inline_featured_image":false,"_mbp_gutenberg_autopost":false},"product_brand":[],"product_cat":[536,537],"product_tag":[764,675],"partner":[],"line":[621,773],"class_list":{"0":"post-28869","1":"product","2":"type-product","3":"status-publish","4":"has-post-thumbnail","6":"product_cat-tes-de-hierbas","7":"product_cat-en-bolsita","8":"product_tag-fuerza","9":"product_tag-tonico-es","10":"line-linea-de-remedio","11":"line-te-de-hierbas-organico-remedio-n-0--manana","13":"first","14":"instock","15":"taxable","16":"shipping-taxable","17":"purchasable","18":"product-type-variable"},"bundle_layout":"","bundled_by":["27868","27836","27867","27863","27872","27889","27897"],"bundled_items":[],"acf":[],"_links":{"self":[{"href":"https:\/\/wildenherbals.com\/es\/wp-json\/wp\/v2\/product\/28869","targetHints":{"allow":["GET"]}}],"collection":[{"href":"https:\/\/wildenherbals.com\/es\/wp-json\/wp\/v2\/product"}],"about":[{"href":"https:\/\/wildenherbals.com\/es\/wp-json\/wp\/v2\/types\/product"}],"wp:featuredmedia":[{"embeddable":true,"href":"https:\/\/wildenherbals.com\/es\/wp-json\/wp\/v2\/media\/25995"}],"wp:attachment":[{"href":"https:\/\/wildenherbals.com\/es\/wp-json\/wp\/v2\/media?parent=28869"}],"wp:term":[{"taxonomy":"product_brand","embeddable":true,"href":"https:\/\/wildenherbals.com\/es\/wp-json\/wp\/v2\/product_brand?post=28869"},{"taxonomy":"product_cat","embeddable":true,"href":"https:\/\/wildenherbals.com\/es\/wp-json\/wp\/v2\/product_cat?post=28869"},{"taxonomy":"product_tag","embeddable":true,"href":"https:\/\/wildenherbals.com\/es\/wp-json\/wp\/v2\/product_tag?post=28869"},{"taxonomy":"partner","embeddable":true,"href":"https:\/\/wildenherbals.com\/es\/wp-json\/wp\/v2\/partner?post=28869"},{"taxonomy":"line","embeddable":true,"href":"https:\/\/wildenherbals.com\/es\/wp-json\/wp\/v2\/line?post=28869"}],"curies":[{"name":"wp","href":"https:\/\/api.w.org\/{rel}","templated":true}]}}