{"id":28858,"date":"2020-10-11T10:38:29","date_gmt":"2023-07-18T09:09:33","guid":{"rendered":"https:\/\/wildenherbals.com\/shop\/sin%20categor\u00eda\/te-de-hierbas-organico-remedium-n-1-%c2%b7-noche-caja-de-10-sobres\/"},"modified":"2025-07-07T18:07:28","modified_gmt":"2025-07-07T16:07:28","slug":"remedio-n-1-noche-caja-10-sobres","status":"publish","type":"product","link":"https:\/\/wildenherbals.com\/es\/shop\/tes-de-hierbas\/remedio-n-1-noche-caja-10-sobres\/","title":{"rendered":"Remedium Tisana Ecol\u00f3gica n\u00ba 1 \u2013 Noche"},"content":{"rendered":"<p>Remedium &#8211; 1 es una tisana con propiedades calmantes y sedantes, capaz de ayudar a conciliar el sue\u00f1o y mejorar la calidad del descanso nocturno, perfecta para terminar un largo d\u00eda.<\/p>\n<p>Remedio &#8211; 1 es una mezcla de 8 hierbas que se equilibran bien entre s\u00ed, reforzando sus efectos: el sabor dulce de la naranja, el delicado sabor de la malva y la manzanilla se combinan con el agradable aroma de la estrella olorosa. La melisa, la pasiflora, el tilo y el espino blanco act\u00faan sin\u00e9rgicamente para favorecer una relajaci\u00f3n intensa y placentera.<\/p>\n<p>Modo de consumo: cada sobre est\u00e1 dise\u00f1ado para su uso en agua de hasta 500 ml.<\/p>\n<p>Al comprar nuestras infusiones en formato de <em>bolsita de algod\u00f3n de 30 bolsitas<\/em> <strong>, recibir\u00e1s de regalo<\/strong> nuestra pr\u00e1ctica y elegante <strong>bolsita de algod\u00f3n<\/strong>. Reutilizable y perfecta como paquete de regalo, es un peque\u00f1o gesto pensado para que tus momentos de relajaci\u00f3n sean a\u00fan m\u00e1s especiales.<\/p>\n","protected":false},"excerpt":{"rendered":"<p>Remedium &#8211; 1 es una tisana con propiedades calmantes y sedantes, capaz de ayudar a conciliar el sue\u00f1o y mejorar la calidad del descanso nocturno, perfecta para terminar un largo d\u00eda. Remedio &#8211; 1 es una mezcla de 8 hierbas que se equilibran bien entre s\u00ed, reforzando sus efectos: el sabor dulce de la naranja, [&hellip;]<\/p>\n","protected":false},"featured_media":26004,"template":"","meta":{"_acf_changed":false,"inline_featured_image":false,"_mbp_gutenberg_autopost":false},"product_brand":[],"product_cat":[536,537],"product_tag":[693,691],"partner":[],"line":[621,770],"class_list":{"0":"post-28858","1":"product","2":"type-product","3":"status-publish","4":"has-post-thumbnail","6":"product_cat-tes-de-hierbas","7":"product_cat-en-bolsita","8":"product_tag-calma-es","9":"product_tag-relajante","10":"line-linea-de-remedio","11":"line-te-de-hierbas-organico-remedio-n-1--noche","13":"first","14":"instock","15":"taxable","16":"shipping-taxable","17":"purchasable","18":"product-type-variable"},"bundle_layout":"","bundled_by":["27860","27836","27867","27863","27872","27877","27882"],"bundled_items":[],"acf":[],"_links":{"self":[{"href":"https:\/\/wildenherbals.com\/es\/wp-json\/wp\/v2\/product\/28858","targetHints":{"allow":["GET"]}}],"collection":[{"href":"https:\/\/wildenherbals.com\/es\/wp-json\/wp\/v2\/product"}],"about":[{"href":"https:\/\/wildenherbals.com\/es\/wp-json\/wp\/v2\/types\/product"}],"wp:featuredmedia":[{"embeddable":true,"href":"https:\/\/wildenherbals.com\/es\/wp-json\/wp\/v2\/media\/26004"}],"wp:attachment":[{"href":"https:\/\/wildenherbals.com\/es\/wp-json\/wp\/v2\/media?parent=28858"}],"wp:term":[{"taxonomy":"product_brand","embeddable":true,"href":"https:\/\/wildenherbals.com\/es\/wp-json\/wp\/v2\/product_brand?post=28858"},{"taxonomy":"product_cat","embeddable":true,"href":"https:\/\/wildenherbals.com\/es\/wp-json\/wp\/v2\/product_cat?post=28858"},{"taxonomy":"product_tag","embeddable":true,"href":"https:\/\/wildenherbals.com\/es\/wp-json\/wp\/v2\/product_tag?post=28858"},{"taxonomy":"partner","embeddable":true,"href":"https:\/\/wildenherbals.com\/es\/wp-json\/wp\/v2\/partner?post=28858"},{"taxonomy":"line","embeddable":true,"href":"https:\/\/wildenherbals.com\/es\/wp-json\/wp\/v2\/line?post=28858"}],"curies":[{"name":"wp","href":"https:\/\/api.w.org\/{rel}","templated":true}]}}