{"id":28853,"date":"2020-10-24T09:18:54","date_gmt":"2020-10-24T07:18:54","guid":{"rendered":"https:\/\/wildenherbals.com\/shop\/sin%20categor\u00eda\/te-de-hierbas-organico-remedium-n-5-%c2%b7-focus-caja-de-10-sobres\/"},"modified":"2026-03-02T09:58:53","modified_gmt":"2026-03-02T08:58:53","slug":"remedium-n-5-%c2%b7-focus-estuche-10-sobres","status":"publish","type":"product","link":"https:\/\/wildenherbals.com\/es\/shop\/tes-de-hierbas\/remedium-n-5-%c2%b7-focus-estuche-10-sobres\/","title":{"rendered":"Remedium Tisana Ecol\u00f3gica n\u00ba 5 &#8211; Focus"},"content":{"rendered":"<p>Remedium &#8211; 5 es una infusi\u00f3n hecha para pensar. El equilibrio de esta tisana se apoya en sabores y aromas para restablecer la armon\u00eda, sublimando cada momento de pausa.<\/p>\n<p>Se compone de 9 hierbas que evolucionan en el paladar y aportan el equilibrio justo de sabor. Un viaje totalmente mediterr\u00e1neo, gracias al frescor de la menta y la albahaca, que se dulcifica con la verbena y la melisa moldavica. Completan el c\u00edrculo el romero y la rhodiola rosea, que, junto con el cuerpo astringente desarrollado sobre el mate, el ginkgo y la centella asi\u00e1tica, hacen de este Remedio el compa\u00f1ero de viaje ideal para recuperar la concentraci\u00f3n adecuada.<\/p>\n<p>Modo de consumo: cada sobre est\u00e1 dise\u00f1ado para su uso en agua de hasta 500 ml.<\/p>\n<p>Al comprar nuestras infusiones en formato de <em>bolsita de algod\u00f3n de 30 bolsitas<\/em> <strong>, recibir\u00e1s de regalo<\/strong> nuestra pr\u00e1ctica y elegante <strong>bolsita de algod\u00f3n<\/strong>. Reutilizable y perfecta como paquete de regalo, es un peque\u00f1o gesto pensado para que tus momentos de relajaci\u00f3n sean a\u00fan m\u00e1s especiales.<\/p>\n","protected":false},"excerpt":{"rendered":"<p>Remedium &#8211; 5 es una infusi\u00f3n hecha para pensar. El equilibrio de esta tisana se apoya en sabores y aromas para restablecer la armon\u00eda, sublimando cada momento de pausa. Se compone de 9 hierbas que evolucionan en el paladar y aportan el equilibrio justo de sabor. Un viaje totalmente mediterr\u00e1neo, gracias al frescor de la [&hellip;]<\/p>\n","protected":false},"featured_media":26037,"template":"","meta":{"_acf_changed":false,"inline_featured_image":false,"_mbp_gutenberg_autopost":false},"product_brand":[],"product_cat":[536,537],"product_tag":[762,764,763],"partner":[],"line":[621,761],"class_list":{"0":"post-28853","1":"product","2":"type-product","3":"status-publish","4":"has-post-thumbnail","6":"product_cat-tes-de-hierbas","7":"product_cat-en-bolsita","8":"product_tag-fortalecimiento","9":"product_tag-fuerza","10":"product_tag-regenerante","11":"line-linea-de-remedio","12":"line-te-de-hierbas-organico-redium-n-5--focus","14":"first","15":"instock","16":"taxable","17":"shipping-taxable","18":"purchasable","19":"product-type-variable"},"bundle_layout":"","bundled_by":["27836","27867","27863","27872"],"bundled_items":[],"acf":[],"_links":{"self":[{"href":"https:\/\/wildenherbals.com\/es\/wp-json\/wp\/v2\/product\/28853","targetHints":{"allow":["GET"]}}],"collection":[{"href":"https:\/\/wildenherbals.com\/es\/wp-json\/wp\/v2\/product"}],"about":[{"href":"https:\/\/wildenherbals.com\/es\/wp-json\/wp\/v2\/types\/product"}],"wp:featuredmedia":[{"embeddable":true,"href":"https:\/\/wildenherbals.com\/es\/wp-json\/wp\/v2\/media\/26037"}],"wp:attachment":[{"href":"https:\/\/wildenherbals.com\/es\/wp-json\/wp\/v2\/media?parent=28853"}],"wp:term":[{"taxonomy":"product_brand","embeddable":true,"href":"https:\/\/wildenherbals.com\/es\/wp-json\/wp\/v2\/product_brand?post=28853"},{"taxonomy":"product_cat","embeddable":true,"href":"https:\/\/wildenherbals.com\/es\/wp-json\/wp\/v2\/product_cat?post=28853"},{"taxonomy":"product_tag","embeddable":true,"href":"https:\/\/wildenherbals.com\/es\/wp-json\/wp\/v2\/product_tag?post=28853"},{"taxonomy":"partner","embeddable":true,"href":"https:\/\/wildenherbals.com\/es\/wp-json\/wp\/v2\/partner?post=28853"},{"taxonomy":"line","embeddable":true,"href":"https:\/\/wildenherbals.com\/es\/wp-json\/wp\/v2\/line?post=28853"}],"curies":[{"name":"wp","href":"https:\/\/api.w.org\/{rel}","templated":true}]}}