{"id":28764,"date":"2021-10-15T11:53:02","date_gmt":"2021-10-15T09:53:02","guid":{"rendered":"https:\/\/wildenherbals.com\/?post_type=product&#038;p=28764"},"modified":"2025-09-29T09:37:59","modified_gmt":"2025-09-29T07:37:59","slug":"vinagre-de-miel-citrico-375ml","status":"publish","type":"product","link":"https:\/\/wildenherbals.com\/es\/shop\/almacenamiento-de-alimentos\/vinagre-de-miel-citrico-375ml\/","title":{"rendered":"Vinagre de Miel y C\u00edtricos (375 ml)"},"content":{"rendered":"<p><span style=\"font-weight: 400;\">Un vinagre c\u00edtrico con un aroma suave, elegante, floral, \u00e1cido y a la vez dulce, que atestigua la versatilidad de la miel, icono indiscutible del mundo agridulce. Resulta muy \u00fatil en la cocina cuando se necesita una nota inmediata pero arom\u00e1ticamente discreta. <\/span><\/p>\n<p><span style=\"text-decoration: underline;\"><span style=\"font-weight: 400;\">C\u00f3mo utilizarlo<\/span><\/span><\/p>\n<p><span style=\"font-weight: 400;\">Bastan unas gotas para realzar una sopa de pescado o embellecer un pulpo; excelente en caldos con setas o algas que necesitan una nota fresca y ligera.<\/span><\/p>\n<p><span style=\"font-weight: 400;\">En cocina, se utiliza a menudo en adobos y es extraordinario en la preparaci\u00f3n de mayonesa, pinzimonio y con carnes de quinta. Perfecto con verduras cocidas, es capaz de dar un equilibrio agridulce a la caponata. <\/span><\/p>\n<p>Envase: 375 ml<\/p>\n","protected":false},"excerpt":{"rendered":"<p><span style=\"font-weight: 400;\">C\u00f3mo utilizarlo<\/span><\/p>\n<p><span style=\"font-weight: 400;\">Unas gotas bastan para realzar una sopa de pescado o enriquecer un pulpo; excelente en caldos con setas o algas que necesitan una nota fresca y ligera.<\/span><\/p>\n<p><span style=\"font-weight: 400;\">En la cocina se utiliza a menudo en adobos y es extraordinario en la preparaci\u00f3n de mayonesa, pinzimonio (crudit\u00e9s de verduras) y con <\/span><i><span style=\"font-weight: 400;\">quinto quarto <\/span><\/i><span style=\"font-weight: 400;\">o despojos<\/span> <span style=\"font-weight: 400;\">carnes. Perfecto con verduras cocidas o para dar un equilibrio agridulce a la caponata. <\/span><\/p>\n","protected":false},"featured_media":24849,"template":"","meta":{"_acf_changed":false,"inline_featured_image":false,"_mbp_gutenberg_autopost":false},"product_brand":[],"product_cat":[595,685],"product_tag":[],"partner":[525],"line":[],"class_list":{"0":"post-28764","1":"product","2":"type-product","3":"status-publish","4":"has-post-thumbnail","6":"product_cat-almacenamiento-de-alimentos","7":"product_cat-otro","8":"partner-mieles-thun","10":"first","11":"outofstock","12":"taxable","13":"shipping-taxable","14":"purchasable","15":"product-type-simple"},"bundle_layout":"","bundled_by":[],"bundled_items":[],"acf":[],"_links":{"self":[{"href":"https:\/\/wildenherbals.com\/es\/wp-json\/wp\/v2\/product\/28764","targetHints":{"allow":["GET"]}}],"collection":[{"href":"https:\/\/wildenherbals.com\/es\/wp-json\/wp\/v2\/product"}],"about":[{"href":"https:\/\/wildenherbals.com\/es\/wp-json\/wp\/v2\/types\/product"}],"wp:featuredmedia":[{"embeddable":true,"href":"https:\/\/wildenherbals.com\/es\/wp-json\/wp\/v2\/media\/24849"}],"wp:attachment":[{"href":"https:\/\/wildenherbals.com\/es\/wp-json\/wp\/v2\/media?parent=28764"}],"wp:term":[{"taxonomy":"product_brand","embeddable":true,"href":"https:\/\/wildenherbals.com\/es\/wp-json\/wp\/v2\/product_brand?post=28764"},{"taxonomy":"product_cat","embeddable":true,"href":"https:\/\/wildenherbals.com\/es\/wp-json\/wp\/v2\/product_cat?post=28764"},{"taxonomy":"product_tag","embeddable":true,"href":"https:\/\/wildenherbals.com\/es\/wp-json\/wp\/v2\/product_tag?post=28764"},{"taxonomy":"partner","embeddable":true,"href":"https:\/\/wildenherbals.com\/es\/wp-json\/wp\/v2\/partner?post=28764"},{"taxonomy":"line","embeddable":true,"href":"https:\/\/wildenherbals.com\/es\/wp-json\/wp\/v2\/line?post=28764"}],"curies":[{"name":"wp","href":"https:\/\/api.w.org\/{rel}","templated":true}]}}