{"id":28754,"date":"2021-10-15T12:08:35","date_gmt":"2021-10-15T10:08:35","guid":{"rendered":"https:\/\/wildenherbals.com\/shop\/sin%20categor\u00eda\/miel-de-brezo-250g\/"},"modified":"2025-09-29T09:40:43","modified_gmt":"2025-09-29T07:40:43","slug":"miel-de-brezo-250g","status":"publish","type":"product","link":"https:\/\/wildenherbals.com\/es\/shop\/almacenamiento-de-alimentos\/miel-y-mermeladas\/miel-de-brezo-250g\/","title":{"rendered":"Miel de brezo (250 g)"},"content":{"rendered":"<p><span style=\"font-weight: 400;\">Una miel con aroma a toffee y caramelo, caf\u00e9 en polvo, manzanilla, c\u00farcuma, azafr\u00e1n y mermelada de albaricoque. En boca es generosa, compleja, perfectamente equilibrada entre aromas de toffee, tamarindo y un final ligeramente m\u00e1s amargo. <\/span><\/p>\n<p><span style=\"text-decoration: underline;\"><span style=\"font-weight: 400;\">C\u00f3mo utilizarlo<\/span><\/span><\/p>\n<p><span style=\"font-weight: 400;\">Combina muy bien con canela y nuez moscada, pero tambi\u00e9n con an\u00eds y guindilla. Lo recomendamos para mostazas y mermeladas inusuales; servido solo combina perfectamente con guanciale y cotechino. <\/span><\/p>\n<p><span style=\"font-weight: 400;\">Puede utilizarse como base para fermentaciones alcoh\u00f3licas: en cervezas de fermentaci\u00f3n baja, hidromieles y en infusiones de hierbas amargas para licores. Pru\u00e9balo con arroz salteado o con pollo al curry, en el rebozado de embutidos como el cotechino. <\/span><\/p>\n<p>&nbsp;<\/p>\n","protected":false},"excerpt":{"rendered":"<p><span style=\"font-weight: 400;\">C\u00f3mo utilizarlo<\/span><\/p>\n<p><span style=\"font-weight: 400;\">Combina muy bien con canela y nuez moscada, pero tambi\u00e9n con an\u00eds y guindilla. Lo recomendamos para mostazas y mermeladas inusuales; servido solo, combina perfectamente con tocino y cotechino. <\/span><\/p>\n<p>&nbsp;<\/p>\n<p><span style=\"font-weight: 400;\">Puede utilizarse para la fermentaci\u00f3n alcoh\u00f3lica: en cervezas de baja fermentaci\u00f3n, hidromiel y en infusiones de hierbas amargas para licores. Pru\u00e9balo con arroz salteado, con pollo al curry o en una mezcla para embutidos como el cotechino. <\/span><\/p>\n","protected":false},"featured_media":24852,"template":"","meta":{"_acf_changed":false,"inline_featured_image":false,"_mbp_gutenberg_autopost":false},"product_brand":[],"product_cat":[595,605],"product_tag":[],"partner":[525],"line":[],"class_list":{"0":"post-28754","1":"product","2":"type-product","3":"status-publish","4":"has-post-thumbnail","6":"product_cat-almacenamiento-de-alimentos","7":"product_cat-miel-y-mermeladas","8":"partner-mieles-thun","10":"first","11":"instock","12":"taxable","13":"shipping-taxable","14":"purchasable","15":"product-type-simple"},"bundle_layout":"","bundled_by":[],"bundled_items":[],"acf":[],"_links":{"self":[{"href":"https:\/\/wildenherbals.com\/es\/wp-json\/wp\/v2\/product\/28754","targetHints":{"allow":["GET"]}}],"collection":[{"href":"https:\/\/wildenherbals.com\/es\/wp-json\/wp\/v2\/product"}],"about":[{"href":"https:\/\/wildenherbals.com\/es\/wp-json\/wp\/v2\/types\/product"}],"wp:featuredmedia":[{"embeddable":true,"href":"https:\/\/wildenherbals.com\/es\/wp-json\/wp\/v2\/media\/24852"}],"wp:attachment":[{"href":"https:\/\/wildenherbals.com\/es\/wp-json\/wp\/v2\/media?parent=28754"}],"wp:term":[{"taxonomy":"product_brand","embeddable":true,"href":"https:\/\/wildenherbals.com\/es\/wp-json\/wp\/v2\/product_brand?post=28754"},{"taxonomy":"product_cat","embeddable":true,"href":"https:\/\/wildenherbals.com\/es\/wp-json\/wp\/v2\/product_cat?post=28754"},{"taxonomy":"product_tag","embeddable":true,"href":"https:\/\/wildenherbals.com\/es\/wp-json\/wp\/v2\/product_tag?post=28754"},{"taxonomy":"partner","embeddable":true,"href":"https:\/\/wildenherbals.com\/es\/wp-json\/wp\/v2\/partner?post=28754"},{"taxonomy":"line","embeddable":true,"href":"https:\/\/wildenherbals.com\/es\/wp-json\/wp\/v2\/line?post=28754"}],"curies":[{"name":"wp","href":"https:\/\/api.w.org\/{rel}","templated":true}]}}