{"id":28751,"date":"2021-07-20T15:00:51","date_gmt":"2023-07-18T09:08:31","guid":{"rendered":"https:\/\/wildenherbals.com\/shop\/sin%20categor\u00eda\/frecc-n2-boost-kombucha-botanica\/"},"modified":"2025-05-31T10:14:49","modified_gmt":"2025-05-31T08:14:49","slug":"frecc-n2-boost-botanical-kombucha","status":"publish","type":"product","link":"https:\/\/wildenherbals.com\/es\/shop\/bebidas\/frecc-n2-boost-botanical-kombucha\/","title":{"rendered":"Fr\u00e8cc No. 2 Boost &#8211; Kombucha Bot\u00e1nica"},"content":{"rendered":"<p class=\"p1\"><span class=\"s1\">De sabor fresco, chispeante y con cuerpo, Fr\u00e8cc es la l\u00ednea de bebidas fermentadas fruto de la colaboraci\u00f3n entre Wilden.herbals y Latta. La kombucha, presente en esta bebida, se encuentra con las hierbas de la tisana ecol\u00f3gica Remedium n\u00ba 2 &#8211; Boost: el resultado es una bebida fermentada a base de hierbas, excelente para un aperitivo sin alcohol sin renunciar al sabor.   <\/span><\/p>\n<p>I Kombucha<br \/>\nLa fermentaci\u00f3n iniciada por los cultivos bacterianos beneficiosos de la kombucha se une a las infusiones de plantas medicinales ecol\u00f3gicas de nuestras recetas. La bebida resultante, bien equilibrada, con una agradable burbuja y acidez, se presenta en una lata de 25 cl y es una bebida refrescante perfecta para el verano y todo el a\u00f1o, nutritiva y rica en probi\u00f3ticos. <\/p>\n","protected":false},"excerpt":{"rendered":"<p>De sabor fresco, chispeante y con cuerpo, Fr\u00e8cc es la l\u00ednea de bebidas fermentadas fruto de la colaboraci\u00f3n entre Wilden.herbals y Latta. La kombucha, presente en esta bebida, se encuentra con las hierbas de la tisana ecol\u00f3gica Remedium n\u00ba 2 &#8211; Boost: el resultado es una bebida fermentada a base de hierbas, excelente para un [&hellip;]<\/p>\n","protected":false},"featured_media":37128,"template":"","meta":{"_acf_changed":false,"inline_featured_image":false,"_mbp_gutenberg_autopost":false},"product_brand":[],"product_cat":[658,659],"product_tag":[],"partner":[524],"line":[],"class_list":{"0":"post-28751","1":"product","2":"type-product","3":"status-publish","4":"has-post-thumbnail","6":"product_cat-bebidas","7":"product_cat-frecc-es","8":"partner-estano-fermentos-y-mezclas","10":"first","11":"instock","12":"taxable","13":"shipping-taxable","14":"purchasable","15":"product-type-simple"},"bundle_layout":"","bundled_by":[],"bundled_items":[],"acf":[],"_links":{"self":[{"href":"https:\/\/wildenherbals.com\/es\/wp-json\/wp\/v2\/product\/28751","targetHints":{"allow":["GET"]}}],"collection":[{"href":"https:\/\/wildenherbals.com\/es\/wp-json\/wp\/v2\/product"}],"about":[{"href":"https:\/\/wildenherbals.com\/es\/wp-json\/wp\/v2\/types\/product"}],"wp:featuredmedia":[{"embeddable":true,"href":"https:\/\/wildenherbals.com\/es\/wp-json\/wp\/v2\/media\/37128"}],"wp:attachment":[{"href":"https:\/\/wildenherbals.com\/es\/wp-json\/wp\/v2\/media?parent=28751"}],"wp:term":[{"taxonomy":"product_brand","embeddable":true,"href":"https:\/\/wildenherbals.com\/es\/wp-json\/wp\/v2\/product_brand?post=28751"},{"taxonomy":"product_cat","embeddable":true,"href":"https:\/\/wildenherbals.com\/es\/wp-json\/wp\/v2\/product_cat?post=28751"},{"taxonomy":"product_tag","embeddable":true,"href":"https:\/\/wildenherbals.com\/es\/wp-json\/wp\/v2\/product_tag?post=28751"},{"taxonomy":"partner","embeddable":true,"href":"https:\/\/wildenherbals.com\/es\/wp-json\/wp\/v2\/partner?post=28751"},{"taxonomy":"line","embeddable":true,"href":"https:\/\/wildenherbals.com\/es\/wp-json\/wp\/v2\/line?post=28751"}],"curies":[{"name":"wp","href":"https:\/\/api.w.org\/{rel}","templated":true}]}}