{"id":28625,"date":"2020-10-26T22:13:29","date_gmt":"2023-07-18T09:06:21","guid":{"rendered":"https:\/\/wildenherbals.com\/shop\/sin%20categor\u00eda\/mezcla-8-remedio-24-sobres\/"},"modified":"2025-05-31T10:19:30","modified_gmt":"2025-05-31T08:19:30","slug":"mix-6-remedium-24-sobres","status":"publish","type":"product","link":"https:\/\/wildenherbals.com\/es\/shop\/caja-de-regalo\/caja-de-mezclas\/mix-6-remedium-24-sobres\/","title":{"rendered":"Mix 9 Remedio &#8211; 27 sobres"},"content":{"rendered":"<p>Remedium, del lat\u00edn \u201cremedio, medicina, ayuda\u201d.<\/p>\n<p>Las Remedia de Wilden son tisanas funcionales creadas para proporcionarte un delicioso apoyo diario en cada ocasi\u00f3n.<\/p>\n<p>Esta l\u00ednea es el resultado de una cuidadosa investigaci\u00f3n, selecci\u00f3n y experimentaci\u00f3n, cuyo objetivo es ofrecer infusiones equilibradas en sabor y sin\u00e9rgicas en efecto.<\/p>\n<p>Las tisanas Remedia de Wilden, combinadas con un estilo de vida sano y una dieta sabrosa, variada y equilibrada, son ideales para cuidarse.<\/p>\n<p>27 bolsitas contenidas en una bolsa de algod\u00f3n de Wilden.herbals, \u00a1perfectas para reutilizarlas despu\u00e9s de consumir las infusiones!<\/p>\n<p>3 Remedio n.\u00ba 0 &#8211; Matutino<br \/>\nn. 3 Remedio n\u00ba 1 &#8211; Noche<br \/>\nn. 3 Remedio n\u00ba 2 &#8211; Estimulante<br \/>\nn. 3 Remedio n\u00ba 3 &#8211; Digestivo<br \/>\nn. 3 Remedio n\u00ba 4 &#8211; Resaca<br \/>\nn. 3 Remedio n\u00ba 5 &#8211; Concentraci\u00f3n<br \/>\nno. 3 Remedio n.\u00ba 6 &#8211; Relajaci\u00f3n<br \/>\nn.\u00ba 3 Remedio n.\u00ba 7 &#8211; Desintoxicaci\u00f3n<br \/>\nn.\u00ba 3 Remedio n.\u00ba 8 &#8211; Renacimiento         <\/p>\n<p>Al comprar nuestras infusiones, recibir\u00e1s de regalo nuestra pr\u00e1ctica y elegante bolsa de algod\u00f3n. Reutilizable y perfecta como paquete de regalo, es un peque\u00f1o gesto pensado para que tus momentos de relajaci\u00f3n sean a\u00fan m\u00e1s especiales. <\/p>\n","protected":false},"excerpt":{"rendered":"<p>Remedium, del lat\u00edn \u201cremedio, medicina, ayuda\u201d. Las Remedia de Wilden son tisanas funcionales creadas para proporcionarte un delicioso apoyo diario en cada ocasi\u00f3n. Esta l\u00ednea es el resultado de una cuidadosa investigaci\u00f3n, selecci\u00f3n y experimentaci\u00f3n, cuyo objetivo es ofrecer infusiones equilibradas en sabor y sin\u00e9rgicas en efecto. Las tisanas Remedia de Wilden, combinadas con un [&hellip;]<\/p>\n","protected":false},"featured_media":24966,"template":"","meta":{"_acf_changed":false,"inline_featured_image":false,"_mbp_gutenberg_autopost":false},"product_brand":[],"product_cat":[626,601],"product_tag":[],"partner":[],"line":[],"class_list":{"0":"post-28625","1":"product","2":"type-product","3":"status-publish","4":"has-post-thumbnail","6":"product_cat-caja-de-mezclas","7":"product_cat-mezcla","9":"first","10":"instock","11":"taxable","12":"shipping-taxable","13":"purchasable","14":"product-type-simple"},"bundle_layout":"","bundled_by":["28837","27842","27894","27901","27827"],"bundled_items":[],"acf":[],"_links":{"self":[{"href":"https:\/\/wildenherbals.com\/es\/wp-json\/wp\/v2\/product\/28625","targetHints":{"allow":["GET"]}}],"collection":[{"href":"https:\/\/wildenherbals.com\/es\/wp-json\/wp\/v2\/product"}],"about":[{"href":"https:\/\/wildenherbals.com\/es\/wp-json\/wp\/v2\/types\/product"}],"wp:featuredmedia":[{"embeddable":true,"href":"https:\/\/wildenherbals.com\/es\/wp-json\/wp\/v2\/media\/24966"}],"wp:attachment":[{"href":"https:\/\/wildenherbals.com\/es\/wp-json\/wp\/v2\/media?parent=28625"}],"wp:term":[{"taxonomy":"product_brand","embeddable":true,"href":"https:\/\/wildenherbals.com\/es\/wp-json\/wp\/v2\/product_brand?post=28625"},{"taxonomy":"product_cat","embeddable":true,"href":"https:\/\/wildenherbals.com\/es\/wp-json\/wp\/v2\/product_cat?post=28625"},{"taxonomy":"product_tag","embeddable":true,"href":"https:\/\/wildenherbals.com\/es\/wp-json\/wp\/v2\/product_tag?post=28625"},{"taxonomy":"partner","embeddable":true,"href":"https:\/\/wildenherbals.com\/es\/wp-json\/wp\/v2\/partner?post=28625"},{"taxonomy":"line","embeddable":true,"href":"https:\/\/wildenherbals.com\/es\/wp-json\/wp\/v2\/line?post=28625"}],"curies":[{"name":"wp","href":"https:\/\/api.w.org\/{rel}","templated":true}]}}