{"id":28620,"date":"2020-10-30T18:23:12","date_gmt":"2020-10-30T17:23:12","guid":{"rendered":"https:\/\/wildenherbals.com\/?post_type=product&#038;p=28620"},"modified":"2025-09-29T09:37:44","modified_gmt":"2025-09-29T07:37:44","slug":"mielithun-vinagre","status":"publish","type":"product","link":"https:\/\/wildenherbals.com\/es\/shop\/almacenamiento-de-alimentos\/otro\/mielithun-vinagre\/","title":{"rendered":"Vinagre de Miel de Abeto (375 ml)"},"content":{"rendered":"<p>El Vinagre de Miel de Abeto se elabora con la miel oscura de la planta del mismo nombre. Tiene un sabor con cuerpo, malteado y con claros toques de miel de abeja. Su acidez del 6,20% est\u00e1 equilibrada por 140 g\/lt de az\u00facar residual. El dulzor es apenas perceptible y suficiente para dar redondez al producto, que sigue siendo un vinagre \u00e1cido.   <\/p>\n<p>El vinagre de miel se obtiene por oxidaci\u00f3n lenta del hidromiel expuesto al aire en barricas de roble de tercer paso. En este proceso primitivo, la fracci\u00f3n alcoh\u00f3lica se transforma en \u00e1cido ac\u00e9tico y los componentes organol\u00e9pticos proceden de la miel utilizada. Agua de manantial alpino y miel, \u00e9stos son los \u00fanicos ingredientes tan esenciales como la miel.   <\/p>\n<p>Envase: 375 ml<\/p>\n","protected":false},"excerpt":{"rendered":"<p>El vinagre de miel de abeto se elabora con la miel oscura del abeto del mismo nombre. Tiene un sabor con cuerpo, malteado y con claros toques de miel de abeto. Su acidez del 6,20% est\u00e1 equilibrada por 140 g\/lt de az\u00facar residual. El dulzor apenas perceptible es suficiente para dar redondez al producto, que sigue siendo un vinagre \u00e1cido.   <\/p>\n","protected":false},"featured_media":24495,"template":"","meta":{"_acf_changed":false,"inline_featured_image":false,"_mbp_gutenberg_autopost":false},"product_brand":[],"product_cat":[595,685],"product_tag":[],"partner":[525],"line":[],"class_list":{"0":"post-28620","1":"product","2":"type-product","3":"status-publish","4":"has-post-thumbnail","6":"product_cat-almacenamiento-de-alimentos","7":"product_cat-otro","8":"partner-mieles-thun","10":"first","11":"outofstock","12":"taxable","13":"shipping-taxable","14":"purchasable","15":"product-type-simple"},"bundle_layout":"","bundled_by":[],"bundled_items":[],"acf":[],"_links":{"self":[{"href":"https:\/\/wildenherbals.com\/es\/wp-json\/wp\/v2\/product\/28620","targetHints":{"allow":["GET"]}}],"collection":[{"href":"https:\/\/wildenherbals.com\/es\/wp-json\/wp\/v2\/product"}],"about":[{"href":"https:\/\/wildenherbals.com\/es\/wp-json\/wp\/v2\/types\/product"}],"wp:featuredmedia":[{"embeddable":true,"href":"https:\/\/wildenherbals.com\/es\/wp-json\/wp\/v2\/media\/24495"}],"wp:attachment":[{"href":"https:\/\/wildenherbals.com\/es\/wp-json\/wp\/v2\/media?parent=28620"}],"wp:term":[{"taxonomy":"product_brand","embeddable":true,"href":"https:\/\/wildenherbals.com\/es\/wp-json\/wp\/v2\/product_brand?post=28620"},{"taxonomy":"product_cat","embeddable":true,"href":"https:\/\/wildenherbals.com\/es\/wp-json\/wp\/v2\/product_cat?post=28620"},{"taxonomy":"product_tag","embeddable":true,"href":"https:\/\/wildenherbals.com\/es\/wp-json\/wp\/v2\/product_tag?post=28620"},{"taxonomy":"partner","embeddable":true,"href":"https:\/\/wildenherbals.com\/es\/wp-json\/wp\/v2\/partner?post=28620"},{"taxonomy":"line","embeddable":true,"href":"https:\/\/wildenherbals.com\/es\/wp-json\/wp\/v2\/line?post=28620"}],"curies":[{"name":"wp","href":"https:\/\/api.w.org\/{rel}","templated":true}]}}