{"id":28617,"date":"2021-03-19T10:45:23","date_gmt":"2023-07-18T09:06:14","guid":{"rendered":"https:\/\/wildenherbals.com\/shop\/sin%20categor\u00eda\/el-sabor-de-la-madera\/"},"modified":"2025-05-31T10:01:24","modified_gmt":"2025-05-31T08:01:24","slug":"el-sabor-de-la-madera","status":"publish","type":"product","link":"https:\/\/wildenherbals.com\/es\/shop\/almacenamiento-de-alimentos\/el-sabor-de-la-madera\/","title":{"rendered":"El sabor de la madera"},"content":{"rendered":"<p>Este texto es una peque\u00f1a gu\u00eda para los amantes de los sabores naturales, genuinos y extremos. Est\u00e1 escrito por Artur Cisar-Erlach, ecologista, ebanista y experto en comunicaci\u00f3n alimentaria. Artur es un universo en constante expansi\u00f3n, que decidi\u00f3 partir de la madera para contar su idea de la alimentaci\u00f3n. \u201cEl sabor de la Madera\u201d es un texto que gu\u00eda al lector a descubrir los sabores salvajes de la madera ocultos en cada alimento, partiendo de un elemento esencial de toda revoluci\u00f3n cultural: la educaci\u00f3n.   <\/p>\n","protected":false},"excerpt":{"rendered":"<p>Redescubrir el sabor de la madera, aprender a apreciarla y reconocerla en los alimentos que comemos habitualmente. Una gu\u00eda de Artur Cisar-Erlach. <\/p>\n","protected":false},"featured_media":24658,"template":"","meta":{"_acf_changed":false,"inline_featured_image":false,"_mbp_gutenberg_autopost":false},"product_brand":[],"product_cat":[595,685],"product_tag":[],"partner":[528],"line":[],"class_list":{"0":"post-28617","1":"product","2":"type-product","3":"status-publish","4":"has-post-thumbnail","6":"product_cat-almacenamiento-de-alimentos","7":"product_cat-otro","8":"partner-artur-cisar-erlach-es","10":"first","11":"instock","12":"taxable","13":"shipping-taxable","14":"purchasable","15":"product-type-simple"},"bundle_layout":"","bundled_by":[],"bundled_items":[],"acf":[],"_links":{"self":[{"href":"https:\/\/wildenherbals.com\/es\/wp-json\/wp\/v2\/product\/28617","targetHints":{"allow":["GET"]}}],"collection":[{"href":"https:\/\/wildenherbals.com\/es\/wp-json\/wp\/v2\/product"}],"about":[{"href":"https:\/\/wildenherbals.com\/es\/wp-json\/wp\/v2\/types\/product"}],"wp:featuredmedia":[{"embeddable":true,"href":"https:\/\/wildenherbals.com\/es\/wp-json\/wp\/v2\/media\/24658"}],"wp:attachment":[{"href":"https:\/\/wildenherbals.com\/es\/wp-json\/wp\/v2\/media?parent=28617"}],"wp:term":[{"taxonomy":"product_brand","embeddable":true,"href":"https:\/\/wildenherbals.com\/es\/wp-json\/wp\/v2\/product_brand?post=28617"},{"taxonomy":"product_cat","embeddable":true,"href":"https:\/\/wildenherbals.com\/es\/wp-json\/wp\/v2\/product_cat?post=28617"},{"taxonomy":"product_tag","embeddable":true,"href":"https:\/\/wildenherbals.com\/es\/wp-json\/wp\/v2\/product_tag?post=28617"},{"taxonomy":"partner","embeddable":true,"href":"https:\/\/wildenherbals.com\/es\/wp-json\/wp\/v2\/partner?post=28617"},{"taxonomy":"line","embeddable":true,"href":"https:\/\/wildenherbals.com\/es\/wp-json\/wp\/v2\/line?post=28617"}],"curies":[{"name":"wp","href":"https:\/\/api.w.org\/{rel}","templated":true}]}}