{"id":28007,"date":"2021-11-10T15:22:04","date_gmt":"2023-07-18T09:03:10","guid":{"rendered":"https:\/\/wildenherbals.com\/shop\/sin%20categor\u00eda\/te-de-hierbas-organico-remedium-n-6-%c2%b7-relax-caja-de-10-sobres\/"},"modified":"2025-07-07T17:58:00","modified_gmt":"2025-07-07T15:58:00","slug":"organic-herbal-herbal-remedium-n-6-relax-box-10-sobres","status":"publish","type":"product","link":"https:\/\/wildenherbals.com\/es\/shop\/tes-de-hierbas\/organic-herbal-herbal-remedium-n-6-relax-box-10-sobres\/","title":{"rendered":"Remedium Tisana Ecol\u00f3gica n\u00ba 6 &#8211; Relajaci\u00f3n"},"content":{"rendered":"<p><span style=\"font-weight: 400;\">El Remedio n\u00ba 6 Relax es una tisana ideal para tomarse un respiro y ralentizar el ritmo diario. Con olores arom\u00e1ticos y mediterr\u00e1neos, acompa\u00f1a los momentos de descanso y meditaci\u00f3n gracias a sus propiedades relajantes.  <\/span><b><br \/>\n<\/b><b><br \/>\n<\/b><span style=\"font-weight: 400;\">  En su interior encontrar\u00e1s pasiflora, romero, laurel, enebro, tomillo, lavanda, verbena, hinojo y espino. Relax es nuestra primera infusi\u00f3n con plantas nacidas y criadas \u00edntegramente en el Mediterr\u00e1neo y tiene un sabor delicado y profundo. <\/span><span style=\"font-weight: 400;\"><br \/>\n<\/span><\/p>\n<p>Modo de consumo: cada sobre est\u00e1 dise\u00f1ado para su uso en agua de hasta 500 ml.<\/p>\n<p>Al comprar nuestras infusiones en formato de <em>bolsita de algod\u00f3n de 30 bolsitas<\/em> <strong>, recibir\u00e1s de regalo<\/strong> nuestra pr\u00e1ctica y elegante <strong>bolsita de algod\u00f3n<\/strong>. Reutilizable y perfecta como paquete de regalo, es un peque\u00f1o gesto pensado para que tus momentos de relajaci\u00f3n sean a\u00fan m\u00e1s especiales. <\/p>\n","protected":false},"excerpt":{"rendered":"<p>El Remedio n\u00ba 6 Relax es una tisana ideal para tomarse un respiro y ralentizar el ritmo diario. Con olores arom\u00e1ticos y mediterr\u00e1neos, acompa\u00f1a los momentos de descanso y meditaci\u00f3n gracias a sus propiedades relajantes. En su interior encontrar\u00e1s pasiflora, romero, laurel, enebro, tomillo, lavanda, verbena, hinojo y espino. Relax es nuestra primera infusi\u00f3n con [&hellip;]<\/p>\n","protected":false},"featured_media":24940,"template":"","meta":{"_acf_changed":false,"inline_featured_image":false,"_mbp_gutenberg_autopost":false},"product_brand":[],"product_cat":[536,537],"product_tag":[693,692,691],"partner":[],"line":[690,621],"class_list":{"0":"post-28007","1":"product","2":"type-product","3":"status-publish","4":"has-post-thumbnail","6":"product_cat-tes-de-hierbas","7":"product_cat-en-bolsita","8":"product_tag-calma-es","9":"product_tag-meditativo","10":"product_tag-relajante","11":"line-infusion-ecologica-remedio-n-6--relajacion","12":"line-linea-de-remedio","14":"first","15":"instock","16":"taxable","17":"shipping-taxable","18":"purchasable","19":"product-type-variable"},"bundle_layout":"","bundled_by":["27836","27867","27863","27872"],"bundled_items":[],"acf":[],"_links":{"self":[{"href":"https:\/\/wildenherbals.com\/es\/wp-json\/wp\/v2\/product\/28007","targetHints":{"allow":["GET"]}}],"collection":[{"href":"https:\/\/wildenherbals.com\/es\/wp-json\/wp\/v2\/product"}],"about":[{"href":"https:\/\/wildenherbals.com\/es\/wp-json\/wp\/v2\/types\/product"}],"wp:featuredmedia":[{"embeddable":true,"href":"https:\/\/wildenherbals.com\/es\/wp-json\/wp\/v2\/media\/24940"}],"wp:attachment":[{"href":"https:\/\/wildenherbals.com\/es\/wp-json\/wp\/v2\/media?parent=28007"}],"wp:term":[{"taxonomy":"product_brand","embeddable":true,"href":"https:\/\/wildenherbals.com\/es\/wp-json\/wp\/v2\/product_brand?post=28007"},{"taxonomy":"product_cat","embeddable":true,"href":"https:\/\/wildenherbals.com\/es\/wp-json\/wp\/v2\/product_cat?post=28007"},{"taxonomy":"product_tag","embeddable":true,"href":"https:\/\/wildenherbals.com\/es\/wp-json\/wp\/v2\/product_tag?post=28007"},{"taxonomy":"partner","embeddable":true,"href":"https:\/\/wildenherbals.com\/es\/wp-json\/wp\/v2\/partner?post=28007"},{"taxonomy":"line","embeddable":true,"href":"https:\/\/wildenherbals.com\/es\/wp-json\/wp\/v2\/line?post=28007"}],"curies":[{"name":"wp","href":"https:\/\/api.w.org\/{rel}","templated":true}]}}