{"id":27993,"date":"2021-11-10T15:52:19","date_gmt":"2023-07-18T09:02:12","guid":{"rendered":"https:\/\/wildenherbals.com\/shop\/sin%20categor\u00eda\/te-de-hierbas-organico-remedium-n-7-%c2%b7-detox-caja-de-10-sobres\/"},"modified":"2025-05-31T10:21:10","modified_gmt":"2025-05-31T08:21:10","slug":"organic-herbal-herbal-remedium-n-7-detox-box-10-sobres","status":"publish","type":"product","link":"https:\/\/wildenherbals.com\/es\/shop\/tes-de-hierbas\/organic-herbal-herbal-remedium-n-7-detox-box-10-sobres\/","title":{"rendered":"Remedium Tisana Ecol\u00f3gica n\u00ba 7 &#8211; Detox"},"content":{"rendered":"<p><span style=\"font-weight: 400;\">Remedium n\u00ba 7 Detox es una tisana con propiedades depurativas que ayuda a eliminar las toxinas acumuladas. Una mezcla de plantas medicinales con acci\u00f3n desintoxicante, una verdadera panacea para el organismo.  <\/span><span style=\"font-weight: 400;\"><br \/>\n<\/span><\/p>\n<p><span style=\"font-weight: 400;\">Una mezcla armoniosa y equilibrada de notas amargas y bals\u00e1micas, ligeramente \u00e1cidas y astringentes, con una pizca de dulzor procedente del casta\u00f1o de Indias y las notas picantes pero delicadas del fenogreco y la ortiga, junto con el helicriso, el jengibre y la cola de caballo.<\/span><\/p>\n<p>Modo de consumo: cada sobre est\u00e1 dise\u00f1ado para su uso en agua de hasta 500 ml.<\/p>\n<p>Al comprar nuestras infusiones en formato de <em>bolsita de algod\u00f3n de 30 bolsitas<\/em> <strong>, recibir\u00e1s de regalo<\/strong> nuestra pr\u00e1ctica y elegante <strong>bolsita de algod\u00f3n<\/strong>. Reutilizable y perfecta como paquete de regalo, es un peque\u00f1o gesto pensado para que tus momentos de relajaci\u00f3n sean a\u00fan m\u00e1s especiales. <\/p>\n","protected":false},"excerpt":{"rendered":"<p>Remedium n\u00ba 7 Detox es una tisana con propiedades depurativas que ayuda a eliminar las toxinas acumuladas. Una mezcla de plantas medicinales con acci\u00f3n desintoxicante, una verdadera panacea para el organismo. Una mezcla armoniosa y equilibrada de notas amargas y bals\u00e1micas, ligeramente \u00e1cidas y astringentes, con una pizca de dulzor procedente del casta\u00f1o de Indias [&hellip;]<\/p>\n","protected":false},"featured_media":26049,"template":"","meta":{"_acf_changed":false,"inline_featured_image":false,"_mbp_gutenberg_autopost":false},"product_brand":[],"product_cat":[536,537],"product_tag":[677,644,675],"partner":[],"line":[621,676],"class_list":{"0":"post-27993","1":"product","2":"type-product","3":"status-publish","4":"has-post-thumbnail","6":"product_cat-tes-de-hierbas","7":"product_cat-en-bolsita","8":"product_tag-balsamico","9":"product_tag-purificacion","10":"product_tag-tonico-es","11":"line-linea-de-remedio","12":"line-te-de-hierbas-organico-remedio-n-7--detox","14":"first","15":"instock","16":"taxable","17":"shipping-taxable","18":"purchasable","19":"product-type-variable"},"bundle_layout":"","bundled_by":["27836","27867","27863","27872"],"bundled_items":[],"acf":[],"_links":{"self":[{"href":"https:\/\/wildenherbals.com\/es\/wp-json\/wp\/v2\/product\/27993","targetHints":{"allow":["GET"]}}],"collection":[{"href":"https:\/\/wildenherbals.com\/es\/wp-json\/wp\/v2\/product"}],"about":[{"href":"https:\/\/wildenherbals.com\/es\/wp-json\/wp\/v2\/types\/product"}],"wp:featuredmedia":[{"embeddable":true,"href":"https:\/\/wildenherbals.com\/es\/wp-json\/wp\/v2\/media\/26049"}],"wp:attachment":[{"href":"https:\/\/wildenherbals.com\/es\/wp-json\/wp\/v2\/media?parent=27993"}],"wp:term":[{"taxonomy":"product_brand","embeddable":true,"href":"https:\/\/wildenherbals.com\/es\/wp-json\/wp\/v2\/product_brand?post=27993"},{"taxonomy":"product_cat","embeddable":true,"href":"https:\/\/wildenherbals.com\/es\/wp-json\/wp\/v2\/product_cat?post=27993"},{"taxonomy":"product_tag","embeddable":true,"href":"https:\/\/wildenherbals.com\/es\/wp-json\/wp\/v2\/product_tag?post=27993"},{"taxonomy":"partner","embeddable":true,"href":"https:\/\/wildenherbals.com\/es\/wp-json\/wp\/v2\/partner?post=27993"},{"taxonomy":"line","embeddable":true,"href":"https:\/\/wildenherbals.com\/es\/wp-json\/wp\/v2\/line?post=27993"}],"curies":[{"name":"wp","href":"https:\/\/api.w.org\/{rel}","templated":true}]}}